{"id":162548,"date":"2025-10-02T12:23:02","date_gmt":"2025-10-02T10:23:02","guid":{"rendered":"https:\/\/secureus.se\/?post_type=product&#038;p=162548"},"modified":"2026-04-09T15:43:14","modified_gmt":"2026-04-09T13:43:14","slug":"solpanel-for-sirenguard-pro","status":"publish","type":"product","link":"https:\/\/secureus.se\/fi\/solpanel-for-sirenguard-pro\/","title":{"rendered":"Aurinkopaneeli \u2013 SirenGuard Pro- ja Smart-tuotteille"},"content":{"rendered":"<h2 data-start=\"42\" data-end=\"110\">Aurinkopaneeli \u2013 SirenGuard Prolle ja muille \u00e4lytuotteille<\/h2>\n<p data-start=\"112\" data-end=\"404\">T\u00e4m\u00e4 <strong data-start=\"118\" data-end=\"143\">tehokas aurinkopaneeli<\/strong> on luotettava virtal\u00e4hde, <strong data-start=\"174\" data-end=\"215\"><span class=\"hover:entity-accent entity-underline inline cursor-pointer align-baseline\"><span class=\"whitespace-normal\">SecureX SirenGuard Pro<\/span><\/span><\/strong> ja muita yhteensopivia \u00e4lytuotteita. Paneeli on suunniteltu <strong data-start=\"280\" data-end=\"309\">jatkuva ulkok\u00e4ytt\u00f6<\/strong> ja v\u00e4hent\u00e4\u00e4 paristojen vaihtotarvetta, joten turvaj\u00e4rjestelm\u00e4si on aina aktiivinen \u2013 ymp\u00e4ri vuoden.<\/p>\n<p data-start=\"406\" data-end=\"639\">Kanssa <strong data-start=\"410\" data-end=\"440\">monokiteiset aurinkokennot<\/strong> ja <strong data-start=\"445\" data-end=\"463\">PET-laminointi<\/strong> Paneeli tarjoaa korkean hy\u00f6tysuhteen my\u00f6s osittain varjostetussa tilassa. <strong data-start=\"531\" data-end=\"564\">s\u00e4\u00e4nkest\u00e4v\u00e4 ABS+PC-kotelo<\/strong> kest\u00e4\u00e4 ankaria ilmastoja, ja se <strong data-start=\"591\" data-end=\"615\">3 metri\u00e4 pitk\u00e4 kaapeli<\/strong> tarjoaa joustavan sijoittelun.<\/p>\n<hr data-start=\"641\" data-end=\"644\" \/>\n<h3 data-start=\"646\" data-end=\"665\">P\u00e4\u00e4toiminnot<\/h3>\n<ul data-start=\"666\" data-end=\"1017\">\n<li data-start=\"666\" data-end=\"750\">\n<p data-start=\"668\" data-end=\"750\"><strong data-start=\"668\" data-end=\"686\">Autonominen toiminta:<\/strong> Lataa ulkosireenej\u00e4 ja \u00e4lylaitteita suoraan aurinkoenergialla<\/p>\n<\/li>\n<li data-start=\"751\" data-end=\"815\">\n<p data-start=\"753\" data-end=\"815\"><strong data-start=\"753\" data-end=\"774\">Korkea hy\u00f6tysuhde:<\/strong> Monokiteinen pii + PET-laminointi<\/p>\n<\/li>\n<li data-start=\"816\" data-end=\"873\">\n<p data-start=\"818\" data-end=\"873\"><strong data-start=\"818\" data-end=\"842\">Tukeva rakenne:<\/strong> S\u00e4\u00e4nkest\u00e4v\u00e4 ABS+PC-kotelo<\/p>\n<\/li>\n<li data-start=\"874\" data-end=\"949\">\n<p data-start=\"876\" data-end=\"949\"><strong data-start=\"876\" data-end=\"902\">Joustava asennus:<\/strong> Jalusta- ja ruuvisarja sein\u00e4lle, kattoon tai maahan kiinnitett\u00e4v\u00e4ksi<\/p>\n<\/li>\n<li data-start=\"950\" data-end=\"1017\">\n<p data-start=\"952\" data-end=\"1017\"><strong data-start=\"952\" data-end=\"972\">Pitk\u00e4 kaapelin pituus:<\/strong> 3 m helppoon sijoitteluun optimaaliseen aurinkoasentoon<\/p>\n<\/li>\n<\/ul>\n<hr data-start=\"1019\" data-end=\"1022\" \/>\n<h3 data-start=\"1024\" data-end=\"1042\">Yhteensopivuus<\/h3>\n<ul data-start=\"1043\" data-end=\"1232\">\n<li data-start=\"1043\" data-end=\"1086\">\n<p data-start=\"1045\" data-end=\"1086\"><strong data-start=\"1045\" data-end=\"1071\">SecureX SirenGuard Pro<\/strong> ulkosireeni<\/p>\n<\/li>\n<li data-start=\"1087\" data-end=\"1156\">\n<p data-start=\"1089\" data-end=\"1156\">Muita \u00e4lykotituotteita, joissa on <strong data-start=\"1120\" data-end=\"1154\">5 V:n latausliit\u00e4nt\u00e4 (U-tyyppi)<\/strong><\/p>\n<\/li>\n<li data-start=\"1157\" data-end=\"1232\">\n<p data-start=\"1159\" data-end=\"1232\">T\u00e4ydellinen <strong data-start=\"1171\" data-end=\"1207\">kes\u00e4m\u00f6kit, autotallit, puutarhat<\/strong> ja paikkoja, joissa ei ole kiinte\u00e4\u00e4 s\u00e4hk\u00f6\u00e4<\/p>\n<\/li>\n<\/ul>\n<hr data-start=\"1234\" data-end=\"1237\" \/>\n<h3 data-start=\"1239\" data-end=\"1251\">Edut<\/h3>\n<ul data-start=\"1252\" data-end=\"1500\">\n<li data-start=\"1252\" data-end=\"1313\">\n<p data-start=\"1254\" data-end=\"1313\"><strong data-start=\"1254\" data-end=\"1270\">Ymp\u00e4rist\u00f6yst\u00e4v\u00e4llinen:<\/strong> Uusiutuvaa energiaa, jolla on pienemm\u00e4t ilmastovaikutukset<\/p>\n<\/li>\n<li data-start=\"1314\" data-end=\"1383\">\n<p data-start=\"1316\" data-end=\"1383\"><strong data-start=\"1316\" data-end=\"1337\">Kustannustehokas:<\/strong> Ei k\u00e4ytt\u00f6s\u00e4hk\u00f6kustannuksia ulkoyksik\u00f6ille<\/p>\n<\/li>\n<li data-start=\"1384\" data-end=\"1442\">\n<p data-start=\"1386\" data-end=\"1442\"><strong data-start=\"1386\" data-end=\"1399\">Luotettava:<\/strong> Toimii my\u00f6s osittain varjossa<\/p>\n<\/li>\n<li data-start=\"1443\" data-end=\"1500\">\n<p data-start=\"1445\" data-end=\"1500\"><strong data-start=\"1445\" data-end=\"1463\">Huoltovapaa:<\/strong> Ei liikkuvia osia, pitk\u00e4 k\u00e4ytt\u00f6ik\u00e4<\/p>\n<\/li>\n<\/ul>\n<hr data-start=\"1502\" data-end=\"1505\" \/>\n<h2 data-start=\"1507\" data-end=\"1531\">Aurinkopaneelin tekniset tiedot \u2013 SirenGuard Prolle.<\/h2>\n<ul data-start=\"1532\" data-end=\"1829\">\n<li data-start=\"1532\" data-end=\"1578\">\n<p data-start=\"1534\" data-end=\"1578\"><strong data-start=\"1534\" data-end=\"1554\">Aurinkokennojen materiaali:<\/strong> Monokiteinen pii<\/p>\n<\/li>\n<li data-start=\"1579\" data-end=\"1609\">\n<p data-start=\"1581\" data-end=\"1609\"><strong data-start=\"1581\" data-end=\"1597\">Paneelin vaikutus:<\/strong> 4W \/ 6V<\/p>\n<\/li>\n<li data-start=\"1610\" data-end=\"1637\">\n<p data-start=\"1612\" data-end=\"1637\"><strong data-start=\"1612\" data-end=\"1631\">K\u00e4ytt\u00f6j\u00e4nnite:<\/strong> 5V<\/p>\n<\/li>\n<li data-start=\"1638\" data-end=\"1665\">\n<p data-start=\"1640\" data-end=\"1665\"><strong data-start=\"1640\" data-end=\"1656\">Suurin l\u00e4ht\u00f6virta:<\/strong> 580 mA<\/p>\n<\/li>\n<li data-start=\"1666\" data-end=\"1707\">\n<p data-start=\"1668\" data-end=\"1707\"><strong data-start=\"1668\" data-end=\"1690\">Tuotantotekniikka:<\/strong> PET-laminointi<\/p>\n<\/li>\n<li data-start=\"1708\" data-end=\"1731\">\n<p data-start=\"1710\" data-end=\"1731\"><strong data-start=\"1710\" data-end=\"1720\">Kansi:<\/strong> ABS + PC<\/p>\n<\/li>\n<li data-start=\"1732\" data-end=\"1766\">\n<p data-start=\"1734\" data-end=\"1766\"><strong data-start=\"1734\" data-end=\"1758\">Latausliit\u00e4nt\u00e4:<\/strong> U-tyyppi<\/p>\n<\/li>\n<li data-start=\"1767\" data-end=\"1790\">\n<p data-start=\"1769\" data-end=\"1790\"><strong data-start=\"1769\" data-end=\"1784\">Kaapelin pituus:<\/strong> 3 metri\u00e4<\/p>\n<\/li>\n<li data-start=\"1791\" data-end=\"1829\">\n<p data-start=\"1793\" data-end=\"1829\"><strong data-start=\"1793\" data-end=\"1809\">Tuotteen mitat:<\/strong> 175 \u00d7 120 \u00d7 15 mm<\/p>\n<\/li>\n<\/ul>\n<hr data-start=\"1831\" data-end=\"1834\" \/>\n<h2 data-start=\"1836\" data-end=\"1868\">Toimituksen sis\u00e4lt\u00f6 (osaluettelo)<\/h2>\n<ul data-start=\"1869\" data-end=\"1934\">\n<li data-start=\"1869\" data-end=\"1891\">\n<p data-start=\"1871\" data-end=\"1891\">Aurinkopaneeli: <strong data-start=\"1881\" data-end=\"1889\">1 kpl<\/strong><\/p>\n<\/li>\n<li data-start=\"1892\" data-end=\"1912\">\n<p data-start=\"1894\" data-end=\"1912\">Jalusta: <strong data-start=\"1902\" data-end=\"1910\">1 kpl<\/strong><\/p>\n<\/li>\n<li data-start=\"1913\" data-end=\"1934\">\n<p data-start=\"1915\" data-end=\"1934\">Ruuvisarja: <strong data-start=\"1925\" data-end=\"1934\">1 sarja<\/strong><\/p>\n<\/li>\n<\/ul>\n<p data-start=\"1936\" data-end=\"1975\"><strong data-start=\"1936\" data-end=\"1957\">Pakkauksen mitat:<\/strong> 198 \u00d7 128 \u00d7 62 mm<\/p>","protected":false},"excerpt":{"rendered":"<p>Tehokas aurinkopaneeli SecureX SirenGuard Prolle ja muille 5 V:n laitteille.<\/p>\n<p>Monokiteinen kenno, s\u00e4\u00e4nkest\u00e4v\u00e4 rakenne ja joustava kiinnitys.<\/p>\n<p>Mukana 3 metrin kaapeli.<\/p>","protected":false},"featured_media":162543,"template":"","meta":{"_acf_changed":false},"product_brand":[],"product_cat":[5064,5065],"product_tag":[],"class_list":{"0":"post-162548","1":"product","2":"type-product","3":"status-publish","4":"has-post-thumbnail","6":"product_cat-securex-sirener","7":"product_cat-securex-tillbehor","8":"pa_brands-securex","9":"tm-no-options","11":"first","12":"instock","13":"sale","14":"taxable","15":"shipping-taxable","16":"purchasable","17":"product-type-simple"},"acf":[],"_links":{"self":[{"href":"https:\/\/secureus.se\/fi\/wp-json\/wp\/v2\/product\/162548","targetHints":{"allow":["GET"]}}],"collection":[{"href":"https:\/\/secureus.se\/fi\/wp-json\/wp\/v2\/product"}],"about":[{"href":"https:\/\/secureus.se\/fi\/wp-json\/wp\/v2\/types\/product"}],"wp:featuredmedia":[{"embeddable":true,"href":"https:\/\/secureus.se\/fi\/wp-json\/wp\/v2\/media\/162543"}],"wp:attachment":[{"href":"https:\/\/secureus.se\/fi\/wp-json\/wp\/v2\/media?parent=162548"}],"wp:term":[{"taxonomy":"product_brand","embeddable":true,"href":"https:\/\/secureus.se\/fi\/wp-json\/wp\/v2\/product_brand?post=162548"},{"taxonomy":"product_cat","embeddable":true,"href":"https:\/\/secureus.se\/fi\/wp-json\/wp\/v2\/product_cat?post=162548"},{"taxonomy":"product_tag","embeddable":true,"href":"https:\/\/secureus.se\/fi\/wp-json\/wp\/v2\/product_tag?post=162548"}],"curies":[{"name":"wp","href":"https:\/\/api.w.org\/{rel}","templated":true}]}}