{"id":162570,"date":"2025-09-15T11:16:44","date_gmt":"2025-09-15T09:16:44","guid":{"rendered":"https:\/\/secureus.se\/?post_type=product&#038;p=162570"},"modified":"2026-04-09T15:42:47","modified_gmt":"2026-04-09T13:42:47","slug":"securex-vibrasense","status":"publish","type":"product","link":"https:\/\/secureus.se\/fi\/securex-vibrasense\/","title":{"rendered":"SecureX VibraSense \u2013 T\u00e4rin\u00e4tunnistin, jossa on sis\u00e4\u00e4nrakennettu h\u00e4t\u00e4h\u00e4lytys (SOS)"},"content":{"rendered":"<h2 data-start=\"195\" data-end=\"261\">SecureX VibraSense \u2013 t\u00e4rin\u00e4anturi, jossa on sis\u00e4\u00e4nrakennettu h\u00e4t\u00e4h\u00e4lytys (SOS)<\/h2>\n<p data-start=\"263\" data-end=\"583\">SecureX VibraSense on <strong data-start=\"288\" data-end=\"329\">herkk\u00e4 ja luotettava t\u00e4rin\u00e4anturi<\/strong> joka suojaa ovia, ikkunoita, lasipintoja ja muita herkki\u00e4 esineit\u00e4 murroilta ja manipuloinnilta. Anturi reagoi suoraan iskuihin, poraamiseen ja murtoyrityksiin ja l\u00e4hett\u00e4\u00e4 h\u00e4lytyksen v\u00e4litt\u00f6m\u00e4sti <strong data-start=\"513\" data-end=\"531\">SecureX-keskus<\/strong>, joka k\u00e4sittelee h\u00e4lytykset ja ilmoitukset keskitetysti j\u00e4rjestelm\u00e4ss\u00e4.<\/p>\n<p data-start=\"585\" data-end=\"722\">Kaikki tapahtumat n\u00e4ytet\u00e4\u00e4n kohdassa <strong data-start=\"608\" data-end=\"634\">Stonehouse Smart -sovellus<\/strong>, jossa saat reaaliaikaisia push-ilmoituksia ja t\u00e4yden hallinnan tietoturvasta \u2013 suoraan mobiililaitteellasi.<\/p>\n<hr data-start=\"724\" data-end=\"727\" \/>\n<h3 data-start=\"729\" data-end=\"777\">Tehokas suoja manipulointia ja murtoa vastaan<\/h3>\n<p data-start=\"778\" data-end=\"981\">VibraSense on suunniteltu havaitsemaan tunkeutumisyritykset jo ennen oven, ikkunan tai lasiruudun avaamista. Edistynyt t\u00e4rin\u00e4ntunnistus tekee anturista erityisen tehokkaan suojan seuraavilta:<\/p>\n<ul data-start=\"982\" data-end=\"1043\">\n<li data-start=\"982\" data-end=\"1015\">\n<p data-start=\"984\" data-end=\"1015\">iskut ja voimakkaat t\u00e4rin\u00e4t<\/p>\n<\/li>\n<li data-start=\"1016\" data-end=\"1028\">\n<p data-start=\"1018\" data-end=\"1028\">poraus<\/p>\n<\/li>\n<li data-start=\"1029\" data-end=\"1043\">\n<p data-start=\"1031\" data-end=\"1043\">murtoyritys<\/p>\n<\/li>\n<\/ul>\n<p data-start=\"1045\" data-end=\"1122\">T\u00e4m\u00e4 tarjoaa ylim\u00e4\u00e4r\u00e4isen suojauskerroksen perinteisiin magneettikontakteihin verrattuna.<\/p>\n<hr data-start=\"1124\" data-end=\"1127\" \/>\n<h3 data-start=\"1129\" data-end=\"1182\">Sis\u00e4\u00e4nrakennettu SOS-painike \u2013 lis\u00e4turvaa tarvittaessa<\/h3>\n<p data-start=\"1183\" data-end=\"1341\">Murtosuojauksen lis\u00e4ksi SecureX VibraSense sis\u00e4lt\u00e4\u00e4 <strong data-start=\"1230\" data-end=\"1251\">sis\u00e4\u00e4nrakennettu SOS-painike<\/strong> jota voidaan k\u00e4ytt\u00e4\u00e4 h\u00e4t\u00e4h\u00e4lytyksen\u00e4. Yksinkertaisella painalluksella h\u00e4lytys l\u00e4hetet\u00e4\u00e4n SecureX-j\u00e4rjestelm\u00e4n kautta.<\/p>\n<p data-start=\"1343\" data-end=\"1374\">SOS-toiminto sopii erinomaisesti:<\/p>\n<ul data-start=\"1375\" data-end=\"1497\">\n<li data-start=\"1375\" data-end=\"1393\">\n<p data-start=\"1377\" data-end=\"1393\">vanhukset<\/p>\n<\/li>\n<li data-start=\"1394\" data-end=\"1429\">\n<p data-start=\"1396\" data-end=\"1429\">kodit, jotka tarvitsevat lis\u00e4turvaa<\/p>\n<\/li>\n<li data-start=\"1430\" data-end=\"1458\">\n<p data-start=\"1432\" data-end=\"1458\">terveydenhuollon ja sosiaalihuollon ymp\u00e4rist\u00f6iss\u00e4<\/p>\n<\/li>\n<li data-start=\"1459\" data-end=\"1497\">\n<p data-start=\"1461\" data-end=\"1497\">tilanteita, joissa tarvitaan nopeaa apua<\/p>\n<\/li>\n<\/ul>\n<p data-start=\"1499\" data-end=\"1559\">Kirkas LED-merkkivalo vahvistaa, ett\u00e4 h\u00e4lytys on aktivoitu.<\/p>\n<hr data-start=\"1561\" data-end=\"1564\" \/>\n<h3 data-start=\"1566\" data-end=\"1606\">Helppo asennus ja pitk\u00e4 akunkesto<\/h3>\n<p data-start=\"1607\" data-end=\"1842\">VibraSense asennetaan nopeasti ja helposti mukana tulevalla kaksipuolisella teipill\u00e4 \u2013 ilman johdotusta. Anturi saa virtansa <strong data-start=\"1725\" data-end=\"1748\">1 \u00d7 A23 12 V:n akku<\/strong> ja sen virrankulutus on alhainen, mik\u00e4 tarjoaa jopa <strong data-start=\"1799\" data-end=\"1819\">2 vuoden valmiusaika<\/strong> normaalin k\u00e4yt\u00f6n aikana.<\/p>\n<hr data-start=\"1844\" data-end=\"1847\" \/>\n<h3 data-start=\"1849\" data-end=\"1879\">Osa SecureX-j\u00e4rjestelm\u00e4\u00e4<\/h3>\n<p data-start=\"1880\" data-end=\"1974\">SecureX VibraSense on SecureX:n anturi, jota k\u00e4ytet\u00e4\u00e4n aina yhdess\u00e4 SecureX-keskittimen kanssa.<\/p>\n<ul data-start=\"1976\" data-end=\"2160\">\n<li data-start=\"1976\" data-end=\"2015\">\n<p data-start=\"1978\" data-end=\"2015\">Anturi yhdistet\u00e4\u00e4n SecureX-keskittimeen<\/p>\n<\/li>\n<li data-start=\"2016\" data-end=\"2056\">\n<p data-start=\"2018\" data-end=\"2056\">H\u00e4lytyksi\u00e4 ja ilmoituksia hallitaan keskuksen kautta<\/p>\n<\/li>\n<li data-start=\"2057\" data-end=\"2119\">\n<p data-start=\"2059\" data-end=\"2119\">Yhteensopivuus <strong data-start=\"2078\" data-end=\"2117\">Tuya ja Smart Life hoidetaan Hubin kautta<\/strong><\/p>\n<\/li>\n<li data-start=\"2120\" data-end=\"2160\">\n<p data-start=\"2122\" data-end=\"2160\">Anturia ei voi k\u00e4ytt\u00e4\u00e4 itsen\u00e4isesti<\/p>\n<\/li>\n<\/ul>\n<p data-start=\"2162\" data-end=\"2215\">T\u00e4m\u00e4 koskee t\u00e4t\u00e4 tuotetta ja kaikkia SecureX-antureita.<\/p>\n<hr data-start=\"2217\" data-end=\"2220\" \/>\n<h3 data-start=\"2222\" data-end=\"2244\">Edut lyhyesti<\/h3>\n<ul data-start=\"2245\" data-end=\"2574\">\n<li data-start=\"2245\" data-end=\"2288\">\n<p data-start=\"2247\" data-end=\"2288\">Herkk\u00e4 ja tarkka t\u00e4rin\u00e4ntunnistus<\/p>\n<\/li>\n<li data-start=\"2289\" data-end=\"2332\">\n<p data-start=\"2291\" data-end=\"2332\">Suojaus iskuja, porausta ja murtoyrityksi\u00e4 vastaan<\/p>\n<\/li>\n<li data-start=\"2333\" data-end=\"2366\">\n<p data-start=\"2335\" data-end=\"2366\">Sis\u00e4\u00e4nrakennettu SOS-painike h\u00e4t\u00e4h\u00e4lytyst\u00e4 varten<\/p>\n<\/li>\n<li data-start=\"2367\" data-end=\"2406\">\n<p data-start=\"2369\" data-end=\"2406\">Selke\u00e4 LED-merkkivalo h\u00e4lytystilalle<\/p>\n<\/li>\n<li data-start=\"2407\" data-end=\"2446\">\n<p data-start=\"2409\" data-end=\"2446\">T\u00e4ysi integrointi SecureX-keskuksen kautta<\/p>\n<\/li>\n<li data-start=\"2447\" data-end=\"2487\">\n<p data-start=\"2449\" data-end=\"2487\">Push-ilmoitukset Stonehouse Smart -sovelluksessa<\/p>\n<\/li>\n<li data-start=\"2488\" data-end=\"2529\">\n<p data-start=\"2490\" data-end=\"2529\">Helppo asennus ilman johdotusta<\/p>\n<\/li>\n<li data-start=\"2530\" data-end=\"2574\">\n<p data-start=\"2532\" data-end=\"2574\">Alhainen virrankulutus ja pitk\u00e4 akunkesto<\/p>\n<\/li>\n<\/ul>\n<hr data-start=\"2576\" data-end=\"2579\" \/>\n<h3 data-start=\"2581\" data-end=\"2611\">Tyypillisi\u00e4 k\u00e4ytt\u00f6tarkoituksia<\/h3>\n<ul data-start=\"2612\" data-end=\"2737\">\n<li data-start=\"2612\" data-end=\"2634\">\n<p data-start=\"2614\" data-end=\"2634\">Ovet ja ikkunat<\/p>\n<\/li>\n<li data-start=\"2635\" data-end=\"2664\">\n<p data-start=\"2637\" data-end=\"2664\">Lasipinnat ja n\u00e4yteikkunat<\/p>\n<\/li>\n<li data-start=\"2665\" data-end=\"2697\">\n<p data-start=\"2667\" data-end=\"2697\">Kassakaapit, varastotilat ja autotallit<\/p>\n<\/li>\n<li data-start=\"2698\" data-end=\"2737\">\n<p data-start=\"2700\" data-end=\"2737\">Lis\u00e4h\u00e4lyttimet kodeissa ja terveydenhuollon ymp\u00e4rist\u00f6iss\u00e4<\/p>\n<\/li>\n<\/ul>\n<hr data-start=\"2739\" data-end=\"2742\" \/>\n<h3 data-start=\"2744\" data-end=\"2769\">Tekniset tiedot<\/h3>\n<ul data-start=\"2770\" data-end=\"3049\">\n<li data-start=\"2770\" data-end=\"2794\">\n<p data-start=\"2772\" data-end=\"2794\">Akku: A23 12V \u00d7 1<\/p>\n<\/li>\n<li data-start=\"2795\" data-end=\"2819\">\n<p data-start=\"2797\" data-end=\"2819\">Valmiustilan virta: &lt;10 mA<\/p>\n<\/li>\n<li data-start=\"2820\" data-end=\"2841\">\n<p data-start=\"2822\" data-end=\"2841\">H\u00e4lytysvirta: \u226420 mA<\/p>\n<\/li>\n<li data-start=\"2842\" data-end=\"2896\">\n<p data-start=\"2844\" data-end=\"2896\">Tiedonsiirto: 433 MHz (EV1527), koodattu SecureX:lle<\/p>\n<\/li>\n<li data-start=\"2897\" data-end=\"2928\">\n<p data-start=\"2899\" data-end=\"2928\">Kantama: \u2265100 m (n\u00e4k\u00f6yhteys)<\/p>\n<\/li>\n<li data-start=\"2929\" data-end=\"2969\">\n<p data-start=\"2931\" data-end=\"2969\">K\u00e4ytt\u00f6l\u00e4mp\u00f6tila: \u221210 \u00b0C - +50 \u00b0C<\/p>\n<\/li>\n<li data-start=\"2970\" data-end=\"3023\">\n<p data-start=\"2972\" data-end=\"3023\">Suhteellinen kosteus: \u226495 % (ei tiivistyv\u00e4)<\/p>\n<\/li>\n<li data-start=\"3024\" data-end=\"3049\">\n<p data-start=\"3026\" data-end=\"3049\">Mitat: 65 \u00d7 31 \u00d7 15 mm<\/p>\n<\/li>\n<\/ul>","protected":false},"excerpt":{"rendered":"<p>SecureX-j\u00e4rjestelm\u00e4n t\u00e4rin\u00e4anturi, joka h\u00e4lytt\u00e4\u00e4 iskuista, porauksista ja rikkomisyrityksist\u00e4.<\/p>\n<p>Sis\u00e4\u00e4nrakennettu SOS-painike h\u00e4t\u00e4h\u00e4lytyksille ja reaaliaikaisille ilmoituksille SecureX-keskuksen ja Stonehouse Smart -sovelluksen kautta.<\/p>","protected":false},"featured_media":162565,"template":"","meta":{"_acf_changed":false},"product_brand":[],"product_cat":[5061],"product_tag":[],"class_list":{"0":"post-162570","1":"product","2":"type-product","3":"status-publish","4":"has-post-thumbnail","6":"product_cat-securex-larmsensorer","7":"pa_brands-securex-connect-pro","8":"pa_brands-stonehouse-smart","9":"tm-no-options","11":"first","12":"instock","13":"sale","14":"taxable","15":"shipping-taxable","16":"purchasable","17":"product-type-simple"},"acf":[],"_links":{"self":[{"href":"https:\/\/secureus.se\/fi\/wp-json\/wp\/v2\/product\/162570","targetHints":{"allow":["GET"]}}],"collection":[{"href":"https:\/\/secureus.se\/fi\/wp-json\/wp\/v2\/product"}],"about":[{"href":"https:\/\/secureus.se\/fi\/wp-json\/wp\/v2\/types\/product"}],"wp:featuredmedia":[{"embeddable":true,"href":"https:\/\/secureus.se\/fi\/wp-json\/wp\/v2\/media\/162565"}],"wp:attachment":[{"href":"https:\/\/secureus.se\/fi\/wp-json\/wp\/v2\/media?parent=162570"}],"wp:term":[{"taxonomy":"product_brand","embeddable":true,"href":"https:\/\/secureus.se\/fi\/wp-json\/wp\/v2\/product_brand?post=162570"},{"taxonomy":"product_cat","embeddable":true,"href":"https:\/\/secureus.se\/fi\/wp-json\/wp\/v2\/product_cat?post=162570"},{"taxonomy":"product_tag","embeddable":true,"href":"https:\/\/secureus.se\/fi\/wp-json\/wp\/v2\/product_tag?post=162570"}],"curies":[{"name":"wp","href":"https:\/\/api.w.org\/{rel}","templated":true}]}}