{"id":162581,"date":"2025-09-15T11:16:44","date_gmt":"2025-09-15T09:16:44","guid":{"rendered":"https:\/\/secureus.se\/?post_type=product&#038;p=162581"},"modified":"2026-04-09T15:44:05","modified_gmt":"2026-04-09T13:44:05","slug":"securex-gasshield-for-naturgas-och-lpg","status":"publish","type":"product","link":"https:\/\/secureus.se\/fi\/securex-gasshield-for-naturgas-och-lpg\/","title":{"rendered":"SecureX GasShield \u2013 Maakaasulle ja nestekaasulle"},"content":{"rendered":"<h2 data-start=\"203\" data-end=\"263\">SecureX GasShield \u2013 \u00e4lyk\u00e4s kaasunilmaisin metaanille ja nestekaasulle<\/h2>\n<p data-start=\"265\" data-end=\"544\">SecureX GasShield on <strong data-start=\"289\" data-end=\"323\">nopea ja luotettava kaasunilmaisin<\/strong> joka suojaa koteja, loma-asuntoja ja yrityksi\u00e4 vaarallisilta kaasuvuodoilta. Se on kehitetty havaitsemaan sek\u00e4 varhaisessa vaiheessa <strong data-start=\"442\" data-end=\"467\">maakaasu (metaani, CH\u2084)<\/strong> ja <strong data-start=\"472\" data-end=\"487\">LPG (nestekaasu)<\/strong> ja varoittaa selv\u00e4sti ennen kuin kaasun m\u00e4\u00e4r\u00e4 saavuttaa vaarallisen tason.<\/p>\n<p data-start=\"546\" data-end=\"747\">Kun kaasua havaitaan, <strong data-start=\"577\" data-end=\"608\">kova h\u00e4lytys\u00e4\u00e4ni \u226580 dB<\/strong> yhdess\u00e4 selke\u00e4n LED-merkkivalon kanssa. Samanaikaisesti h\u00e4lytys v\u00e4litet\u00e4\u00e4n edelleen <strong data-start=\"687\" data-end=\"705\">SecureX-keskus<\/strong>, joka k\u00e4sittelee h\u00e4lytyksen keskitetysti j\u00e4rjestelm\u00e4ss\u00e4.<\/p>\n<p data-start=\"749\" data-end=\"878\">Kaikki tapahtumat ja ilmoitukset n\u00e4kyv\u00e4t kohdassa <strong data-start=\"784\" data-end=\"810\">Stonehouse Smart -sovellus<\/strong>, jossa saat t\u00e4yden hallinnan ja reaaliaikaista tietoa suoraan matkapuhelimeesi.<\/p>\n<hr data-start=\"880\" data-end=\"883\" \/>\n<h3 data-start=\"885\" data-end=\"930\">Nopea reagointi edistyneell\u00e4 anturitekniikalla<\/h3>\n<p data-start=\"931\" data-end=\"1191\">GasShieldin k\u00e4ytt\u00f6tarkoitukset <strong data-start=\"950\" data-end=\"980\">edistynyt diffuusiotekniikka<\/strong> reagoimaan nopeasti kaasuvuotoon \u2013 ennen kuin kaasulla on aikaa kerty\u00e4 ja aiheuttaa tulipalo- tai r\u00e4j\u00e4hdysvaaran. T\u00e4m\u00e4 tekee anturista erityisen sopivan ymp\u00e4rist\u00f6ihin, joissa kaasua k\u00e4ytet\u00e4\u00e4n p\u00e4ivitt\u00e4in tai joissa valvontaa ei aina suoriteta.<\/p>\n<hr data-start=\"1193\" data-end=\"1196\" \/>\n<h3 data-start=\"1198\" data-end=\"1255\">Integrointi SecureX:n kanssa \u2013 enemm\u00e4n kuin vain paikallinen h\u00e4lytys<\/h3>\n<p data-start=\"1256\" data-end=\"1385\">SecureX GasShield -laitetta voidaan k\u00e4ytt\u00e4\u00e4 itsen\u00e4isen\u00e4 paikallisena kaasunilmaisimena, mutta se saa maksimaalisen toiminnallisuuden kytkettyn\u00e4 <strong data-start=\"1366\" data-end=\"1384\">SecureX-keskus<\/strong>.<\/p>\n<p data-start=\"1387\" data-end=\"1405\">Hubin kautta saat:<\/p>\n<ul data-start=\"1406\" data-end=\"1584\">\n<li data-start=\"1406\" data-end=\"1431\">\n<p data-start=\"1408\" data-end=\"1431\">keskush\u00e4lytysten hallinta<\/p>\n<\/li>\n<li data-start=\"1432\" data-end=\"1484\">\n<p data-start=\"1434\" data-end=\"1484\">reaaliaikaiset push-ilmoitukset Stonehouse Smart -sovelluksen kautta<\/p>\n<\/li>\n<li data-start=\"1485\" data-end=\"1546\">\n<p data-start=\"1487\" data-end=\"1546\">mahdollisuus yhdist\u00e4\u00e4 kaasuh\u00e4lyttimi\u00e4 muihin SecureX-laitteisiin<\/p>\n<\/li>\n<li data-start=\"1547\" data-end=\"1584\">\n<p data-start=\"1549\" data-end=\"1584\">tuki jatkotoimille h\u00e4lytysten sattuessa<\/p>\n<\/li>\n<\/ul>\n<p data-start=\"1586\" data-end=\"1676\">Lis\u00e4\u00e4 joustavuutta ja yhteensopivuutta <strong data-start=\"1633\" data-end=\"1675\">Tuya ja Smart Life SecureX-keskuksen kautta<\/strong>.<\/p>\n<hr data-start=\"1678\" data-end=\"1681\" \/>\n<h3 data-start=\"1683\" data-end=\"1730\">Relel\u00e4ht\u00f6 automaattista turvaohjausta varten<\/h3>\n<p data-start=\"1731\" data-end=\"1840\">GasShield on varustettu <strong data-start=\"1757\" data-end=\"1786\">relel\u00e4ht\u00f6 (12V \/ 300 mA)<\/strong> mik\u00e4 mahdollistaa esimerkiksi seuraavien automaattisen hallinnan:<\/p>\n<ul data-start=\"1841\" data-end=\"1923\">\n<li data-start=\"1841\" data-end=\"1876\">\n<p data-start=\"1843\" data-end=\"1876\">kaasun sulkuventtiilin solenoidiventtiili<\/p>\n<\/li>\n<li data-start=\"1877\" data-end=\"1893\">\n<p data-start=\"1879\" data-end=\"1893\">ulkoinen sireeni<\/p>\n<\/li>\n<li data-start=\"1894\" data-end=\"1923\">\n<p data-start=\"1896\" data-end=\"1923\">muut turvavarusteet<\/p>\n<\/li>\n<\/ul>\n<p data-start=\"1925\" data-end=\"2000\">T\u00e4m\u00e4 tarjoaa aktiivisen suojan, joka voi v\u00e4hent\u00e4\u00e4 vahinkoja jo varhaisessa havainnossa.<\/p>\n<hr data-start=\"2002\" data-end=\"2005\" \/>\n<h3 data-start=\"2007\" data-end=\"2042\">Vakaa toiminta ja pitk\u00e4 k\u00e4ytt\u00f6ik\u00e4<\/h3>\n<p data-start=\"2043\" data-end=\"2248\">GasShield toimii <strong data-start=\"2063\" data-end=\"2089\">Micro-USB (DC 5V \/ 1A)<\/strong> vakaan ja jatkuvan toiminnan takaamiseksi. Anturin virrankulutus on alhainen ja <strong data-start=\"2165\" data-end=\"2201\">anturin k\u00e4ytt\u00f6ik\u00e4 jopa 5 vuotta<\/strong>, joka tarjoaa pitk\u00e4ik\u00e4isen ja luotettavan toiminnan.<\/p>\n<hr data-start=\"2250\" data-end=\"2253\" \/>\n<h3 data-start=\"2255\" data-end=\"2277\">Edut lyhyesti<\/h3>\n<ul data-start=\"2278\" data-end=\"2670\">\n<li data-start=\"2278\" data-end=\"2324\">\n<p data-start=\"2280\" data-end=\"2324\">Havaitsee maakaasun (metaanin) ja nestekaasun (LPG)<\/p>\n<\/li>\n<li data-start=\"2325\" data-end=\"2380\">\n<p data-start=\"2327\" data-end=\"2380\">Nopea reagointi edistyneen diffuusiotekniikan ansiosta<\/p>\n<\/li>\n<li data-start=\"2381\" data-end=\"2425\">\n<p data-start=\"2383\" data-end=\"2425\">Kova h\u00e4lytys\u00e4\u00e4ni \u226580 dB + LED-merkkivalo<\/p>\n<\/li>\n<li data-start=\"2426\" data-end=\"2460\">\n<p data-start=\"2428\" data-end=\"2460\">Integrointi SecureX-keskittimen kanssa<\/p>\n<\/li>\n<li data-start=\"2461\" data-end=\"2507\">\n<p data-start=\"2463\" data-end=\"2507\">Reaaliaikaiset ilmoitukset Stonehouse Smart -sovelluksen kautta<\/p>\n<\/li>\n<li data-start=\"2508\" data-end=\"2557\">\n<p data-start=\"2510\" data-end=\"2557\">Relel\u00e4ht\u00f6 venttiilille tai turvaohjaukselle<\/p>\n<\/li>\n<li data-start=\"2558\" data-end=\"2598\">\n<p data-start=\"2560\" data-end=\"2598\">Vakaa USB-toiminta ja alhainen kulutus<\/p>\n<\/li>\n<li data-start=\"2599\" data-end=\"2639\">\n<p data-start=\"2601\" data-end=\"2639\">Pitk\u00e4 anturin k\u00e4ytt\u00f6ik\u00e4 \u2013 jopa 5 vuotta<\/p>\n<\/li>\n<li data-start=\"2640\" data-end=\"2670\">\n<p data-start=\"2642\" data-end=\"2670\">Kompakti ja huomaamaton muotoilu<\/p>\n<\/li>\n<\/ul>\n<hr data-start=\"2672\" data-end=\"2675\" \/>\n<h3 data-start=\"2677\" data-end=\"2707\">Tyypillisi\u00e4 k\u00e4ytt\u00f6tarkoituksia<\/h3>\n<ul data-start=\"2708\" data-end=\"2837\">\n<li data-start=\"2708\" data-end=\"2733\">\n<p data-start=\"2710\" data-end=\"2733\">Huvilat ja huoneistot<\/p>\n<\/li>\n<li data-start=\"2734\" data-end=\"2767\">\n<p data-start=\"2736\" data-end=\"2767\">Keitti\u00f6t, ravintolat ja kattilahuoneet<\/p>\n<\/li>\n<li data-start=\"2768\" data-end=\"2801\">\n<p data-start=\"2770\" data-end=\"2801\">Autotalli, kellari ja tekninen huone<\/p>\n<\/li>\n<li data-start=\"2802\" data-end=\"2837\">\n<p data-start=\"2804\" data-end=\"2837\">Asuntovaunut, loma-asunnot ja veneet<\/p>\n<\/li>\n<\/ul>\n<hr data-start=\"2839\" data-end=\"2842\" \/>\n<h3 data-start=\"2844\" data-end=\"2869\">Tekniset tiedot<\/h3>\n<ul data-start=\"2870\" data-end=\"3337\">\n<li data-start=\"2870\" data-end=\"2914\">\n<p data-start=\"2872\" data-end=\"2914\">Virtal\u00e4hde: DC 5V\/1A (Micro USB)<\/p>\n<\/li>\n<li data-start=\"2915\" data-end=\"2939\">\n<p data-start=\"2917\" data-end=\"2939\">Kulutus: &lt;170 mA<\/p>\n<\/li>\n<li data-start=\"2940\" data-end=\"2985\">\n<p data-start=\"2942\" data-end=\"2985\">Kaasun havaitseminen: Maakaasu (CH\u2084), nestekaasu (bensiini)<\/p>\n<\/li>\n<li data-start=\"2986\" data-end=\"3012\">\n<p data-start=\"2988\" data-end=\"3012\">H\u00e4lytystaso: \u226580 dB + LED<\/p>\n<\/li>\n<li data-start=\"3013\" data-end=\"3041\">\n<p data-start=\"3015\" data-end=\"3041\">Vastausaika: \u226430 sekuntia<\/p>\n<\/li>\n<li data-start=\"3042\" data-end=\"3084\">\n<p data-start=\"3044\" data-end=\"3084\">Relel\u00e4ht\u00f6: 12V \/ 300 mA (15 sekuntia)<\/p>\n<\/li>\n<li data-start=\"3085\" data-end=\"3139\">\n<p data-start=\"3087\" data-end=\"3139\">Tiedonsiirto: 433 MHz (EV1527), koodattu SecureX:lle<\/p>\n<\/li>\n<li data-start=\"3140\" data-end=\"3180\">\n<p data-start=\"3142\" data-end=\"3180\">K\u00e4ytt\u00f6l\u00e4mp\u00f6tila: \u221210 \u00b0C - +55 \u00b0C<\/p>\n<\/li>\n<li data-start=\"3181\" data-end=\"3237\">\n<p data-start=\"3183\" data-end=\"3237\">Suhteellinen kosteus: &lt;95 % RH (ei tiivistyv\u00e4)<\/p>\n<\/li>\n<li data-start=\"3238\" data-end=\"3274\">\n<p data-start=\"3240\" data-end=\"3274\">L\u00e4mmitysaika: noin 180 sekuntia<\/p>\n<\/li>\n<li data-start=\"3275\" data-end=\"3309\">\n<p data-start=\"3277\" data-end=\"3309\">Anturin k\u00e4ytt\u00f6ik\u00e4: Jopa 5 vuotta<\/p>\n<\/li>\n<li data-start=\"3310\" data-end=\"3337\">\n<p data-start=\"3312\" data-end=\"3337\">Mitat: 86 \u00d7 86 \u00d7 24,5 mm<\/p>\n<\/li>\n<\/ul>","protected":false},"excerpt":{"rendered":"<p>\u00c4lyk\u00e4s kaasunilmaisin, joka h\u00e4lytt\u00e4\u00e4 <strong data-start=\"2215\" data-end=\"2237\">maakaasu ja nestekaasu<\/strong> \u226580 dB:n \u00e4\u00e4nenvoimakkuudella ja LED-valolla.<\/p>\n<p>Yhdist\u00e4\u00e4 SecureX-keskittimeen ja Stonehouse Smart -sovellukseen mobiili-ilmoituksia varten.<\/p>","protected":false},"featured_media":162576,"template":"","meta":{"_acf_changed":false},"product_brand":[],"product_cat":[5062],"product_tag":[],"class_list":{"0":"post-162581","1":"product","2":"type-product","3":"status-publish","4":"has-post-thumbnail","6":"product_cat-securex-brand-gassensorer","7":"pa_brands-securex","8":"tm-no-options","10":"first","11":"instock","12":"sale","13":"taxable","14":"shipping-taxable","15":"purchasable","16":"product-type-simple"},"acf":[],"_links":{"self":[{"href":"https:\/\/secureus.se\/fi\/wp-json\/wp\/v2\/product\/162581","targetHints":{"allow":["GET"]}}],"collection":[{"href":"https:\/\/secureus.se\/fi\/wp-json\/wp\/v2\/product"}],"about":[{"href":"https:\/\/secureus.se\/fi\/wp-json\/wp\/v2\/types\/product"}],"wp:featuredmedia":[{"embeddable":true,"href":"https:\/\/secureus.se\/fi\/wp-json\/wp\/v2\/media\/162576"}],"wp:attachment":[{"href":"https:\/\/secureus.se\/fi\/wp-json\/wp\/v2\/media?parent=162581"}],"wp:term":[{"taxonomy":"product_brand","embeddable":true,"href":"https:\/\/secureus.se\/fi\/wp-json\/wp\/v2\/product_brand?post=162581"},{"taxonomy":"product_cat","embeddable":true,"href":"https:\/\/secureus.se\/fi\/wp-json\/wp\/v2\/product_cat?post=162581"},{"taxonomy":"product_tag","embeddable":true,"href":"https:\/\/secureus.se\/fi\/wp-json\/wp\/v2\/product_tag?post=162581"}],"curies":[{"name":"wp","href":"https:\/\/api.w.org\/{rel}","templated":true}]}}