{"id":162610,"date":"2025-09-15T11:16:43","date_gmt":"2025-09-15T09:16:43","guid":{"rendered":"https:\/\/secureus.se\/?post_type=product&#038;p=162610"},"modified":"2026-04-09T15:46:35","modified_gmt":"2026-04-09T13:46:35","slug":"securex-sirenguard-inomhussiren-110-db","status":"publish","type":"product","link":"https:\/\/secureus.se\/fi\/securex-sirenguard-inomhussiren-110-db\/","title":{"rendered":"SecureX SirenGuard \u2013 Sis\u00e4sireeni 110dB vilkkuvalolla (pitk\u00e4 kantama)"},"content":{"rendered":"<h2 data-start=\"191\" data-end=\"269\">SecureX SirenGuard \u2013 tehokas sis\u00e4sireeni pitk\u00e4ll\u00e4 kantamalla (jopa 500 m)<\/h2>\n<p data-start=\"271\" data-end=\"574\">SecureX SirenGuard on <strong data-start=\"296\" data-end=\"335\">tehokas ja joustava sis\u00e4sireeni<\/strong> joka parantaa SecureX-h\u00e4lytysj\u00e4rjestelm\u00e4\u00e4si selke\u00e4ll\u00e4 ja tehokkaalla \u00e4\u00e4nih\u00e4lytyksell\u00e4, jonka teho on jopa <strong data-start=\"426\" data-end=\"436\">110dB<\/strong>Sireeni on kehitetty sek\u00e4 asuin- ett\u00e4 liikeymp\u00e4rist\u00f6ihin, joissa suuri \u00e4\u00e4nenvoimakkuus, vakaa tiedonsiirto ja toiminnan luotettavuus ovat ratkaisevan t\u00e4rkeit\u00e4.<\/p>\n<p data-start=\"576\" data-end=\"850\">Kanssa <strong data-start=\"580\" data-end=\"601\">Pitk\u00e4n kantaman teknologia<\/strong> saat vakaan langattoman yhteyden jopa <strong data-start=\"651\" data-end=\"685\">500 metrin kantama esteett\u00f6m\u00e4ss\u00e4 n\u00e4k\u00f6yhteydess\u00e4<\/strong>, mik\u00e4 tekee SirenGuardista ihanteellisen my\u00f6s suurempiin kiinteist\u00f6ihin. J\u00e4rjestelm\u00e4 tukee jopa <strong data-start=\"771\" data-end=\"785\">10 sireeni\u00e4<\/strong>jotta h\u00e4lytys kuuluu selv\u00e4sti koko laitoksessa mahdollisen onnettomuuden sattuessa.<\/p>\n<hr data-start=\"852\" data-end=\"855\" \/>\n<h3 data-start=\"857\" data-end=\"897\">Sopeutuu ymp\u00e4rist\u00f6\u00f6n ja tarpeisiin<\/h3>\n<p data-start=\"898\" data-end=\"993\">SecureX SirenGuardia voidaan helposti s\u00e4\u00e4t\u00e4\u00e4 erilaisiin asennuksiin ja ymp\u00e4rist\u00f6ihin sopivaksi.<\/p>\n<p data-start=\"995\" data-end=\"1015\">Voit valita seuraavista:<\/p>\n<ul data-start=\"1016\" data-end=\"1096\">\n<li data-start=\"1016\" data-end=\"1035\">\n<p data-start=\"1018\" data-end=\"1035\"><strong data-start=\"1018\" data-end=\"1035\">5 \u00e4\u00e4nenvoimakkuustasoa<\/strong><\/p>\n<\/li>\n<li data-start=\"1036\" data-end=\"1062\">\n<p data-start=\"1038\" data-end=\"1062\"><strong data-start=\"1038\" data-end=\"1062\">2 erilaista h\u00e4lytyssignaalia<\/strong><\/p>\n<\/li>\n<li data-start=\"1063\" data-end=\"1096\">\n<p data-start=\"1065\" data-end=\"1096\"><strong data-start=\"1065\" data-end=\"1096\">4 h\u00e4lytysaika-asetusta<\/strong><\/p>\n<\/li>\n<li data-start=\"1063\" data-end=\"1096\"><strong>Sireeniss\u00e4 on sis\u00e4\u00e4nrakennettu vilkkuvalo visuaalista ilmaisua varten.<\/strong><\/li>\n<\/ul>\n<p data-start=\"1098\" data-end=\"1193\">T\u00e4m\u00e4 tekee sireenist\u00e4 yht\u00e4 sopivan niin huviloihin ja asuntoihin kuin kauppoihin, varastoihin ja toimistotiloihin.<\/p>\n<hr data-start=\"1195\" data-end=\"1198\" \/>\n<h3 data-start=\"1200\" data-end=\"1236\">Akun varmuuskopiointi lis\u00e4\u00e4 mielenrauhaa<\/h3>\n<p data-start=\"1237\" data-end=\"1435\">SirenGuard on varustettu <strong data-start=\"1268\" data-end=\"1305\">sis\u00e4\u00e4nrakennettu 1000 mAh litium-akku<\/strong>, mik\u00e4 varmistaa, ett\u00e4 sireeni toimii edelleen my\u00f6s s\u00e4hk\u00f6katkon aikana. Lataus tapahtuu sujuvasti <strong data-start=\"1407\" data-end=\"1434\">USB Type-C (DC 5V \/ 1A)<\/strong>.<\/p>\n<p data-start=\"1437\" data-end=\"1589\">Sireeni on suunniteltu vakaaseen toimintaan l\u00e4mp\u00f6tiloissa, jotka vaihtelevat <strong data-start=\"1497\" data-end=\"1519\">\u221220 \u00b0C - +50 \u00b0C<\/strong> ja siin\u00e4 on kompakti ja huomaamaton muotoilu, joka sopii useimpiin ymp\u00e4rist\u00f6ihin.<\/p>\n<hr data-start=\"1591\" data-end=\"1594\" \/>\n<h3 data-start=\"1596\" data-end=\"1626\">Osa SecureX-j\u00e4rjestelm\u00e4\u00e4<\/h3>\n<p data-start=\"1627\" data-end=\"1734\">SecureX SirenGuard on SecureX:n j\u00e4rjestelm\u00e4komponentti ja sit\u00e4 k\u00e4ytet\u00e4\u00e4n aina yhdess\u00e4 <strong data-start=\"1715\" data-end=\"1733\">SecureX-keskus<\/strong>.<\/p>\n<ul data-start=\"1736\" data-end=\"1930\">\n<li data-start=\"1736\" data-end=\"1775\">\n<p data-start=\"1738\" data-end=\"1775\">Sireeni yhdistyy SecureX-keskittimeen<\/p>\n<\/li>\n<li data-start=\"1776\" data-end=\"1813\">\n<p data-start=\"1778\" data-end=\"1813\">Kaikki h\u00e4lytysten k\u00e4sittely tapahtuu keskittimen kautta<\/p>\n<\/li>\n<li data-start=\"1814\" data-end=\"1894\">\n<p data-start=\"1816\" data-end=\"1894\">Yhteensopivuus <strong data-start=\"1835\" data-end=\"1892\">Stonehouse Smartia, Tuyaa ja Smart Lifea ohjataan hubin kautta.<\/strong><\/p>\n<\/li>\n<li data-start=\"1895\" data-end=\"1930\">\n<p data-start=\"1897\" data-end=\"1930\">Sireeni\u00e4 ei k\u00e4ytet\u00e4 yksin\u00e4\u00e4n<\/p>\n<\/li>\n<\/ul>\n<hr data-start=\"1932\" data-end=\"1935\" \/>\n<h3 data-start=\"1937\" data-end=\"1959\">Edut lyhyesti<\/h3>\n<ul data-start=\"1960\" data-end=\"2253\">\n<li data-start=\"1960\" data-end=\"1997\">\n<p data-start=\"1962\" data-end=\"1997\">Kova\u00e4\u00e4ninen h\u00e4lytys jopa 110 dB<\/p>\n<\/li>\n<li data-start=\"1998\" data-end=\"2054\">\n<p data-start=\"2000\" data-end=\"2054\">Pitk\u00e4n kantaman tiedonsiirto jopa 500 metrin kantamalla<\/p>\n<\/li>\n<li data-start=\"2055\" data-end=\"2083\">\n<p data-start=\"2057\" data-end=\"2083\">5 s\u00e4\u00e4dett\u00e4v\u00e4\u00e4 \u00e4\u00e4nenvoimakkuustasoa<\/p>\n<\/li>\n<li data-start=\"2084\" data-end=\"2118\">\n<p data-start=\"2086\" data-end=\"2118\">2 h\u00e4lytyssignaalia ja 4 h\u00e4lytysaikaa<\/p>\n<\/li>\n<li data-start=\"2119\" data-end=\"2166\">\n<p data-start=\"2121\" data-end=\"2166\">Tuki jopa 10 sireenille samassa j\u00e4rjestelm\u00e4ss\u00e4<\/p>\n<\/li>\n<li data-start=\"2167\" data-end=\"2204\">\n<p data-start=\"2169\" data-end=\"2204\">Sis\u00e4\u00e4nrakennettu 1000 mAh akku (varmuuskopio)<\/p>\n<\/li>\n<li data-start=\"2205\" data-end=\"2223\">\n<p data-start=\"2207\" data-end=\"2223\">USB-C-lataus<\/p>\n<\/li>\n<li data-start=\"2224\" data-end=\"2253\">\n<p data-start=\"2226\" data-end=\"2253\">Kompakti ja kest\u00e4v\u00e4 muotoilu<\/p>\n<\/li>\n<\/ul>\n<hr data-start=\"2255\" data-end=\"2258\" \/>\n<h3 data-start=\"2260\" data-end=\"2290\">Tyypillisi\u00e4 k\u00e4ytt\u00f6tarkoituksia<\/h3>\n<ul data-start=\"2291\" data-end=\"2401\">\n<li data-start=\"2291\" data-end=\"2316\">\n<p data-start=\"2293\" data-end=\"2316\">Huvilat ja huoneistot<\/p>\n<\/li>\n<li data-start=\"2317\" data-end=\"2345\">\n<p data-start=\"2319\" data-end=\"2345\">Kaupalliset kiinteist\u00f6t<\/p>\n<\/li>\n<li data-start=\"2346\" data-end=\"2367\">\n<p data-start=\"2348\" data-end=\"2367\">Myym\u00e4l\u00e4t ja varastot<\/p>\n<\/li>\n<li data-start=\"2368\" data-end=\"2401\">\n<p data-start=\"2370\" data-end=\"2401\">Edistyneet h\u00e4lytysasennukset<\/p>\n<\/li>\n<\/ul>\n<hr data-start=\"2403\" data-end=\"2406\" \/>\n<h3 data-start=\"2408\" data-end=\"2433\">Tekniset tiedot<\/h3>\n<ul data-start=\"2434\" data-end=\"2786\">\n<li data-start=\"2434\" data-end=\"2479\">\n<p data-start=\"2436\" data-end=\"2479\">Virtal\u00e4hde: DC 5V\/1A (USB Type-C)<\/p>\n<\/li>\n<li data-start=\"2480\" data-end=\"2516\">\n<p data-start=\"2482\" data-end=\"2516\">Akku: 3,7 V \/ 1000 mAh litium<\/p>\n<\/li>\n<li data-start=\"2517\" data-end=\"2548\">\n<p data-start=\"2519\" data-end=\"2548\">\u00c4\u00e4nentaso: Jopa 110 dB<\/p>\n<\/li>\n<li data-start=\"2549\" data-end=\"2570\">\n<p data-start=\"2551\" data-end=\"2570\">\u00c4\u00e4nenvoimakkuustasot: 5 kpl<\/p>\n<\/li>\n<li data-start=\"2571\" data-end=\"2598\">\n<p data-start=\"2573\" data-end=\"2598\">H\u00e4lytystilat: 4 vaihtoehtoa<\/p>\n<\/li>\n<li data-start=\"2599\" data-end=\"2622\">\n<p data-start=\"2601\" data-end=\"2622\">\u00c4\u00e4net: 2 vaihtoehtoa<\/p>\n<\/li>\n<li data-start=\"2623\" data-end=\"2672\">\n<p data-start=\"2625\" data-end=\"2672\">Langaton tekniikka: Pitk\u00e4n kantaman, SecureX-koodattu<\/p>\n<\/li>\n<li data-start=\"2673\" data-end=\"2715\">\n<p data-start=\"2675\" data-end=\"2715\">Kantama: Jopa noin 500 m (suoraan n\u00e4k\u00f6yhteydess\u00e4)<\/p>\n<\/li>\n<li data-start=\"2716\" data-end=\"2756\">\n<p data-start=\"2718\" data-end=\"2756\">K\u00e4ytt\u00f6l\u00e4mp\u00f6tila: \u221220 \u00b0C - +50 \u00b0C<\/p>\n<\/li>\n<li data-start=\"2757\" data-end=\"2786\">\n<p data-start=\"2759\" data-end=\"2786\">Mitat: 135 \u00d7 100 \u00d7 27,5 mm<\/p>\n<\/li>\n<\/ul>\n<hr data-start=\"2788\" data-end=\"2791\" \/>\n<h3 data-start=\"2793\" data-end=\"2813\">Toimituksen sis\u00e4lt\u00f6<\/h3>\n<ul data-start=\"2814\" data-end=\"2966\">\n<li data-start=\"2814\" data-end=\"2855\">\n<p data-start=\"2816\" data-end=\"2855\">SecureX SirenGuard -sis\u00e4sireeni: 1 kpl<\/p>\n<\/li>\n<li data-start=\"2856\" data-end=\"2886\">\n<p data-start=\"2858\" data-end=\"2886\">Sein\u00e4kiinnityslevy: 1 kpl<\/p>\n<\/li>\n<li data-start=\"2887\" data-end=\"2904\">\n<p data-start=\"2889\" data-end=\"2904\">Ruuvit: 4 kpl<\/p>\n<\/li>\n<li data-start=\"2905\" data-end=\"2920\">\n<p data-start=\"2907\" data-end=\"2920\">Pistoke: 4 kpl<\/p>\n<\/li>\n<li data-start=\"2921\" data-end=\"2949\">\n<p data-start=\"2923\" data-end=\"2949\">USB-C-virtal\u00e4hde: 1 kpl<\/p>\n<\/li>\n<li data-start=\"2950\" data-end=\"2966\">\n<p data-start=\"2952\" data-end=\"2966\">K\u00e4ytt\u00f6ohje: 1 kpl<\/p>\n<\/li>\n<\/ul>","protected":false},"excerpt":{"rendered":"<p>SecureX-sis\u00e4sireeni, jossa on pitk\u00e4n kantaman protokolla, tarjoaa voimakkaan 110 dB:n \u00e4\u00e4nen ja siin\u00e4 on viisitasoista s\u00e4\u00e4dett\u00e4v\u00e4\u00e4 \u00e4\u00e4nenvoimakkuutta.<\/p>\n<p>Sireeniss\u00e4 on sis\u00e4\u00e4nrakennettu vilkkuvalo visuaalista ilmaisua varten.<\/p>\n<p>Varustettu ladattavalla akulla, useilla h\u00e4lytystiloilla ja luotettavalla pitk\u00e4n matkan viestinn\u00e4ll\u00e4.<\/p>","protected":false},"featured_media":162607,"template":"","meta":{"_acf_changed":false},"product_brand":[],"product_cat":[5064],"product_tag":[],"class_list":{"0":"post-162610","1":"product","2":"type-product","3":"status-publish","4":"has-post-thumbnail","6":"product_cat-securex-sirener","7":"pa_brands-securex-connect-pro","8":"pa_brands-stonehouse-smart","9":"tm-no-options","11":"first","12":"instock","13":"sale","14":"taxable","15":"shipping-taxable","16":"purchasable","17":"product-type-simple"},"acf":[],"_links":{"self":[{"href":"https:\/\/secureus.se\/fi\/wp-json\/wp\/v2\/product\/162610","targetHints":{"allow":["GET"]}}],"collection":[{"href":"https:\/\/secureus.se\/fi\/wp-json\/wp\/v2\/product"}],"about":[{"href":"https:\/\/secureus.se\/fi\/wp-json\/wp\/v2\/types\/product"}],"wp:featuredmedia":[{"embeddable":true,"href":"https:\/\/secureus.se\/fi\/wp-json\/wp\/v2\/media\/162607"}],"wp:attachment":[{"href":"https:\/\/secureus.se\/fi\/wp-json\/wp\/v2\/media?parent=162610"}],"wp:term":[{"taxonomy":"product_brand","embeddable":true,"href":"https:\/\/secureus.se\/fi\/wp-json\/wp\/v2\/product_brand?post=162610"},{"taxonomy":"product_cat","embeddable":true,"href":"https:\/\/secureus.se\/fi\/wp-json\/wp\/v2\/product_cat?post=162610"},{"taxonomy":"product_tag","embeddable":true,"href":"https:\/\/secureus.se\/fi\/wp-json\/wp\/v2\/product_tag?post=162610"}],"curies":[{"name":"wp","href":"https:\/\/api.w.org\/{rel}","templated":true}]}}