{"id":162639,"date":"2025-09-15T11:16:42","date_gmt":"2025-09-15T09:16:42","guid":{"rendered":"https:\/\/secureus.se\/?post_type=product&#038;p=162639"},"modified":"2026-04-09T15:47:50","modified_gmt":"2026-04-09T13:47:50","slug":"securex-connect-pro-lorapanel-touchskarm","status":"publish","type":"product","link":"https:\/\/secureus.se\/fi\/securex-connect-pro-lorapanel-touchskarm\/","title":{"rendered":"SecureX Connect Pro Central kosketusn\u00e4yt\u00f6ll\u00e4 \u2013 ruotsinkielinen versio, jossa on 4G ja sovellus"},"content":{"rendered":"<h2>SecureX Connect Pro Central -kosketusn\u00e4ytt\u00f6, ruotsinkielinen versio<\/h2>\n<p>H\u00e4lytysj\u00e4rjestelm\u00e4 ilman tilausta, 3 vuoden takuu ja t\u00e4ysi tuki Swedish Stonehouse Security AB:n kautta.<\/p>\n<p>SecureX Connect Pro on SecureX-j\u00e4rjestelm\u00e4n ydin \u2013 tehokas h\u00e4lytyskeskus, jossa on <strong>7 tuuman kosketusn\u00e4ytt\u00f6<\/strong> joka yhdist\u00e4\u00e4 kaikki SecureX-laitteet yhteen j\u00e4rjestelm\u00e4\u00e4n.<\/p>\n<p>Yksinkertaisen k\u00e4ynnistysvalikon avulla kuka tahansa voi m\u00e4\u00e4ritt\u00e4\u00e4 h\u00e4lytyksen noin 30 minuutissa, valikko n\u00e4ytt\u00e4\u00e4 ruotsiksi, miten se tehd\u00e4\u00e4n., <span style=\"text-decoration: underline;\"><strong>valikko noudattaa aina valitsemaasi kielt\u00e4<\/strong><\/span> olla vakiona.<\/p>\n<p>H\u00e4lytyksen sattuessa sireenit k\u00e4ynnistyv\u00e4t ja saat h\u00e4lytyksen matkapuhelimeesi sovelluksen kautta. Jos olet valinnut ja m\u00e4\u00e4ritt\u00e4nyt 4G SIM-kortin, tekstiviesti ja puhuttu \u00e4\u00e4niviesti l\u00e4hetet\u00e4\u00e4n puhelimeesi.<\/p>\n<p>\u00c4\u00e4ni ilmoittaa omalla kielell\u00e4si, mik\u00e4 osio on lauennut, ja voit my\u00f6s kuunnella, mit\u00e4 kiinteist\u00f6ss\u00e4si tapahtuu. Esimerkiksi jos sinulla on hiljainen h\u00e4t\u00e4h\u00e4lytys, henkil\u00f6 voi puhua sinulle ja sin\u00e4 voit puhua ja kommunikoida h\u00e4nen kanssaan hubin sis\u00e4\u00e4nrakennetun mikrofonin kautta.<\/p>\n<p>Paneeli saa <strong>ilmaiset p\u00e4ivitykset sovelluksen kautta<\/strong> h\u00e4lytyksen koko k\u00e4ytt\u00f6i\u00e4n ajan.<\/p>\n<p>SecureX-h\u00e4lytys <strong>paneeli (n\u00e4yt\u00f6ll\u00e4 ja selkokielell\u00e4), \u00e4\u00e4niviestit ja Stonehouse Smart -sovellus<\/strong> saatavilla osoitteessa:<\/p>\n<p><em><strong><span style=\"text-decoration: underline;\">Ruotsi, englanti, saksa, suomi, ranska, hollanti, puola, espanja, norja ja tanska.<\/span><\/strong><\/em><\/p>\n<hr \/>\n<h3>Tehokas paneeli pitk\u00e4ll\u00e4 kantamalla<\/h3>\n<p>Iso <strong>7 tuuman IPS-kosketusn\u00e4ytt\u00f6 (1024 \u00d7 600)<\/strong> tarjoaa selke\u00e4n ja helppok\u00e4ytt\u00f6isen k\u00e4ytt\u00f6liittym\u00e4n. <strong>600 MHz:n siru<\/strong> ja <strong>sis\u00e4\u00e4nrakennettu 5000 mAh akku<\/strong> j\u00e4rjestelm\u00e4 toimii edelleen my\u00f6s s\u00e4hk\u00f6katkon aikana.<\/p>\n<p>Ansiosta <strong>Pitk\u00e4n kantaman\/LoRa<\/strong> nousetko yl\u00f6s <strong>500 metrin kantama esteett\u00f6m\u00e4ss\u00e4 n\u00e4k\u00f6yhteydess\u00e4<\/strong>, mik\u00e4 tekee siit\u00e4 erityisen hyv\u00e4n suuremmissa kiinteist\u00f6iss\u00e4, joissa tavallinen WiFi-kantama ei riit\u00e4.<\/p>\n<hr \/>\n<h3>Hybridih\u00e4lytys \u2013 langaton + langallinen<\/h3>\n<p>SecureX Connect Pro tukee:<\/p>\n<ul>\n<li>Jopa <strong>200 langatonta SecureX-laitetta<\/strong><\/li>\n<li><strong>8 langallista vy\u00f6hykett\u00e4<\/strong> hybridiasennusta varten<\/li>\n<li><strong>Wi-Fi, 2G tai 4G<\/strong> liit\u00e4nt\u00e4\u00e4 varten<\/li>\n<li><strong>Kaksisuuntainen viestint\u00e4<\/strong> ja jopa <strong>5 h\u00e4t\u00e4numeroa<\/strong><\/li>\n<li>Sis\u00e4\u00e4nrakennetut protokollat: <strong>433 MHz (EV1527)<\/strong> ja <strong>868 MHz:n pitk\u00e4 kantama<\/strong> SecureX-salauksella<\/li>\n<\/ul>\n<p>Kaikki ohjaus tapahtuu <strong>Stonehouse Smart -sovellus<\/strong> (pohjoismaisten kielten kanssa). Yhteensopivuus <strong>Tuya<\/strong> ja <strong>\u00c4lyk\u00e4s el\u00e4m\u00e4<\/strong> tapahtuu keskittimen kautta.<\/p>\n<hr \/>\n<h3>T\u00e4rke\u00e4 selvennys<\/h3>\n<ul>\n<li>T\u00e4m\u00e4 on <strong>Vain SecureX-keskitin\/paneeli<\/strong><\/li>\n<li><strong>Ei sis\u00e4ll\u00e4 antureita tai lis\u00e4varusteita<\/strong><\/li>\n<li><strong>Mukana USB-C-virtal\u00e4hde<\/strong><\/li>\n<li>K\u00e4ytet\u00e4\u00e4n SecureX-antureiden ja -lis\u00e4varusteiden kanssa<\/li>\n<\/ul>\n<hr \/>\n<h3>Ominaisuudet ja edut<\/h3>\n<ul>\n<li><strong>7 tuuman IPS-kosketusn\u00e4ytt\u00f6<\/strong> korkealla resoluutiolla<\/li>\n<li><strong>10 kielt\u00e4 + \u00e4\u00e4nitiedot:<\/strong> Ruotsi, Norja, Tanska, Suomi, Englanti, Saksa, Puola, Ranska, Espanja, Hollanti<\/li>\n<li><strong>Pitk\u00e4 kantama\/LoRa jopa 500 m<\/strong> (selke\u00e4 n\u00e4kym\u00e4)<\/li>\n<li><strong>200 langatonta laitetta + 8 langallista vy\u00f6hykett\u00e4<\/strong><\/li>\n<li><strong>Sis\u00e4\u00e4nrakennettu sireeni <\/strong>(jopa 120 dB)<\/li>\n<li><strong>5000 mAh:n varavirta-akku<\/strong> (jopa noin 32 tuntia valmiustilassa)<\/li>\n<li><strong>Kaksisuuntainen puhelu ja useita h\u00e4t\u00e4numeroita<\/strong><\/li>\n<li><strong>Peukalointih\u00e4lytys ja akun heikkenemisen varoitus<\/strong><\/li>\n<li>T\u00e4ysi hallinta sovelluksen kautta<\/li>\n<li>Helppo asennus <strong>USB-C<\/strong> tai <strong>12V<\/strong><\/li>\n<li><strong>Ilmaisia OTA-p\u00e4ivityksi\u00e4<\/strong> Stonehouse Smart -sovelluksen kautta<\/li>\n<li><strong>Tukea Stonehouse Securityn kautta<\/strong> joka on vastuussa my\u00f6s sovelluksesta ja h\u00e4lytysyksik\u00f6n ohjelmistosta.<\/li>\n<\/ul>\n<hr \/>\n<h3>Sertifikaatit ja laatu<\/h3>\n<p>SecureX Connect Pro on testattu ja sertifioitu seuraavien standardien mukaisesti:<\/p>\n<ul>\n<li><strong>CE<\/strong><\/li>\n<li><strong>RoHS-koodi<\/strong><\/li>\n<li><strong>REACH<\/strong><\/li>\n<li><strong>FCC-tunnus (H700)<\/strong><\/li>\n<li><strong>UKCA (H700)<\/strong><\/li>\n<li><strong>ERP-raportti<\/strong> (energiatehokas rakentaminen)<\/li>\n<\/ul>\n<hr \/>\n<h3>Toimituksen sis\u00e4lt\u00f6<\/h3>\n<ul>\n<li>SecureX Connect Pro 7 tuuman h\u00e4lytyskeskus: <strong>1 kpl<\/strong><\/li>\n<li>USB-C-virtal\u00e4hde: <strong>1 kpl<\/strong><\/li>\n<li>Sein\u00e4kiinnike<\/li>\n<li>Ruuvit ja tulpat<\/li>\n<li>Manuaalinen<\/li>\n<\/ul>","protected":false},"excerpt":{"rendered":"<p class=\"\" data-start=\"307\" data-end=\"466\"><strong data-start=\"46\" data-end=\"116\">SecureX Connect Pro Hub, kehitetty Suomen markkinoille.<\/strong><\/p>\n<p class=\"\" data-start=\"307\" data-end=\"466\">Suomenkielinen kosketusn\u00e4ytt\u00f6 ja helppo aloitusopas tekev\u00e4t k\u00e4ytt\u00f6\u00f6notosta vaivatonta. Keskusyksikk\u00f6 yhdist\u00e4\u00e4 kaikki SecureX-laitteet \u00e4lykk\u00e4\u00e4ksi ja helppok\u00e4ytt\u00f6iseksi j\u00e4rjestelm\u00e4ksi.<\/p>\n<p class=\"\" data-start=\"307\" data-end=\"466\">Saat h\u00e4lytykset suoraan matkapuhelimeesi ja 4G SIM-kortilla voit vastaanottaa my\u00f6s tekstiviestej\u00e4 ja \u00e4\u00e4niviestej\u00e4 h\u00e4lytyksen sattuessa.<\/p>\n<p class=\"\" data-start=\"307\" data-end=\"466\">Paneelissa on sis\u00e4\u00e4nrakennettu sireeni, peukalointih\u00e4lytin, varavirtaparisto ja sit\u00e4 ohjataan ruotsinkielisell\u00e4 kielell\u00e4. <strong data-start=\"348\" data-end=\"374\">Stonehouse Smart -sovellus<\/strong>, ja on yhteensopiva <strong data-start=\"399\" data-end=\"420\" data-is-only-node=\"\">Tuya ja \u00e4lyk\u00e4s el\u00e4m\u00e4<\/strong>.<\/p>\n<p data-start=\"307\" data-end=\"466\">SecureX-h\u00e4lytys <strong>paneeli (n\u00e4yt\u00f6ll\u00e4 ja selkokielell\u00e4), \u00e4\u00e4niviestit ja Stonehouse Smart -sovellus<\/strong> Saatavilla ruotsiksi, englanniksi, saksaksi, suomeksi, ranskaksi, hollanniksi, puolaksi, espanjaksi, norjaksi ja tanskaksi.<\/p>","protected":false},"featured_media":162629,"template":"","meta":{"_acf_changed":false},"product_brand":[],"product_cat":[5060,5099],"product_tag":[],"class_list":{"0":"post-162639","1":"product","2":"type-product","3":"status-publish","4":"has-post-thumbnail","6":"product_cat-securex-kit-hub","7":"product_cat-smart-home-larm-securex","8":"pa_brands-securex-connect-pro","9":"pa_brands-stonehouse-smart","10":"tm-no-options","12":"first","13":"instock","14":"sale","15":"taxable","16":"shipping-taxable","17":"purchasable","18":"product-type-simple"},"acf":[],"_links":{"self":[{"href":"https:\/\/secureus.se\/fi\/wp-json\/wp\/v2\/product\/162639","targetHints":{"allow":["GET"]}}],"collection":[{"href":"https:\/\/secureus.se\/fi\/wp-json\/wp\/v2\/product"}],"about":[{"href":"https:\/\/secureus.se\/fi\/wp-json\/wp\/v2\/types\/product"}],"wp:featuredmedia":[{"embeddable":true,"href":"https:\/\/secureus.se\/fi\/wp-json\/wp\/v2\/media\/162629"}],"wp:attachment":[{"href":"https:\/\/secureus.se\/fi\/wp-json\/wp\/v2\/media?parent=162639"}],"wp:term":[{"taxonomy":"product_brand","embeddable":true,"href":"https:\/\/secureus.se\/fi\/wp-json\/wp\/v2\/product_brand?post=162639"},{"taxonomy":"product_cat","embeddable":true,"href":"https:\/\/secureus.se\/fi\/wp-json\/wp\/v2\/product_cat?post=162639"},{"taxonomy":"product_tag","embeddable":true,"href":"https:\/\/secureus.se\/fi\/wp-json\/wp\/v2\/product_tag?post=162639"}],"curies":[{"name":"wp","href":"https:\/\/api.w.org\/{rel}","templated":true}]}}