{"id":162644,"date":"2025-09-15T11:16:42","date_gmt":"2025-09-15T09:16:42","guid":{"rendered":"https:\/\/secureus.se\/?post_type=product&#038;p=162644"},"modified":"2026-04-09T15:47:14","modified_gmt":"2026-04-09T13:47:14","slug":"securex-keyaccess-knappsats-rfid","status":"publish","type":"product","link":"https:\/\/secureus.se\/fi\/securex-keyaccess-knappsats-rfid\/","title":{"rendered":"SecureX KeyAccess \u2013 n\u00e4pp\u00e4imist\u00f6 RFID-tunnistimella, jossa on pitk\u00e4 kantama 500 metri\u00e4"},"content":{"rendered":"<h2 data-start=\"0\" data-end=\"76\">SecureX KeyAccess \u2013 lis\u00e4n\u00e4pp\u00e4imist\u00f6 RFID-tunnistuksella SecureX Prolle (pitk\u00e4 kantama)<\/h2>\n<p data-start=\"78\" data-end=\"419\">SecureX KeyAccess on SecureX Pron lis\u00e4n\u00e4pp\u00e4imist\u00f6, jonka avulla h\u00e4lytyksen hallinta on helppoa. <strong data-start=\"174\" data-end=\"215\">koodi, RFID-tunnisteet tai napin painallus<\/strong>. Kanssa <strong data-start=\"221\" data-end=\"243\">Pitk\u00e4 kantama 868 MHz<\/strong> saat vakaan langattoman yhteyden jopa <strong data-start=\"293\" data-end=\"327\">500 metrin kantama esteett\u00f6m\u00e4ss\u00e4 n\u00e4k\u00f6yhteydess\u00e4<\/strong>, joka sopii t\u00e4ydellisesti suurempiin kiinteist\u00f6ihin tai paikkoihin, joissa haluat erityisen turvallisen viestinn\u00e4n.<\/p>\n<p data-start=\"421\" data-end=\"637\">N\u00e4pp\u00e4imist\u00f6 on suunniteltu sek\u00e4 sujuvaksi ett\u00e4 turvalliseksi jokap\u00e4iv\u00e4isess\u00e4 k\u00e4yt\u00f6ss\u00e4. Se tukee useita k\u00e4ytt\u00e4ji\u00e4, RFID:t\u00e4, \u00e4lyk\u00e4st\u00e4 l\u00e4sn\u00e4oloher\u00e4tyst\u00e4 ja automaattista taustavaloa \u2013 joten se on aina selke\u00e4 ja helppok\u00e4ytt\u00f6inen.<\/p>\n<p data-start=\"639\" data-end=\"806\">Kaikki k\u00e4sittely tapahtuu kautta <strong data-start=\"662\" data-end=\"680\">SecureX-keskus<\/strong> ja n\u00e4et tilan ja tapahtumat <strong data-start=\"715\" data-end=\"741\">Stonehouse Smart -sovellus<\/strong>Yhteensopivuus <strong data-start=\"762\" data-end=\"770\">Tuya<\/strong> ja <strong data-start=\"775\" data-end=\"789\">\u00c4lyk\u00e4s el\u00e4m\u00e4<\/strong> tapahtuu keskittimen kautta.<\/p>\n<hr data-start=\"808\" data-end=\"811\" \/>\n<h3 data-start=\"813\" data-end=\"851\">\u00c4lykk\u00e4\u00e4t toiminnot helpottavat arkea<\/h3>\n<ul data-start=\"852\" data-end=\"1161\">\n<li data-start=\"852\" data-end=\"911\">\n<p data-start=\"854\" data-end=\"911\"><strong data-start=\"854\" data-end=\"889\">RFID-tuki (jopa 10 tunnistetta)<\/strong> \u2013 nopea ja turvallinen<\/p>\n<\/li>\n<li data-start=\"912\" data-end=\"952\">\n<p data-start=\"914\" data-end=\"952\"><strong data-start=\"914\" data-end=\"950\">Useita k\u00e4ytt\u00e4j\u00e4koodeja (monik\u00e4ytt\u00e4j\u00e4)<\/strong><\/p>\n<\/li>\n<li data-start=\"953\" data-end=\"1007\">\n<p data-start=\"955\" data-end=\"1007\"><strong data-start=\"955\" data-end=\"974\">Mikroaaltoanturi<\/strong> her\u00e4tt\u00e4\u00e4 n\u00e4pp\u00e4imist\u00f6n, kun se on l\u00e4sn\u00e4<\/p>\n<\/li>\n<li data-start=\"1008\" data-end=\"1068\">\n<p data-start=\"1010\" data-end=\"1068\"><strong data-start=\"1010\" data-end=\"1024\">Valoanturi<\/strong> s\u00e4\u00e4t\u00e4\u00e4 taustavaloa automaattisesti<\/p>\n<\/li>\n<li data-start=\"1069\" data-end=\"1115\">\n<p data-start=\"1071\" data-end=\"1115\"><strong data-start=\"1071\" data-end=\"1090\">Ovikellopainike<\/strong> lis\u00e4mukavuutta varten<\/p>\n<\/li>\n<li data-start=\"1116\" data-end=\"1161\">\n<p data-start=\"1118\" data-end=\"1161\"><strong data-start=\"1118\" data-end=\"1135\">Peukalointih\u00e4lytys<\/strong> manipulointiyritysten tapauksessa<\/p>\n<\/li>\n<\/ul>\n<hr data-start=\"1163\" data-end=\"1166\" \/>\n<h3 data-start=\"1168\" data-end=\"1195\">Akun k\u00e4ytt\u00f6 ja lataus<\/h3>\n<p data-start=\"1196\" data-end=\"1369\">KeyAccessissa on sis\u00e4\u00e4nrakennettu <strong data-start=\"1222\" data-end=\"1256\">3,7 V \/ 1500 mAh litiumparisto<\/strong> ja se ladataan kautta <strong data-start=\"1272\" data-end=\"1291\">USB-C (5 V \/ 1 A)<\/strong>Alhainen virrankulutus takaa pitk\u00e4n k\u00e4ytt\u00f6ajan my\u00f6s tihe\u00e4ss\u00e4 k\u00e4yt\u00f6ss\u00e4.<\/p>\n<hr data-start=\"1371\" data-end=\"1374\" \/>\n<h3 data-start=\"1376\" data-end=\"1413\">T\u00e4rke\u00e4\u00e4 \u2013 j\u00e4rjestelm\u00e4 ja yhteensopivuus<\/h3>\n<ul data-start=\"1414\" data-end=\"1576\">\n<li data-start=\"1414\" data-end=\"1465\">\n<p data-start=\"1416\" data-end=\"1465\">T\u00e4m\u00e4 on <strong data-start=\"1428\" data-end=\"1463\">Lis\u00e4n\u00e4pp\u00e4imist\u00f6 SecureX Prolle<\/strong><\/p>\n<\/li>\n<li data-start=\"1466\" data-end=\"1524\">\n<p data-start=\"1468\" data-end=\"1524\"><strong data-start=\"1468\" data-end=\"1491\">Vaatii SecureX-keskittimen<\/strong> (ei voida k\u00e4ytt\u00e4\u00e4 itsen\u00e4isesti)<\/p>\n<\/li>\n<li data-start=\"1525\" data-end=\"1576\">\n<p data-start=\"1527\" data-end=\"1576\">Sovellusten hallinta ja integrointi on valmis <strong data-start=\"1560\" data-end=\"1574\">keskittimen kautta<\/strong><\/p>\n<\/li>\n<\/ul>\n<hr data-start=\"1578\" data-end=\"1581\" \/>\n<h3 data-start=\"1583\" data-end=\"1608\">Edut ja ominaisuudet<\/h3>\n<ul data-start=\"1609\" data-end=\"2028\">\n<li data-start=\"1609\" data-end=\"1678\">\n<p data-start=\"1611\" data-end=\"1678\"><strong data-start=\"1611\" data-end=\"1633\">Pitk\u00e4 kantama 868 MHz<\/strong> jopa <strong data-start=\"1647\" data-end=\"1665\">500 metrin kantama<\/strong> (selke\u00e4 n\u00e4kym\u00e4)<\/p>\n<\/li>\n<li data-start=\"1679\" data-end=\"1725\">\n<p data-start=\"1681\" data-end=\"1725\">Mukana tulee <strong data-start=\"1695\" data-end=\"1723\">3 SecureX RFID-tunnistetta<\/strong><\/p>\n<\/li>\n<li data-start=\"1726\" data-end=\"1769\">\n<p data-start=\"1728\" data-end=\"1769\">T\u00e4ysi integrointi <strong data-start=\"1749\" data-end=\"1767\">SecureX-keskus<\/strong><\/p>\n<\/li>\n<li data-start=\"1770\" data-end=\"1817\">\n<p data-start=\"1772\" data-end=\"1817\">Reaaliaikainen tila <strong data-start=\"1789\" data-end=\"1815\">Stonehouse Smart -sovellus<\/strong><\/p>\n<\/li>\n<li data-start=\"1818\" data-end=\"1858\">\n<p data-start=\"1820\" data-end=\"1858\"><strong data-start=\"1820\" data-end=\"1841\">Tuya ja \u00e4lyk\u00e4s el\u00e4m\u00e4<\/strong> tuettu keskittimen kautta<\/p>\n<\/li>\n<li data-start=\"1859\" data-end=\"1900\">\n<p data-start=\"1861\" data-end=\"1900\">St\u00f6d f\u00f6r upp till <strong data-start=\"1879\" data-end=\"1898\">10 RFID-brickor<\/strong><\/p>\n<\/li>\n<li data-start=\"1901\" data-end=\"1921\">\n<p data-start=\"1903\" data-end=\"1921\">Multi-user koder<\/p>\n<\/li>\n<li data-start=\"1922\" data-end=\"1971\">\n<p data-start=\"1924\" data-end=\"1971\">D\u00f6rrklockeknapp, mikrov\u00e5gssensor &amp; ljussensor<\/p>\n<\/li>\n<li data-start=\"1972\" data-end=\"1989\">\n<p data-start=\"1974\" data-end=\"1989\">Peukalointih\u00e4lytys<\/p>\n<\/li>\n<li data-start=\"1990\" data-end=\"2028\">\n<p data-start=\"1992\" data-end=\"2028\">USB-C-laddning och inbyggt batteri<\/p>\n<\/li>\n<\/ul>\n<hr data-start=\"2030\" data-end=\"2033\" \/>\n<h3 data-start=\"2035\" data-end=\"2057\">K\u00e4ytt\u00f6alueet<\/h3>\n<ul data-start=\"2058\" data-end=\"2192\">\n<li data-start=\"2058\" data-end=\"2083\">\n<p data-start=\"2060\" data-end=\"2083\">Huvilat ja huoneistot<\/p>\n<\/li>\n<li data-start=\"2084\" data-end=\"2113\">\n<p data-start=\"2086\" data-end=\"2113\">Yritykset ja liiketilat<\/p>\n<\/li>\n<li data-start=\"2114\" data-end=\"2141\">\n<p data-start=\"2116\" data-end=\"2141\">Sommarstugor och garage<\/p>\n<\/li>\n<li data-start=\"2142\" data-end=\"2192\">\n<p data-start=\"2144\" data-end=\"2192\">Industriella milj\u00f6er med krav p\u00e5 stabil access<\/p>\n<\/li>\n<\/ul>\n<hr data-start=\"2194\" data-end=\"2197\" \/>\n<h3 data-start=\"2199\" data-end=\"2224\">Tekniset tiedot<\/h3>\n<ul data-start=\"2225\" data-end=\"2619\">\n<li data-start=\"2225\" data-end=\"2269\">\n<p data-start=\"2227\" data-end=\"2269\"><strong data-start=\"2227\" data-end=\"2248\">Virtal\u00e4hde:<\/strong> DC 5V \/ 1A (USB-C)<\/p>\n<\/li>\n<li data-start=\"2270\" data-end=\"2310\">\n<p data-start=\"2272\" data-end=\"2310\"><strong data-start=\"2272\" data-end=\"2284\">Akku:<\/strong> 3,7 V \/ 1500 mAh litium<\/p>\n<\/li>\n<li data-start=\"2311\" data-end=\"2340\">\n<p data-start=\"2313\" data-end=\"2340\"><strong data-start=\"2313\" data-end=\"2330\">Valmiustilan teho:<\/strong> &lt;100 \u00b5A<\/p>\n<\/li>\n<li data-start=\"2341\" data-end=\"2368\">\n<p data-start=\"2343\" data-end=\"2368\"><strong data-start=\"2343\" data-end=\"2359\">K\u00e4ytt\u00f6virta:<\/strong> &lt;10 mA<\/p>\n<\/li>\n<li data-start=\"2369\" data-end=\"2410\">\n<p data-start=\"2371\" data-end=\"2410\"><strong data-start=\"2371\" data-end=\"2389\">Viestint\u00e4:<\/strong> Pitk\u00e4 kantama 868 MHz<\/p>\n<\/li>\n<li data-start=\"2411\" data-end=\"2454\">\n<p data-start=\"2413\" data-end=\"2454\"><strong data-start=\"2413\" data-end=\"2426\">Laajuus:<\/strong> jopa 500 m (n\u00e4k\u00f6yhteys)<\/p>\n<\/li>\n<li data-start=\"2455\" data-end=\"2499\">\n<p data-start=\"2457\" data-end=\"2499\"><strong data-start=\"2457\" data-end=\"2478\">Ty\u00f6l\u00e4mp\u00f6tila:<\/strong> \u221210 \u00b0C - +50 \u00b0C<\/p>\n<\/li>\n<li data-start=\"2500\" data-end=\"2547\">\n<p data-start=\"2502\" data-end=\"2547\"><strong data-start=\"2502\" data-end=\"2524\">Suhteellinen kosteus:<\/strong> &lt;95 % (ilman kondensaatiota)<\/p>\n<\/li>\n<li data-start=\"2548\" data-end=\"2586\">\n<p data-start=\"2550\" data-end=\"2586\"><strong data-start=\"2550\" data-end=\"2564\">RFID-st\u00f6d:<\/strong> upp till 10 brickor<\/p>\n<\/li>\n<li data-start=\"2587\" data-end=\"2619\">\n<p data-start=\"2589\" data-end=\"2619\"><strong data-start=\"2589\" data-end=\"2598\">Mitata:<\/strong> ca 90 \u00d7 90 \u00d7 45 mm<\/p>\n<\/li>\n<\/ul>\n<hr data-start=\"2621\" data-end=\"2624\" \/>\n<h3 data-start=\"2626\" data-end=\"2646\">Toimituksen sis\u00e4lt\u00f6<\/h3>\n<ul data-start=\"2647\" data-end=\"2792\">\n<li data-start=\"2647\" data-end=\"2684\">\n<p data-start=\"2649\" data-end=\"2684\">SecureX KeyAccess knappsats: 1 st<\/p>\n<\/li>\n<li data-start=\"2685\" data-end=\"2714\">\n<p data-start=\"2687\" data-end=\"2714\">RFID SecureX-taggar: 3 st<\/p>\n<\/li>\n<li data-start=\"2715\" data-end=\"2740\">\n<p data-start=\"2717\" data-end=\"2740\">USB-C laddkabel: 1 st<\/p>\n<\/li>\n<li data-start=\"2741\" data-end=\"2781\">\n<p data-start=\"2743\" data-end=\"2781\">Monteringsmaterial (skruvar &amp; plugg)<\/p>\n<\/li>\n<li data-start=\"2782\" data-end=\"2792\">\n<p data-start=\"2784\" data-end=\"2792\">Manuaalinen<\/p>\n<\/li>\n<\/ul>","protected":false},"excerpt":{"rendered":"<p class=\"\" data-start=\"307\" data-end=\"466\">Eritt\u00e4in pitk\u00e4n kantaman (868 MHz) n\u00e4pp\u00e4imist\u00f6 RFID-tunnistuksella SecureX Prolle.<\/p>\n<p class=\"\" data-start=\"307\" data-end=\"466\">Jopa 500 metrin kantama, usean k\u00e4ytt\u00e4j\u00e4n koodit, peukalointih\u00e4lytys ja USB-C-lataus.<\/p>\n<p class=\"\" data-start=\"307\" data-end=\"466\">Mukana 3 RFID-tunnistetta.<\/p>","protected":false},"featured_media":162734,"template":"","meta":{"_acf_changed":false},"product_brand":[],"product_cat":[5067],"product_tag":[],"class_list":{"0":"post-162644","1":"product","2":"type-product","3":"status-publish","4":"has-post-thumbnail","6":"product_cat-securex-knappsatser","7":"pa_brands-securex-connect-pro","8":"pa_brands-stonehouse-smart","9":"tm-no-options","11":"first","12":"instock","13":"sale","14":"taxable","15":"shipping-taxable","16":"purchasable","17":"product-type-simple"},"acf":[],"_links":{"self":[{"href":"https:\/\/secureus.se\/fi\/wp-json\/wp\/v2\/product\/162644","targetHints":{"allow":["GET"]}}],"collection":[{"href":"https:\/\/secureus.se\/fi\/wp-json\/wp\/v2\/product"}],"about":[{"href":"https:\/\/secureus.se\/fi\/wp-json\/wp\/v2\/types\/product"}],"wp:featuredmedia":[{"embeddable":true,"href":"https:\/\/secureus.se\/fi\/wp-json\/wp\/v2\/media\/162734"}],"wp:attachment":[{"href":"https:\/\/secureus.se\/fi\/wp-json\/wp\/v2\/media?parent=162644"}],"wp:term":[{"taxonomy":"product_brand","embeddable":true,"href":"https:\/\/secureus.se\/fi\/wp-json\/wp\/v2\/product_brand?post=162644"},{"taxonomy":"product_cat","embeddable":true,"href":"https:\/\/secureus.se\/fi\/wp-json\/wp\/v2\/product_cat?post=162644"},{"taxonomy":"product_tag","embeddable":true,"href":"https:\/\/secureus.se\/fi\/wp-json\/wp\/v2\/product_tag?post=162644"}],"curies":[{"name":"wp","href":"https:\/\/api.w.org\/{rel}","templated":true}]}}