{"id":162649,"date":"2025-09-15T11:16:41","date_gmt":"2025-09-15T09:16:41","guid":{"rendered":"https:\/\/secureus.se\/?post_type=product&#038;p=162649"},"modified":"2026-04-20T10:13:32","modified_gmt":"2026-04-20T08:13:32","slug":"securex-connect-pro-kit-touchskarm","status":"publish","type":"product","link":"https:\/\/secureus.se\/fi\/securex-connect-pro-kit-touchskarm\/","title":{"rendered":"SecureX Connect Pro -aloituspaketti \u2013 ruotsinkielinen versio kosketusn\u00e4yt\u00f6ll\u00e4, 4G:ll\u00e4 ja sovelluksella"},"content":{"rendered":"<h2>SecureX Connect Pro Kit - suomalainen versio (T\u00e4ydellinen aloituspaketti)<\/h2>\n<p>H\u00e4lytysj\u00e4rjestelm\u00e4 ilman tilausta, 3 vuoden takuu ja t\u00e4ysi tuki Swedish Stonehouse Security AB:n kautta.<\/p>\n<p>SecureX Connect Pro on SecureX-j\u00e4rjestelm\u00e4n ydin \u2013 tehokas h\u00e4lytyskeskus, jossa on <strong>7 tuuman kosketusn\u00e4ytt\u00f6<\/strong> joka yhdist\u00e4\u00e4 kaikki SecureX-laitteet yhteen j\u00e4rjestelm\u00e4\u00e4n.<\/p>\n<p>Yksinkertaisen k\u00e4ynnistysvalikon avulla kuka tahansa voi m\u00e4\u00e4ritt\u00e4\u00e4 h\u00e4lytyksen noin 30 minuutissa, valikko n\u00e4ytt\u00e4\u00e4 ruotsiksi, miten se tehd\u00e4\u00e4n., <span style=\"text-decoration: underline;\"><strong>valikko noudattaa aina valitsemaasi kielt\u00e4<\/strong><\/span> olla vakiona.<\/p>\n<p>H\u00e4lytyksen sattuessa sireenit k\u00e4ynnistyv\u00e4t ja saat h\u00e4lytyksen matkapuhelimeesi sovelluksen kautta. Jos olet valinnut ja m\u00e4\u00e4ritt\u00e4nyt 4G SIM-kortin, tekstiviesti ja puhuttu \u00e4\u00e4niviesti l\u00e4hetet\u00e4\u00e4n puhelimeesi.<\/p>\n<p>\u00c4\u00e4ni ilmoittaa omalla kielell\u00e4si, mik\u00e4 osio on lauennut, ja voit my\u00f6s kuunnella, mit\u00e4 kiinteist\u00f6ss\u00e4si tapahtuu. Jos sinulla on esimerkiksi hiljainen h\u00e4t\u00e4h\u00e4lytys, henkil\u00f6 voi puhua sinulle ja sin\u00e4 voit puhua ja kommunikoida h\u00e4nen kanssaan hubin sis\u00e4\u00e4nrakennetun mikrofonin kautta.<\/p>\n<p>SecureX-h\u00e4lytys <strong>paneeli (n\u00e4yt\u00f6ll\u00e4 ja selkokielell\u00e4), \u00e4\u00e4niviestit ja Stonehouse Smart -sovellus<\/strong> saatavilla osoitteessa:<\/p>\n<p><em><strong><span style=\"text-decoration: underline;\">Ruotsi, englanti, saksa, suomi, ranska, hollanti, puola, espanja, norja ja tanska.<\/span><\/strong><\/em><\/p>\n<hr \/>\n<ul>\n<li>7 tuuman kosketusn\u00e4ytt\u00f6, jossa on pitk\u00e4 kantama\/LoRa<\/li>\n<li>Jopa <strong>200 langatonta laitetta<\/strong><\/li>\n<li><strong>WiFi, 2G ja 4G<\/strong> liit\u00e4nt\u00e4\u00e4 varten<\/li>\n<li>Sis\u00e4\u00e4nrakennettu sireeni (jopa 120 dB) + <strong>varavirta-akku 5000 mAh<\/strong><\/li>\n<li>Et\u00e4ohjaus ja ilmoitukset sovelluksen kautta<\/li>\n<li>Helppo laajentaa tarvittaessa<\/li>\n<\/ul>\n<hr \/>\n<h3>Ominaisuudet ja edut<\/h3>\n<ul>\n<li><strong>7 tuuman IPS-kosketusn\u00e4ytt\u00f6 (1024\u00d7600)<\/strong> \u2013 selke\u00e4 ja helppok\u00e4ytt\u00f6inen<\/li>\n<li>Sis\u00e4\u00e4nrakennetut protokollat: <strong>433 MHz (EV1527)<\/strong> ja <strong>868 MHz<\/strong> SecureX-salauksella<\/li>\n<li><strong>Pitk\u00e4 kantama<\/strong> \u2013 jopa noin <strong>500 metri\u00e4<\/strong> kantama (n\u00e4k\u00f6linja)<\/li>\n<li>Hybridi-tuki: <strong>200 langatonta laitetta + 8 langallista vy\u00f6hykett\u00e4<\/strong><\/li>\n<li>Sis\u00e4\u00e4nrakennettu sireeni + <strong>sabotaasih\u00e4lytys<\/strong><\/li>\n<li><strong>Vara-akku 5000 mAh<\/strong> \u2013 toiminta my\u00f6s s\u00e4hk\u00f6katkosten aikana<\/li>\n<li>Kaksisuuntainen viestint\u00e4 ja useita h\u00e4t\u00e4numeroita<\/li>\n<li><strong>Ilmaisia OTA-p\u00e4ivityksi\u00e4<\/strong> Stonehouse Smart -sovelluksen kautta<\/li>\n<li><strong>10 kielt\u00e4 + \u00e4\u00e4nitiedot:<\/strong> Ruotsi, Norja, Tanska, Suomi, Englanti, Saksa, Puola, Ranska, Espanja, Hollanti<\/li>\n<li>Helppo asennus <strong>USB-C tai 12 V<\/strong><\/li>\n<\/ul>\n<hr \/>\n<h3>Sovellus- ja \u00e4lyintegraatiot<\/h3>\n<ul>\n<li>T\u00e4ysi hallinta <strong>Stonehouse Smart -sovellus<\/strong><\/li>\n<li><strong>Tuya ja \u00e4lyk\u00e4s el\u00e4m\u00e4<\/strong> tuettu (keskittimen kautta)<\/li>\n<li>Mahdollisuus luoda tilanteita\/automaatioita (esim. valaistus h\u00e4lytyksen sattuessa)<\/li>\n<li>Tuki <strong>Google-avustaja<\/strong><\/li>\n<\/ul>\n<hr \/>\n<h3>Sertifikaatit ja laatu<\/h3>\n<ul>\n<li>CE<\/li>\n<li>RoHS-koodi<\/li>\n<li>REACH<\/li>\n<li>FCC-tunnus (H700)<\/li>\n<li>UKCA (H700)<\/li>\n<li>ERP \u2013 energiatehokas suunnittelu<\/li>\n<\/ul>\n<hr \/>\n<h3>T\u00e4m\u00e4 sis\u00e4ltyy SecureX Connect Pro -pakkaukseen<\/h3>\n<ul>\n<li><strong>1 kpl<\/strong> SecureX Connect Pro -paneeli \u2013 7 tuuman LoRa-paneeli kosketusn\u00e4yt\u00f6ll\u00e4<\/li>\n<li><strong>2 kpl<\/strong> SecureX QuickControl -kaukos\u00e4\u00e4timet<\/li>\n<li><strong>1 kpl<\/strong> SecureX MotionEye Pro \u2013 PIR-liiketunnistin<\/li>\n<li><strong>1 kpl<\/strong> SecureX DoorSense Pro \u2013 magneettinen kosketin ovelle\/ikkunalle<\/li>\n<li><strong>3 kpl<\/strong> Itseliimautuvat alumiiniset h\u00e4lytystarrat, koko (A8), 52x74 mm<\/li>\n<li>Paneelin kiinnike asennusta varten<\/li>\n<li>Ruuvit ja tulpat paneeliasennusta varten<\/li>\n<\/ul>\n<p>&nbsp;<\/p>","protected":false},"excerpt":{"rendered":"<h2>SecureX Connect Pro Kit - suomalainen versio (T\u00e4ydellinen aloituspaketti)<\/h2>\n<p class=\"\" data-start=\"307\" data-end=\"466\">Ruotsalainen kosketusn\u00e4ytt\u00f6 ja yksinkertainen k\u00e4ytt\u00f6\u00f6notto-opas tekev\u00e4t j\u00e4rjestelm\u00e4n k\u00e4ytt\u00f6\u00f6notosta helppoa.<\/p>\n<p class=\"\" data-start=\"307\" data-end=\"466\">Keskitin yhdist\u00e4\u00e4 kaikki SecureX-laitteet yhteen \u00e4lykk\u00e4\u00e4seen ja k\u00e4ytt\u00e4j\u00e4yst\u00e4v\u00e4lliseen j\u00e4rjestelm\u00e4\u00e4n.<\/p>\n<p class=\"\" data-start=\"307\" data-end=\"466\">Saat h\u00e4lytykset suoraan matkapuhelimeesi ja 4G SIM-kortilla voit vastaanottaa my\u00f6s tekstiviestej\u00e4 ja \u00e4\u00e4niviestej\u00e4 h\u00e4lytyksen sattuessa.<\/p>\n<p class=\"\" data-start=\"307\" data-end=\"466\">Paneelissa on sis\u00e4\u00e4nrakennettu sireeni, peukalointih\u00e4lytin, varavirtaparisto ja sit\u00e4 ohjataan ruotsinkielisell\u00e4 kielell\u00e4. <strong data-start=\"348\" data-end=\"374\">Stonehouse Smart -sovellus<\/strong>, ja on yhteensopiva <strong data-start=\"399\" data-end=\"420\" data-is-only-node=\"\">Tuya ja \u00e4lyk\u00e4s el\u00e4m\u00e4<\/strong>.<\/p>\n<p data-start=\"307\" data-end=\"466\">SecureX-h\u00e4lytys <strong>paneeli (n\u00e4yt\u00f6ll\u00e4 ja selkokielell\u00e4), \u00e4\u00e4niviestit ja Stonehouse Smart -sovellus<\/strong> Saatavilla ruotsiksi, englanniksi, saksaksi, suomeksi, ranskaksi, hollanniksi, puolaksi, espanjaksi, norjaksi ja tanskaksi.<\/p>","protected":false},"featured_media":162736,"template":"","meta":{"_acf_changed":false},"product_brand":[],"product_cat":[5060,5059],"product_tag":[],"class_list":{"0":"post-162649","1":"product","2":"type-product","3":"status-publish","4":"has-post-thumbnail","6":"product_cat-securex-kit-hub","7":"product_cat-smart-larm-securex","8":"pa_brands-securex-connect-pro","9":"pa_brands-stonehouse-smart","10":"tm-no-options","12":"first","13":"instock","14":"sale","15":"taxable","16":"shipping-taxable","17":"purchasable","18":"product-type-simple"},"acf":[],"_links":{"self":[{"href":"https:\/\/secureus.se\/fi\/wp-json\/wp\/v2\/product\/162649","targetHints":{"allow":["GET"]}}],"collection":[{"href":"https:\/\/secureus.se\/fi\/wp-json\/wp\/v2\/product"}],"about":[{"href":"https:\/\/secureus.se\/fi\/wp-json\/wp\/v2\/types\/product"}],"wp:featuredmedia":[{"embeddable":true,"href":"https:\/\/secureus.se\/fi\/wp-json\/wp\/v2\/media\/162736"}],"wp:attachment":[{"href":"https:\/\/secureus.se\/fi\/wp-json\/wp\/v2\/media?parent=162649"}],"wp:term":[{"taxonomy":"product_brand","embeddable":true,"href":"https:\/\/secureus.se\/fi\/wp-json\/wp\/v2\/product_brand?post=162649"},{"taxonomy":"product_cat","embeddable":true,"href":"https:\/\/secureus.se\/fi\/wp-json\/wp\/v2\/product_cat?post=162649"},{"taxonomy":"product_tag","embeddable":true,"href":"https:\/\/secureus.se\/fi\/wp-json\/wp\/v2\/product_tag?post=162649"}],"curies":[{"name":"wp","href":"https:\/\/api.w.org\/{rel}","templated":true}]}}