{"id":162659,"date":"2025-09-15T11:16:39","date_gmt":"2025-09-15T09:16:39","guid":{"rendered":"https:\/\/secureus.se\/?post_type=product&#038;p=162659"},"modified":"2026-04-09T15:50:04","modified_gmt":"2026-04-09T13:50:04","slug":"securex-multiknapp-sos","status":"publish","type":"product","link":"https:\/\/secureus.se\/fi\/securex-multiknapp-sos\/","title":{"rendered":"SecureX-monipainikkeinen SOS yhteyden muodostamiseen SecureX-keskittimeen."},"content":{"rendered":"<h2>SecureX-monipainike \u2013 SOS<\/h2>\n<p>SecureX-monipainike \u2013 SOS on suorakaiteen muotoinen langaton h\u00e4t\u00e4painike, jossa on selke\u00e4 SOS-symboli. Se on suunniteltu avun nopeaan soittamiseen kriittisiss\u00e4 tilanteissa. Yhdell\u00e4 painalluksella l\u00e4hetet\u00e4\u00e4n SOS-signaali. <strong>SecureX-keskus<\/strong>, joka aktivoi h\u00e4lytyksen v\u00e4litt\u00f6m\u00e4sti ja l\u00e4hett\u00e4\u00e4 <strong>reaaliaikaiset push-ilmoitukset<\/strong> matkapuhelimeen.<\/p>\n<p>Kaikki tapahtumat n\u00e4ytet\u00e4\u00e4n kohdassa <strong>Stonehouse Smart -sovellus<\/strong> (iOS\/Android). Lis\u00e4joustavuutta varten yhteensopivuus <strong>Tuya<\/strong> ja <strong>\u00c4lyk\u00e4s el\u00e4m\u00e4<\/strong> keskittimen kautta.<\/p>\n<p>Monitoimipainikkeen voi ohjelmoida my\u00f6s h\u00e4lytysl\u00e4hettimeksi\/anturiksi, eli luoda sek\u00e4 \u00e4\u00e4nett\u00f6mi\u00e4 ett\u00e4 \u00e4\u00e4nellisi\u00e4 h\u00e4lytyksi\u00e4. Vaihtoehtoisesti voit ostaa valinnaisen tekstin, joka selkeytt\u00e4\u00e4 laitteen toimintoa tai sijaintia kiinteist\u00f6ss\u00e4si.<\/p>\n<hr \/>\n<h3>Helppo sijoittaa \u2013 aina k\u00e4den ulottuvilla<\/h3>\n<p>Painike on kompakti (<strong>48 \u00d7 76 \u00d7 11 mm<\/strong>) ja se voidaan koota nopeasti <strong>kaksipuolinen teippi<\/strong> (mukana). Pysyv\u00e4mp\u00e4\u00e4 asennusta varten on olemassa <strong>kaksi kiinnitysreik\u00e4\u00e4<\/strong> ruuville. Selke\u00e4 SOS-symboli tekee painikkeesta helposti tunnistettavan ja k\u00e4ytett\u00e4v\u00e4n jopa rasituksen aikana.<\/p>\n<p>Se toimii <strong>1 \u00d7 23A 12V akku<\/strong> ja sen virrankulutus on alhainen, mik\u00e4 takaa pitk\u00e4n akunkeston ja luotettavan toiminnan.<\/p>\n<hr \/>\n<h3>Vakaa langaton viestint\u00e4<\/h3>\n<p>Monipainike \u2013 SOS-k\u00e4ytt\u00f6tarkoitukset <strong>433 MHz (eV1527)<\/strong> ja se on koodattu SecureX:lle, joka tarjoaa vakaan toiminnan monissa ymp\u00e4rist\u00f6iss\u00e4 \u2013 kuten kodeissa, toimistoissa ja terveydenhuollon ymp\u00e4rist\u00f6iss\u00e4.<\/p>\n<hr \/>\n<h3>T\u00e4rke\u00e4\u00e4 \u2013 j\u00e4rjestelm\u00e4 ja yhteensopivuus<\/h3>\n<ul>\n<li>SOS-painiketta k\u00e4ytet\u00e4\u00e4n yhdess\u00e4 <strong>SecureX-keskus<\/strong><\/li>\n<li>H\u00e4lytykset ja ilmoitukset k\u00e4sitell\u00e4\u00e4n <strong>Stonehouse Smart -sovellus<\/strong><\/li>\n<li><strong>Tuya ja \u00e4lyk\u00e4s el\u00e4m\u00e4<\/strong> tuettu <strong>keskittimen kautta<\/strong><\/li>\n<li>Tuote on <strong>ei itsen\u00e4inen<\/strong><\/li>\n<\/ul>\n<hr \/>\n<h3>Edut ja ominaisuudet<\/h3>\n<ul>\n<li>Nopea SOS-aktivointi h\u00e4t\u00e4tilanteessa<\/li>\n<li>Langaton toiminta vakaalla signaalilla<\/li>\n<li>T\u00e4ysi integrointi <strong>SecureX-keskus<\/strong><\/li>\n<li>Reaaliaikaiset ilmoitukset <strong>Stonehouse Smart -sovellus<\/strong><\/li>\n<li>Tuya ja Smart Life tuettu keskittimen kautta<\/li>\n<li>Helppo koota teipill\u00e4 tai ruuveilla<\/li>\n<li>Alhainen virrankulutus pitk\u00e4n akunkeston takaamiseksi<\/li>\n<li>Kompakti, huomaamaton ja selke\u00e4sti merkitty SOS-merkill\u00e4<\/li>\n<\/ul>\n<hr \/>\n<h3>K\u00e4ytt\u00f6alueet<\/h3>\n<ul>\n<li>Kodin ja perheen suoja<\/li>\n<li>Hoitokodit ja vanhustenhoito<\/li>\n<li>Kaupat, toimistot ja ty\u00f6paikat<\/li>\n<li>Henkil\u00f6kohtainen suojaus haavoittuvissa ymp\u00e4rist\u00f6iss\u00e4<\/li>\n<\/ul>\n<hr \/>\n<h3>Tekniset tiedot<\/h3>\n<ul>\n<li><strong>Akku:<\/strong> 23A 12V \u00d7 1<\/li>\n<li><strong>Valmiustilan teho:<\/strong> 0mA<\/li>\n<li><strong>K\u00e4ytt\u00f6virta:<\/strong> &lt;40 mA<\/li>\n<li><strong>Taajuus:<\/strong> 433 MHz (eV1527) ja SecureX-koodaus<\/li>\n<li><strong>Mitata:<\/strong> 48 \u00d7 76 \u00d7 11 mm<\/li>\n<li><strong>Ty\u00f6l\u00e4mp\u00f6tila:<\/strong> \u221210 \u00b0C - +50 \u00b0C<\/li>\n<li><strong>Suhteellinen kosteus:<\/strong> &lt;95 % (ilman kondensaatiota)<\/li>\n<\/ul>\n<hr \/>\n<h3>Toimituksen sis\u00e4lt\u00f6<\/h3>\n<ul>\n<li>SecureX-monipainike \u2013 SOS: 1 kpl<\/li>\n<li>Kaksipuolinen teippi<\/li>\n<li>Ruuvit<\/li>\n<li>Manuaalinen<\/li>\n<\/ul>","protected":false},"excerpt":{"rendered":"<p>Suorakulmainen langaton SOS-painike SecureX-j\u00e4rjestelm\u00e4\u00e4n.<\/p>\n<p>Yksi painallus l\u00e4hett\u00e4\u00e4 h\u00e4t\u00e4h\u00e4lytyksi\u00e4 ja push-ilmoituksia SecureX-keskuksen kautta.<\/p>\n<p>Voit my\u00f6s ohjelmoida monitoimipainikkeen h\u00e4lytysanturiksi valituilla toiminnoilla.<\/p>\n<p>Helppo koota ja pitk\u00e4 akunkesto.<\/p>","protected":false},"featured_media":162655,"template":"","meta":{"_acf_changed":false},"product_brand":[],"product_cat":[5063],"product_tag":[],"class_list":{"0":"post-162659","1":"product","2":"type-product","3":"status-publish","4":"has-post-thumbnail","6":"product_cat-securex-knappar-nod","7":"pa_brands-securex","8":"tm-no-options","10":"first","11":"instock","12":"sale","13":"taxable","14":"shipping-taxable","15":"purchasable","16":"product-type-simple"},"acf":[],"_links":{"self":[{"href":"https:\/\/secureus.se\/fi\/wp-json\/wp\/v2\/product\/162659","targetHints":{"allow":["GET"]}}],"collection":[{"href":"https:\/\/secureus.se\/fi\/wp-json\/wp\/v2\/product"}],"about":[{"href":"https:\/\/secureus.se\/fi\/wp-json\/wp\/v2\/types\/product"}],"wp:featuredmedia":[{"embeddable":true,"href":"https:\/\/secureus.se\/fi\/wp-json\/wp\/v2\/media\/162655"}],"wp:attachment":[{"href":"https:\/\/secureus.se\/fi\/wp-json\/wp\/v2\/media?parent=162659"}],"wp:term":[{"taxonomy":"product_brand","embeddable":true,"href":"https:\/\/secureus.se\/fi\/wp-json\/wp\/v2\/product_brand?post=162659"},{"taxonomy":"product_cat","embeddable":true,"href":"https:\/\/secureus.se\/fi\/wp-json\/wp\/v2\/product_cat?post=162659"},{"taxonomy":"product_tag","embeddable":true,"href":"https:\/\/secureus.se\/fi\/wp-json\/wp\/v2\/product_tag?post=162659"}],"curies":[{"name":"wp","href":"https:\/\/api.w.org\/{rel}","templated":true}]}}