{"id":162717,"date":"2026-02-16T10:35:17","date_gmt":"2026-02-16T09:35:17","guid":{"rendered":"https:\/\/secureus.se\/securex-rfid-tagg-for-larmstyrning\/"},"modified":"2026-04-02T13:03:28","modified_gmt":"2026-04-02T11:03:28","slug":"securex-rfid-tagg-for-larmstyrning","status":"publish","type":"product","link":"https:\/\/secureus.se\/fi\/securex-rfid-tagg-for-larmstyrning\/","title":{"rendered":"SecureX RFID-tunniste h\u00e4lytysten hallintaan"},"content":{"rendered":"<p data-start=\"286\" data-end=\"532\">SecureX RFID -tunnisteet ovat yksinkertainen ja turvallinen ratkaisu SecureX-j\u00e4rjestelm\u00e4n tunnistautumiseen ja k\u00e4ytt\u00f6\u00f6n. K\u00e4ytt\u00e4j\u00e4t voivat lukijalla kytke\u00e4 h\u00e4lytyksen pois p\u00e4\u00e4lt\u00e4, saada k\u00e4ytt\u00f6oikeuden tai tunnistautua j\u00e4rjestelm\u00e4ss\u00e4 ilman koodia tai sovellusta.<\/p>\n<p data-start=\"534\" data-end=\"765\">Jokap\u00e4iv\u00e4iseen k\u00e4ytt\u00f6\u00f6n suunnitellut tunnisteet ovat kest\u00e4v\u00e4n rakenteensa ansiosta kest\u00e4vi\u00e4 ja kuluvia ajan kuluessa. Ne sopivat t\u00e4ydellisesti yrityksille, kiinteist\u00f6ille, henkil\u00f6kunnalle, vierailijoille tai muihin ymp\u00e4rist\u00f6ihin, joissa sujuva ja kontrolloitu p\u00e4\u00e4sy on t\u00e4rke\u00e4\u00e4.<\/p>\n<p data-start=\"767\" data-end=\"978\">SecureX-tuotteena RFID-tunnisteet voidaan my\u00f6s mukauttaa omalla tekstill\u00e4\/logolla.<\/p>\n<p data-start=\"767\" data-end=\"978\">T\u00e4m\u00e4 antaa yhten\u00e4isen ja ammattimaisen vaikutelman ja tekee tunnisteista helposti tunnistettavia ja yhdistett\u00e4vi\u00e4 yritykseesi.<\/p>\n<p data-start=\"980\" data-end=\"993\"><strong data-start=\"980\" data-end=\"993\">Edut:<\/strong><\/p>\n<ul data-start=\"994\" data-end=\"1195\">\n<li data-start=\"994\" data-end=\"1027\">\n<p data-start=\"996\" data-end=\"1027\">Nopea ja helppo tunnistus<\/p>\n<\/li>\n<li data-start=\"1028\" data-end=\"1070\">\n<p data-start=\"1030\" data-end=\"1070\">Helppo k\u00e4ytt\u00e4\u00e4 ilman koodia tai matkapuhelinta<\/p>\n<\/li>\n<li data-start=\"1071\" data-end=\"1111\">\n<p data-start=\"1073\" data-end=\"1111\">Korkea k\u00e4ytt\u00f6varmuus ja pitk\u00e4 k\u00e4ytt\u00f6ik\u00e4<\/p>\n<\/li>\n<li data-start=\"1112\" data-end=\"1150\">\n<p data-start=\"1114\" data-end=\"1150\">Mukautus omalla logolla mahdollista<\/p>\n<\/li>\n<li data-start=\"1151\" data-end=\"1195\">\n<p data-start=\"1153\" data-end=\"1195\">T\u00e4ysi yhteensopivuus SecureX-j\u00e4rjestelm\u00e4n kanssa<\/p>\n<\/li>\n<\/ul>\n<p data-start=\"1197\" data-end=\"1262\" data-is-last-node=\"\" data-is-only-node=\"\">K\u00e4yt\u00e4nn\u00f6llinen ja ammattimainen ratkaisu nykyaikaiseen kulunvalvontaan.<\/p>","protected":false},"excerpt":{"rendered":"<p>SecureX RFID -tunnisteet tarjoavat nopean ja helpon p\u00e4\u00e4syn SecureX-j\u00e4rjestelm\u00e4\u00e4si. Pid\u00e4 tunnistetta lukijaa vasten poistaaksesi valvonnan tai hallitaksesi k\u00e4ytt\u00f6oikeuksia.<\/p>\n<p>Tunnisteet ovat kest\u00e4vi\u00e4, luotettavia ja ne voidaan toimittaa omalla logolla\/numerolla ammattimaista ja henkil\u00f6kohtaista ratkaisua varten.<\/p>","protected":false},"featured_media":162716,"template":"","meta":{"_acf_changed":false},"product_brand":[],"product_cat":[5067,5065],"product_tag":[],"class_list":{"0":"post-162717","1":"product","2":"type-product","3":"status-publish","4":"has-post-thumbnail","6":"product_cat-securex-knappsatser","7":"product_cat-securex-tillbehor","8":"tm-no-options","10":"first","11":"instock","12":"sale","13":"taxable","14":"shipping-taxable","15":"purchasable","16":"product-type-simple"},"acf":[],"_links":{"self":[{"href":"https:\/\/secureus.se\/fi\/wp-json\/wp\/v2\/product\/162717","targetHints":{"allow":["GET"]}}],"collection":[{"href":"https:\/\/secureus.se\/fi\/wp-json\/wp\/v2\/product"}],"about":[{"href":"https:\/\/secureus.se\/fi\/wp-json\/wp\/v2\/types\/product"}],"wp:featuredmedia":[{"embeddable":true,"href":"https:\/\/secureus.se\/fi\/wp-json\/wp\/v2\/media\/162716"}],"wp:attachment":[{"href":"https:\/\/secureus.se\/fi\/wp-json\/wp\/v2\/media?parent=162717"}],"wp:term":[{"taxonomy":"product_brand","embeddable":true,"href":"https:\/\/secureus.se\/fi\/wp-json\/wp\/v2\/product_brand?post=162717"},{"taxonomy":"product_cat","embeddable":true,"href":"https:\/\/secureus.se\/fi\/wp-json\/wp\/v2\/product_cat?post=162717"},{"taxonomy":"product_tag","embeddable":true,"href":"https:\/\/secureus.se\/fi\/wp-json\/wp\/v2\/product_tag?post=162717"}],"curies":[{"name":"wp","href":"https:\/\/api.w.org\/{rel}","templated":true}]}}