{"id":162900,"date":"2026-03-04T16:07:02","date_gmt":"2026-03-04T15:07:02","guid":{"rendered":"https:\/\/secureus.se\/jojo-nyckelhallare-heavy-duty-60-cm-stalwire\/"},"modified":"2026-03-30T12:10:18","modified_gmt":"2026-03-30T10:10:18","slug":"jojo-nyckelhallare-heavy-duty-60-cm-stalwire","status":"publish","type":"product","link":"https:\/\/secureus.se\/fi\/jojo-nyckelhallare-heavy-duty-60-cm-stalwire\/","title":{"rendered":"JOJO Avaimenper\u00e4 Heavy Duty \u2013 60 cm ter\u00e4slankaa \u2013 Sis\u00e4\u00e4nvedett\u00e4v\u00e4 avainrulla (Musta)"},"content":{"rendered":"<h1 data-start=\"616\" data-end=\"671\">JOJO Avaimenper\u00e4 Heavy Duty \u2013 60 cm ter\u00e4slankaa \u2013 Sis\u00e4\u00e4nvedett\u00e4v\u00e4 avainrulla (Musta)<\/h1>\n<p data-start=\"673\" data-end=\"966\">T\u00e4m\u00e4 <strong data-start=\"679\" data-end=\"712\">raskaaseen k\u00e4ytt\u00f6\u00f6n tarkoitettu JOJO-avaimenper\u00e4<\/strong> on suunniteltu ammattik\u00e4ytt\u00e4jille, jotka tarvitsevat luotettavan ratkaisun avaimille ja kulkukorteille.<\/p>\n<p data-start=\"673\" data-end=\"966\">Laajennettava <strong data-start=\"830\" data-end=\"858\">noin 60 cm ter\u00e4slankaa<\/strong> helpottaa avainten tai RFID-korttien k\u00e4ytt\u00f6\u00e4 irrottamatta niit\u00e4 vy\u00f6st\u00e4 tai ty\u00f6vaatteista.<\/p>\n<p data-start=\"968\" data-end=\"1083\">Kest\u00e4v\u00e4 muovi- ja metallirakenne tekee mallista sopivan p\u00e4ivitt\u00e4iseen k\u00e4ytt\u00f6\u00f6n vaativissa ymp\u00e4rist\u00f6iss\u00e4, kuten:<\/p>\n<ul data-start=\"1085\" data-end=\"1201\">\n<li data-start=\"1085\" data-end=\"1104\">\n<p data-start=\"1087\" data-end=\"1104\">Kiinteist\u00f6nhallinta<\/p>\n<\/li>\n<li data-start=\"1105\" data-end=\"1126\">\n<p data-start=\"1107\" data-end=\"1126\">Rakennusty\u00f6maat<\/p>\n<\/li>\n<li data-start=\"1127\" data-end=\"1149\">\n<p data-start=\"1129\" data-end=\"1149\">Teollisuus ja varastointi<\/p>\n<\/li>\n<li data-start=\"1150\" data-end=\"1174\">\n<p data-start=\"1152\" data-end=\"1174\">Huolto ja teknikot<\/p>\n<\/li>\n<li data-start=\"1175\" data-end=\"1201\">\n<p data-start=\"1177\" data-end=\"1201\">Turvallisuus ja valvonta<\/p>\n<\/li>\n<\/ul>\n<p data-start=\"1203\" data-end=\"1386\">JOJO pit\u00e4\u00e4 avaimesi turvassa ja aina k\u00e4den ulottuvilla. T\u00e4ydellinen henkil\u00f6st\u00f6lle, joka k\u00e4sittelee kulunvalvontaj\u00e4rjestelmi\u00e4, teknisi\u00e4 laitteita tai useita avaimia ty\u00f6p\u00e4iv\u00e4n aikana.<\/p>\n<hr data-start=\"1388\" data-end=\"1391\" \/>\n<h2 data-start=\"1393\" data-end=\"1407\">T\u00e4ydellinen<\/h2>\n<ul data-start=\"1409\" data-end=\"1505\">\n<li data-start=\"1409\" data-end=\"1426\">\n<p data-start=\"1411\" data-end=\"1426\">Avaimenper\u00e4t<\/p>\n<\/li>\n<li data-start=\"1427\" data-end=\"1441\">\n<p data-start=\"1429\" data-end=\"1441\">P\u00e4\u00e4sykortti<\/p>\n<\/li>\n<li data-start=\"1442\" data-end=\"1457\">\n<p data-start=\"1444\" data-end=\"1457\">RFID-tunnisteet<\/p>\n<\/li>\n<li data-start=\"1458\" data-end=\"1472\">\n<p data-start=\"1460\" data-end=\"1472\">Henkil\u00f6kortit<\/p>\n<\/li>\n<li data-start=\"1473\" data-end=\"1505\">\n<p data-start=\"1475\" data-end=\"1505\">Huoltohenkil\u00f6st\u00f6 ja teknikot<\/p>\n<\/li>\n<\/ul>\n<hr data-start=\"1507\" data-end=\"1510\" \/>\n<h2 data-start=\"1512\" data-end=\"1523\">Edut<\/h2>\n<ul data-start=\"1525\" data-end=\"1752\">\n<li data-start=\"1525\" data-end=\"1581\">\n<p data-start=\"1527\" data-end=\"1581\">Kest\u00e4v\u00e4 rakenne ammattik\u00e4ytt\u00f6\u00f6n<\/p>\n<\/li>\n<li data-start=\"1582\" data-end=\"1617\">\n<p data-start=\"1584\" data-end=\"1617\">Laajennettava <strong data-start=\"1594\" data-end=\"1615\">ter\u00e4slanka noin 60 cm<\/strong><\/p>\n<\/li>\n<li data-start=\"1618\" data-end=\"1654\">\n<p data-start=\"1620\" data-end=\"1654\">Kest\u00e4v\u00e4 muotoilu muovista ja metallista<\/p>\n<\/li>\n<li data-start=\"1655\" data-end=\"1706\">\n<p data-start=\"1657\" data-end=\"1706\">Sopii avaimille, kulkukorteille ja RFID-tunnisteille<\/p>\n<\/li>\n<li data-start=\"1707\" data-end=\"1752\">\n<p data-start=\"1709\" data-end=\"1752\">T\u00e4ydellinen turvallisuuden, omaisuuden ja palvelun k\u00e4ytt\u00f6\u00f6n<\/p>\n<\/li>\n<\/ul>\n<hr data-start=\"1754\" data-end=\"1757\" \/>\n<h2 data-start=\"1759\" data-end=\"1783\">Tekniset tiedot<\/h2>\n<p data-start=\"1785\" data-end=\"1812\">Materiaali<br data-start=\"1793\" data-end=\"1796\" \/>Muovi \/ Metalli<\/p>\n<p data-start=\"1814\" data-end=\"1828\">Maali<br data-start=\"1818\" data-end=\"1821\" \/>Musta<\/p>\n<p data-start=\"1830\" data-end=\"1846\">Paino<br data-start=\"1834\" data-end=\"1837\" \/>noin 36 g<\/p>\n<p data-start=\"1848\" data-end=\"1879\">Johdon pituus<br data-start=\"1857\" data-end=\"1860\" \/>noin 60 cm (ter\u00e4slanka)<\/p>","protected":false},"excerpt":{"rendered":"<p data-start=\"388\" data-end=\"644\">Voimakas <strong data-start=\"396\" data-end=\"447\">JOJO-avaimenper\u00e4, jossa on 60 cm pitk\u00e4 ja pidennett\u00e4v\u00e4 ter\u00e4svaijeri<\/strong>, kehitetty rakennus-, teollisuus- ja muihin vaativiin ty\u00f6ymp\u00e4rist\u00f6ihin.<\/p>\n<p data-start=\"388\" data-end=\"644\">Kest\u00e4v\u00e4n rakenteensa ansiosta se sopii t\u00e4ydellisesti avaimille, kulkukorteille ja henkil\u00f6korteille, joiden on oltava helposti saatavilla ty\u00f6p\u00e4iv\u00e4n aikana.<\/p>\n<p data-start=\"646\" data-end=\"747\">Kest\u00e4v\u00e4 muotoilu, joka kest\u00e4\u00e4 p\u00e4ivitt\u00e4ist\u00e4 k\u00e4ytt\u00f6\u00e4 esimerkiksi rakennus-, kiinteist\u00f6-, palvelu- ja turvallisuusaloilla.<\/p>","protected":false},"featured_media":162896,"template":"","meta":{"_acf_changed":false},"product_brand":[],"product_cat":[1676,2901],"product_tag":[2958],"class_list":{"0":"post-162900","1":"product","2":"type-product","3":"status-publish","4":"has-post-thumbnail","6":"product_cat-jojos-och-nyckelringar","7":"product_cat-jojo-yoyo-alltid-i-lager","8":"product_tag-stonehouse-produkt","9":"product_shipping_class-postnord-varubrev","10":"pa_brands-stonehouse-security","11":"pa_farg-svart","12":"pa_rfid-tillbehor-jojo","13":"tm-no-options","15":"first","16":"instock","17":"sale","18":"featured","19":"taxable","20":"shipping-taxable","21":"purchasable","22":"product-type-simple"},"acf":[],"_links":{"self":[{"href":"https:\/\/secureus.se\/fi\/wp-json\/wp\/v2\/product\/162900","targetHints":{"allow":["GET"]}}],"collection":[{"href":"https:\/\/secureus.se\/fi\/wp-json\/wp\/v2\/product"}],"about":[{"href":"https:\/\/secureus.se\/fi\/wp-json\/wp\/v2\/types\/product"}],"wp:featuredmedia":[{"embeddable":true,"href":"https:\/\/secureus.se\/fi\/wp-json\/wp\/v2\/media\/162896"}],"wp:attachment":[{"href":"https:\/\/secureus.se\/fi\/wp-json\/wp\/v2\/media?parent=162900"}],"wp:term":[{"taxonomy":"product_brand","embeddable":true,"href":"https:\/\/secureus.se\/fi\/wp-json\/wp\/v2\/product_brand?post=162900"},{"taxonomy":"product_cat","embeddable":true,"href":"https:\/\/secureus.se\/fi\/wp-json\/wp\/v2\/product_cat?post=162900"},{"taxonomy":"product_tag","embeddable":true,"href":"https:\/\/secureus.se\/fi\/wp-json\/wp\/v2\/product_tag?post=162900"}],"curies":[{"name":"wp","href":"https:\/\/api.w.org\/{rel}","templated":true}]}}