{"id":163289,"date":"2026-03-17T16:22:13","date_gmt":"2026-03-17T15:22:13","guid":{"rendered":"https:\/\/secureus.se\/tfx-traskruv-45-x-30-mm-10-pack\/"},"modified":"2026-04-26T10:17:11","modified_gmt":"2026-04-26T08:17:11","slug":"tfx-traskruv-45-x-30-mm-10-pack","status":"publish","type":"product","link":"https:\/\/secureus.se\/fi\/tfx-traskruv-45-x-30-mm-10-pack\/","title":{"rendered":"TFX puuruuvit 4,5 x 30 mm - 10 kpl pakkaus"},"content":{"rendered":"<h2 data-section-id=\"1wtu8ha\" data-start=\"158\" data-end=\"212\">Puuruuvi TFX 4,5 x 30 mm \u2013 Uppokanta \u2013 FZB \u2013 10 kpl pakkaus<\/h2>\n<p data-start=\"214\" data-end=\"421\">TFX-puuruuvi 4,5 x 30 mm on korkealaatuinen asennusruuvi puuhun kiinnitt\u00e4miseen. Ruuvissa on pozidrive-ristiura ja sahahampainen kierre, joka takaa nopean ja turvallisen asennuksen sek\u00e4 hyv\u00e4n pidon materiaalissa.<\/p>\n<p data-start=\"423\" data-end=\"620\">Ruuvi on pintakarkaistu, sinkitty ja k\u00e4sitelty voiteluaineella kitkan v\u00e4hent\u00e4miseksi kokoonpanon aikana. Se sopii hyvin helojen, ovenpys\u00e4yttimien, ikkunahelojen ja muiden puisten kiinnikkeiden kokoamiseen.<\/p>\n<hr data-start=\"622\" data-end=\"625\" \/>\n<h2 data-section-id=\"fnvs8i\" data-start=\"627\" data-end=\"640\">Ominaisuudet<\/h2>\n<p data-start=\"642\" data-end=\"917\">\u2022 Mitat: <strong data-start=\"655\" data-end=\"670\">4,5 x 30 mm<\/strong><br data-start=\"670\" data-end=\"673\" \/>\u2022 Tyyppi: <strong data-start=\"680\" data-end=\"696\">TFX-puuruuvi<\/strong><br data-start=\"696\" data-end=\"699\" \/>\u2022 P\u00e4\u00e4: <strong data-start=\"708\" data-end=\"720\">Upotettu<\/strong><br data-start=\"720\" data-end=\"723\" \/>\u2022 Kappaleet: <strong data-start=\"731\" data-end=\"749\">Pozidrive (PZ)<\/strong><br data-start=\"749\" data-end=\"752\" \/>\u2022 Sahahampainen kierre nopeaa kiinnityst\u00e4 varten<br data-start=\"794\" data-end=\"797\" \/>\u2022 Kotelointi karkaistu korkean lujuuden takaamiseksi<br data-start=\"829\" data-end=\"832\" \/>\u2022 Sinkkipinnoitettu (FZB) korroosiosuojauksen takaamiseksi<br data-start=\"869\" data-end=\"872\" \/>\u2022 Voitelu helpottaa kokoamista<\/p>\n<hr data-start=\"919\" data-end=\"922\" \/>\n<h2 data-section-id=\"xck9dh\" data-start=\"924\" data-end=\"945\">K\u00e4ytt\u00f6alueet<\/h2>\n<p data-start=\"947\" data-end=\"983\">Sopii seuraavien kiinnitt\u00e4miseen:<\/p>\n<p data-start=\"985\" data-end=\"1071\">\u2022 oven jarrut<br data-start=\"998\" data-end=\"1001\" \/>\u2022 ikkunajarrut<br data-start=\"1017\" data-end=\"1020\" \/>\u2022 liittimet<br data-start=\"1028\" data-end=\"1031\" \/>\u2022 sarana<br data-start=\"1041\" data-end=\"1044\" \/>\u2022 muut puurakenteet<\/p>\n<hr data-start=\"1073\" data-end=\"1076\" \/>\n<h2 data-section-id=\"1bw2nlc\" data-start=\"1078\" data-end=\"1092\">Pakkaus<\/h2>\n<p data-start=\"1094\" data-end=\"1127\"><strong data-start=\"1094\" data-end=\"1127\">10 ruuvia pakkauksessa<\/strong><\/p>","protected":false},"excerpt":{"rendered":"<p>TFX-puuruuvi 4,5 x 30 mm uppokanta ja PZ-ura. Sinkkipinnoitettu asennusruuvi, joka soveltuu helojen, ovenpys\u00e4yttimien ja muiden puisten kiinnikkeiden asennukseen. Toimitetaan 10 kappaleen pakkauksessa.<\/p>","protected":false},"featured_media":163288,"template":"","meta":{"_acf_changed":false},"product_brand":[],"product_cat":[3370],"product_tag":[],"class_list":{"0":"post-163289","1":"product","2":"type-product","3":"status-publish","4":"has-post-thumbnail","6":"product_cat-dorrbroms-dorrbromsar","7":"tm-no-options","9":"first","10":"instock","11":"taxable","12":"shipping-taxable","13":"purchasable","14":"product-type-simple"},"acf":[],"_links":{"self":[{"href":"https:\/\/secureus.se\/fi\/wp-json\/wp\/v2\/product\/163289","targetHints":{"allow":["GET"]}}],"collection":[{"href":"https:\/\/secureus.se\/fi\/wp-json\/wp\/v2\/product"}],"about":[{"href":"https:\/\/secureus.se\/fi\/wp-json\/wp\/v2\/types\/product"}],"wp:featuredmedia":[{"embeddable":true,"href":"https:\/\/secureus.se\/fi\/wp-json\/wp\/v2\/media\/163288"}],"wp:attachment":[{"href":"https:\/\/secureus.se\/fi\/wp-json\/wp\/v2\/media?parent=163289"}],"wp:term":[{"taxonomy":"product_brand","embeddable":true,"href":"https:\/\/secureus.se\/fi\/wp-json\/wp\/v2\/product_brand?post=163289"},{"taxonomy":"product_cat","embeddable":true,"href":"https:\/\/secureus.se\/fi\/wp-json\/wp\/v2\/product_cat?post=163289"},{"taxonomy":"product_tag","embeddable":true,"href":"https:\/\/secureus.se\/fi\/wp-json\/wp\/v2\/product_tag?post=163289"}],"curies":[{"name":"wp","href":"https:\/\/api.w.org\/{rel}","templated":true}]}}