{"id":163393,"date":"2026-03-20T11:40:56","date_gmt":"2026-03-20T10:40:56","guid":{"rendered":"https:\/\/secureus.se\/?post_type=product&#038;p=163393"},"modified":"2026-04-01T11:15:08","modified_gmt":"2026-04-01T09:15:08","slug":"ajax-keypad-outdoor-ip66-grafit","status":"publish","type":"product","link":"https:\/\/secureus.se\/fi\/ajax-keypad-outdoor-ip66-grafit\/","title":{"rendered":"Ajax KeyPad Ulkok\u00e4ytt\u00f6\u00f6n IP66 - Grafiitti"},"content":{"rendered":"<p data-start=\"272\" data-end=\"623\">Ajax KeyPad Outdoor Jeweller on langaton ohjauspaneeli, jossa on selke\u00e4t mekaaniset painikkeet Ajax-j\u00e4rjestelm\u00e4n sujuvaan ja turvalliseen hallintaan sek\u00e4 sis\u00e4ll\u00e4 ett\u00e4 ulkona. Se on suunniteltu tarjoamaan helpon p\u00e4\u00e4syn h\u00e4lytysten hallintaan, kulunvalvontaan ja joihinkin automaatiotoimintoihin yhdell\u00e4 k\u00e4ytt\u00f6liittym\u00e4ll\u00e4.<\/p>\n<p data-start=\"625\" data-end=\"949\">Ohjauspaneelissa on sis\u00e4\u00e4nrakennettu <strong data-start=\"652\" data-end=\"670\">DESFire-lukija<\/strong> Ajax Passille ja Tagille sek\u00e4 tuki <strong data-start=\"708\" data-end=\"738\">Bluetooth Low Energy (BLE)<\/strong>. T\u00e4m\u00e4 tarkoittaa, ett\u00e4 k\u00e4ytt\u00e4j\u00e4 voi tunnistautua tunnisteella, kortilla, koodilla tai matkapuhelimella. Laite tukee my\u00f6s k\u00e4ytt\u00f6\u00e4 \u00e4lypuhelimilla BLE:n kautta, mik\u00e4 mahdollistaa matkapuhelimen k\u00e4yt\u00f6n kulkukorttina.<\/p>\n<p data-start=\"951\" data-end=\"1284\">Sis\u00e4\u00e4nrakennettu summeri voi antaa \u00e4\u00e4nimerkin h\u00e4lytyksille, sis\u00e4\u00e4n- ja ulosk\u00e4ynnille sek\u00e4 ding dong -toiminnon muiden toimintojen ohella. KeyPad Outdoor Jeweller -n\u00e4pp\u00e4imist\u00f6\u00e4 voidaan k\u00e4ytt\u00e4\u00e4 my\u00f6s automaatiolaitteiden ohjaamiseen suoraan ohjauspaneelista, joten se on joustava valinta my\u00f6s asennuksissa, joissa halutaan yhdist\u00e4\u00e4 h\u00e4lytysten ohjaus ja \u00e4lyk\u00e4s ohjaus.<\/p>\n<p data-start=\"1286\" data-end=\"1580\">Suuret mekaaniset painikkeet on suunniteltu selke\u00e4\u00e4n ja luotettavaan k\u00e4ytt\u00f6\u00f6n my\u00f6s altteimmissa ymp\u00e4rist\u00f6iss\u00e4. Suojausluokan ansiosta <strong data-start=\"1417\" data-end=\"1425\">IP66<\/strong> ja iskunkest\u00e4vyys <strong data-start=\"1443\" data-end=\"1451\">IK08<\/strong> Malli sopii hyvin asennettavaksi esimerkiksi sis\u00e4\u00e4nk\u00e4ynteihin, portteihin, liiketiloihin ja muihin ymp\u00e4rist\u00f6ihin, joissa vaaditaan suurta kest\u00e4vyytt\u00e4.<\/p>\n<p data-start=\"1582\" data-end=\"1618\"><strong data-start=\"1582\" data-end=\"1600\">Yhteensopivuus<\/strong><br data-start=\"1600\" data-end=\"1603\" \/>Yhteensopiva seuraavien kanssa:<\/p>\n<ul data-start=\"1619\" data-end=\"1699\">\n<li data-section-id=\"10wrjv5\" data-start=\"1619\" data-end=\"1631\">Hub 2 (2G)<\/li>\n<li data-section-id=\"10wrbvb\" data-start=\"1632\" data-end=\"1644\">Hub 2 (4G)<\/li>\n<li data-section-id=\"10w8o2n\" data-start=\"1645\" data-end=\"1657\">Hub 2 Plus<\/li>\n<li data-section-id=\"1n2ssn9\" data-start=\"1658\" data-end=\"1666\">Hub BP<\/li>\n<li data-section-id=\"kgd6px\" data-start=\"1667\" data-end=\"1685\">Hub Hybrid Fiber<\/li>\n<li data-section-id=\"1o4sx3\" data-start=\"1686\" data-end=\"1691\">ReX<\/li>\n<li data-section-id=\"179hg8l\" data-start=\"1692\" data-end=\"1699\">Rex 2<\/li>\n<\/ul>\n<p data-start=\"1701\" data-end=\"1724\"><strong data-start=\"1701\" data-end=\"1724\">Tekniset tiedot<\/strong><\/p>\n<ul data-start=\"1725\" data-end=\"2207\">\n<li data-section-id=\"1xn1d3q\" data-start=\"1725\" data-end=\"1780\"><strong data-start=\"1727\" data-end=\"1748\">Langaton kantama:<\/strong> jopa 1700 mailia avoimessa maastossa<\/li>\n<li data-section-id=\"z1c1r7\" data-start=\"1781\" data-end=\"1818\"><strong data-start=\"1783\" data-end=\"1798\">Akun tyyppi:<\/strong> 2 x CR123A, sis\u00e4ltyy toimitukseen<\/li>\n<li data-section-id=\"i70wrq\" data-start=\"1819\" data-end=\"1858\"><strong data-start=\"1821\" data-end=\"1842\">Akun kesto:<\/strong> jopa 3 vuotta<\/li>\n<li data-section-id=\"1bdcz5s\" data-start=\"1859\" data-end=\"1908\"><strong data-start=\"1861\" data-end=\"1889\">Ulkoinen virtal\u00e4hde:<\/strong> 10,5\u201314 VDC, 1 A<\/li>\n<li data-section-id=\"1vune04\" data-start=\"1909\" data-end=\"1980\"><strong data-start=\"1911\" data-end=\"1941\">Varmuuskopiointi ulkoisella virtal\u00e4hteell\u00e4:<\/strong> paristot toimivat varavirtal\u00e4hteen\u00e4<\/li>\n<li data-section-id=\"9mfiut\" data-start=\"1981\" data-end=\"2025\"><strong data-start=\"1983\" data-end=\"2004\">L\u00e4mp\u00f6tila-alue:<\/strong> -25\u00b0C - +60\u00b0C<\/li>\n<li data-section-id=\"3o971j\" data-start=\"2026\" data-end=\"2062\"><strong data-start=\"2028\" data-end=\"2046\">Kosteus:<\/strong> jopa 80 %<\/li>\n<li data-section-id=\"11gxegg\" data-start=\"2063\" data-end=\"2121\"><strong data-start=\"2065\" data-end=\"2078\">Lukijan tyyppi:<\/strong> DESFire\u00ae EV1, EV2 ISO14443-A (13,56 MHz)<\/li>\n<li data-section-id=\"euscg8\" data-start=\"2122\" data-end=\"2158\"><strong data-start=\"2124\" data-end=\"2144\">K\u00e4ytt\u00e4jien m\u00e4\u00e4r\u00e4:<\/strong> jopa 50<\/li>\n<li data-section-id=\"3zmijv\" data-start=\"2159\" data-end=\"2185\"><strong data-start=\"2161\" data-end=\"2178\">Iskunkest\u00e4vyys:<\/strong> IK08<\/li>\n<li data-section-id=\"jbg9ix\" data-start=\"2186\" data-end=\"2207\"><strong data-start=\"2188\" data-end=\"2201\">IP-luokka:<\/strong> IP66<\/li>\n<\/ul>","protected":false},"excerpt":{"rendered":"<ul>\n<li data-section-id=\"1j3w74h\" data-start=\"158\" data-end=\"164\">IP66<\/li>\n<li data-section-id=\"fy49ne\" data-start=\"165\" data-end=\"189\">Sis\u00e4\u00e4nrakennettu DESFire-lukija<\/li>\n<li data-section-id=\"1v0sags\" data-start=\"190\" data-end=\"212\">Sis\u00e4\u00e4nrakennettu BLE-toiminto<\/li>\n<li data-section-id=\"1vmmd7l\" data-start=\"213\" data-end=\"229\">Sis\u00e4\u00e4nrakennettu summeri<\/li>\n<li data-section-id=\"180l11s\" data-start=\"230\" data-end=\"270\">Ulkoisen virtal\u00e4hteen mahdollisuus<\/li>\n<\/ul>","protected":false},"featured_media":163771,"template":"","meta":{"_acf_changed":false},"product_brand":[],"product_cat":[3164,3157],"product_tag":[],"class_list":{"0":"post-163393","1":"product","2":"type-product","3":"status-publish","4":"has-post-thumbnail","6":"product_cat-larmstyrning","7":"product_cat-utomhussakerhet","8":"pa_brands-ajax-systems","9":"tm-no-options","11":"first","12":"instock","13":"taxable","14":"shipping-taxable","15":"purchasable","16":"product-type-simple"},"acf":[],"_links":{"self":[{"href":"https:\/\/secureus.se\/fi\/wp-json\/wp\/v2\/product\/163393","targetHints":{"allow":["GET"]}}],"collection":[{"href":"https:\/\/secureus.se\/fi\/wp-json\/wp\/v2\/product"}],"about":[{"href":"https:\/\/secureus.se\/fi\/wp-json\/wp\/v2\/types\/product"}],"wp:featuredmedia":[{"embeddable":true,"href":"https:\/\/secureus.se\/fi\/wp-json\/wp\/v2\/media\/163771"}],"wp:attachment":[{"href":"https:\/\/secureus.se\/fi\/wp-json\/wp\/v2\/media?parent=163393"}],"wp:term":[{"taxonomy":"product_brand","embeddable":true,"href":"https:\/\/secureus.se\/fi\/wp-json\/wp\/v2\/product_brand?post=163393"},{"taxonomy":"product_cat","embeddable":true,"href":"https:\/\/secureus.se\/fi\/wp-json\/wp\/v2\/product_cat?post=163393"},{"taxonomy":"product_tag","embeddable":true,"href":"https:\/\/secureus.se\/fi\/wp-json\/wp\/v2\/product_tag?post=163393"}],"curies":[{"name":"wp","href":"https:\/\/api.w.org\/{rel}","templated":true}]}}