{"id":163532,"date":"2026-03-24T14:32:28","date_gmt":"2026-03-24T13:32:28","guid":{"rendered":"https:\/\/secureus.se\/?post_type=product&#038;p=163532"},"modified":"2026-03-31T14:18:16","modified_gmt":"2026-03-31T12:18:16","slug":"hikvision-ds-7608nxi-k2-8p-8-kanals-ip-acusense-4k-nvr-poe","status":"publish","type":"product","link":"https:\/\/secureus.se\/fi\/hikvision-ds-7608nxi-k2-8p-8-kanals-ip-acusense-4k-nvr-poe\/","title":{"rendered":"Hikvision DS-7608NXI-K2\/8P(D) 8-kanavainen IP AcuSense 4K NVR PoE"},"content":{"rendered":"<h2>Hikvision DS-7608NXI-K2\/8P(D) \u2013 \u00c4lyk\u00e4s 8-kanavainen 4K NVR, jossa PoE ja AcuSense<\/h2>\n<p>Hikvision DS-7608NXI-K2\/8P(D) on moderni ja tehokas verkkotallennin niille, jotka haluavat \u00e4lykk\u00e4\u00e4n, vakaan ja helposti asennettavan valvontaj\u00e4rjestelm\u00e4n. Kahdeksan sis\u00e4\u00e4nrakennetun PoE-portin ansiosta voit helposti liitt\u00e4\u00e4 IP-kamerasi suoraan tallentimeen ja saada sek\u00e4 virran ett\u00e4 datan saman verkkokaapelin kautta - nopeasti, sujuvasti ja ilman turhaa vaivaa.<\/p>\n<p>Tallennin tukee jopa 12 megapikselin kameroita ja tuottaa ter\u00e4v\u00e4\u00e4 kuvaa jopa 4K-laadulla HDMI-liit\u00e4nn\u00e4n kautta, antaen selke\u00e4n yleiskuvan tiloistasi sek\u00e4 reaaliajassa ett\u00e4 toiston aikana. Olitpa sitten myym\u00e4l\u00e4ss\u00e4, toimistossa, varastossa tai kotona, saat ratkaisun, joka on sek\u00e4 tehokas ett\u00e4 helppok\u00e4ytt\u00f6inen.<\/p>\n<p>Hikvisionin AcuSense-teknologian avulla saat paljon \u00e4lykk\u00e4\u00e4mm\u00e4n j\u00e4rjestelm\u00e4n, joka pystyy erottamaan ihmiset ja ajoneuvot. T\u00e4m\u00e4 tarkoittaa v\u00e4hemm\u00e4n v\u00e4\u00e4ri\u00e4 h\u00e4lytyksi\u00e4 ja voit keskitty\u00e4 nopeasti oikeisiin tapahtumiin. Yhdist\u00e4 t\u00e4m\u00e4 kasvojentunnistukseen, \u00e4lykk\u00e4\u00e4seen hakuun ja tehokkaaseen videonhallintaan, niin saat j\u00e4rjestelm\u00e4n, joka todella hoitaa homman \u2013 ilman tarpeetonta h\u00e4iri\u00f6t\u00e4.<\/p>\n<p>DS-7608NXI-K2\/8P(D) on rakennettu k\u00e4sittelem\u00e4\u00e4n suuria videom\u00e4\u00e4ri\u00e4 tehokkaasti. H.265+-pakkauksen ansiosta voit v\u00e4hent\u00e4\u00e4 tallennusvaatimuksia laadusta tinkim\u00e4tt\u00e4, ja kahden kiintolevyn ansiosta sinulla on runsaasti tilaa pitk\u00e4aikaisille tallenteille.<\/p>\n<p>Hik-Connectin kautta voit helposti k\u00e4ytt\u00e4\u00e4 j\u00e4rjestelm\u00e4\u00e4si suoraan matkapuhelimellasi tai verkon kautta. Voit katsella reaaliaikaista kuvaa, toistaa tallenteita ja vastaanottaa ilmoituksia tapahtumista \u2013 miss\u00e4 tahansa oletkin.<\/p>\n<p>T\u00e4m\u00e4 on eritt\u00e4in hyv\u00e4 NVR niille, jotka haluavat vakaan, tulevaisuudenkest\u00e4v\u00e4n ja \u00e4lykk\u00e4\u00e4n ratkaisun, jossa asennus on helppoa, mutta toiminnot ovat korkealla tasolla.<\/p>","protected":false},"excerpt":{"rendered":"<p>Hikvision DS-7608NXI-K2\/8P(D) on \u00e4lyk\u00e4s 8-kanavainen 4K NVR, jossa on 8 sis\u00e4\u00e4nrakennettua PoE-porttia ja AcuSense-tekniikka \u00e4lykk\u00e4\u00e4mp\u00e4\u00e4n ja tarkempaan videovalvontaan. Tallennin tukee jopa 12 megapikselin kameroita, siin\u00e4 on henkil\u00f6- ja ajoneuvotunnistus, kasvojentunnistus, H.265+-pakkaus ja tilaa kahdelle kiintolevylle, jopa 16 Tt levy\u00e4 kohden.<\/p>","protected":false},"featured_media":163530,"template":"","meta":{"_acf_changed":false},"product_brand":[],"product_cat":[3358],"product_tag":[],"class_list":{"0":"post-163532","1":"product","2":"type-product","3":"status-publish","4":"has-post-thumbnail","6":"product_cat-nvr-network-video-recorder","7":"pa_brands-hikvision","8":"tm-no-options","10":"first","11":"instock","12":"sale","13":"taxable","14":"shipping-taxable","15":"purchasable","16":"product-type-simple"},"acf":[],"_links":{"self":[{"href":"https:\/\/secureus.se\/fi\/wp-json\/wp\/v2\/product\/163532","targetHints":{"allow":["GET"]}}],"collection":[{"href":"https:\/\/secureus.se\/fi\/wp-json\/wp\/v2\/product"}],"about":[{"href":"https:\/\/secureus.se\/fi\/wp-json\/wp\/v2\/types\/product"}],"wp:featuredmedia":[{"embeddable":true,"href":"https:\/\/secureus.se\/fi\/wp-json\/wp\/v2\/media\/163530"}],"wp:attachment":[{"href":"https:\/\/secureus.se\/fi\/wp-json\/wp\/v2\/media?parent=163532"}],"wp:term":[{"taxonomy":"product_brand","embeddable":true,"href":"https:\/\/secureus.se\/fi\/wp-json\/wp\/v2\/product_brand?post=163532"},{"taxonomy":"product_cat","embeddable":true,"href":"https:\/\/secureus.se\/fi\/wp-json\/wp\/v2\/product_cat?post=163532"},{"taxonomy":"product_tag","embeddable":true,"href":"https:\/\/secureus.se\/fi\/wp-json\/wp\/v2\/product_tag?post=163532"}],"curies":[{"name":"wp","href":"https:\/\/api.w.org\/{rel}","templated":true}]}}