{"id":163651,"date":"2026-04-09T15:34:58","date_gmt":"2026-04-09T13:34:58","guid":{"rendered":"https:\/\/secureus.se\/?post_type=product&#038;p=163651"},"modified":"2026-04-09T16:08:56","modified_gmt":"2026-04-09T14:08:56","slug":"securex-connect-pro-larmpaket-villa-svensk-version","status":"publish","type":"product","link":"https:\/\/secureus.se\/fi\/securex-connect-pro-larmpaket-villa-svensk-version\/","title":{"rendered":"SecureX Connect Pro -h\u00e4lytyspaketti Villa \u2013 ruotsinkielinen versio"},"content":{"rendered":"<h2>SecureX Connect Pro Kit \u2013 Svensk version (Komplett villapaket)<\/h2>\n<p>H\u00e4lytysj\u00e4rjestelm\u00e4 ilman tilausta, 3 vuoden takuu ja t\u00e4ysi tuki Swedish Stonehouse Security AB:n kautta.<\/p>\n<p>SecureX Connect Pro on SecureX-j\u00e4rjestelm\u00e4n ydin \u2013 tehokas h\u00e4lytyskeskus, jossa on <strong>7 tuuman kosketusn\u00e4ytt\u00f6<\/strong> joka yhdist\u00e4\u00e4 kaikki SecureX-laitteet yhteen j\u00e4rjestelm\u00e4\u00e4n.<\/p>\n<p>Yksinkertaisen k\u00e4ynnistysvalikon avulla kuka tahansa voi m\u00e4\u00e4ritt\u00e4\u00e4 h\u00e4lytyksen noin 30 minuutissa, valikko n\u00e4ytt\u00e4\u00e4 ruotsiksi, miten se tehd\u00e4\u00e4n., <span style=\"text-decoration: underline;\"><strong>valikko noudattaa aina valitsemaasi kielt\u00e4<\/strong><\/span> olla vakiona.<\/p>\n<p>H\u00e4lytyksen sattuessa sireenit k\u00e4ynnistyv\u00e4t ja saat h\u00e4lytyksen matkapuhelimeesi sovelluksen kautta. Jos olet valinnut ja m\u00e4\u00e4ritt\u00e4nyt 4G SIM-kortin, tekstiviesti ja puhuttu \u00e4\u00e4niviesti l\u00e4hetet\u00e4\u00e4n puhelimeesi.<\/p>\n<p>\u00c4\u00e4ni ilmoittaa omalla kielell\u00e4si, mik\u00e4 osio on lauennut, ja voit my\u00f6s kuunnella, mit\u00e4 kiinteist\u00f6ss\u00e4si tapahtuu. Jos sinulla on esimerkiksi hiljainen h\u00e4t\u00e4h\u00e4lytys, henkil\u00f6 voi puhua sinulle ja sin\u00e4 voit puhua ja kommunikoida h\u00e4nen kanssaan hubin sis\u00e4\u00e4nrakennetun mikrofonin kautta.<\/p>\n<p>SecureX-h\u00e4lytys <strong>paneeli (n\u00e4yt\u00f6ll\u00e4 ja selkokielell\u00e4), \u00e4\u00e4niviestit ja Stonehouse Smart -sovellus<\/strong> saatavilla osoitteessa:<\/p>\n<p><em><strong><span style=\"text-decoration: underline;\">Ruotsi, englanti, saksa, suomi, ranska, hollanti, puola, espanja, norja ja tanska.<\/span><\/strong><\/em><\/p>\n<hr \/>\n<ul>\n<li>7 tuuman kosketusn\u00e4ytt\u00f6, jossa on pitk\u00e4 kantama\/LoRa<\/li>\n<li>Jopa <strong>200 langatonta laitetta<\/strong><\/li>\n<li><strong>WiFi, 2G ja 4G<\/strong> liit\u00e4nt\u00e4\u00e4 varten<\/li>\n<li>Sis\u00e4\u00e4nrakennettu sireeni (jopa 120 dB) + <strong>varavirta-akku 5000 mAh<\/strong><\/li>\n<li>Et\u00e4ohjaus ja ilmoitukset sovelluksen kautta<\/li>\n<li>Helppo laajentaa tarvittaessa<\/li>\n<\/ul>\n<hr \/>\n<h3>Ominaisuudet ja edut<\/h3>\n<ul>\n<li><strong>7 tuuman IPS-kosketusn\u00e4ytt\u00f6 (1024\u00d7600)<\/strong> \u2013 selke\u00e4 ja helppok\u00e4ytt\u00f6inen<\/li>\n<li>Sis\u00e4\u00e4nrakennetut protokollat: <strong>433 MHz (EV1527)<\/strong> ja <strong>868 MHz<\/strong> SecureX-salauksella<\/li>\n<li><strong>Pitk\u00e4 kantama<\/strong> \u2013 jopa noin <strong>500 metri\u00e4<\/strong> kantama (n\u00e4k\u00f6linja)<\/li>\n<li>Hybridi-tuki: <strong>200 langatonta laitetta + 8 langallista vy\u00f6hykett\u00e4<\/strong><\/li>\n<li>Sis\u00e4\u00e4nrakennettu sireeni + <strong>sabotaasih\u00e4lytys<\/strong><\/li>\n<li><strong>Vara-akku 5000 mAh<\/strong> \u2013 toiminta my\u00f6s s\u00e4hk\u00f6katkosten aikana<\/li>\n<li>Kaksisuuntainen viestint\u00e4 ja useita h\u00e4t\u00e4numeroita<\/li>\n<li><strong>Ilmaisia OTA-p\u00e4ivityksi\u00e4<\/strong> Stonehouse Smart -sovelluksen kautta<\/li>\n<li><strong>10 kielt\u00e4 + \u00e4\u00e4nitiedot:<\/strong> Ruotsi, Norja, Tanska, Suomi, Englanti, Saksa, Puola, Ranska, Espanja, Hollanti<\/li>\n<li>Helppo asennus <strong>USB-C tai 12 V<\/strong><\/li>\n<\/ul>\n<hr \/>\n<h3>Sovellus- ja \u00e4lyintegraatiot<\/h3>\n<ul>\n<li>T\u00e4ysi hallinta <strong>Stonehouse Smart -sovellus<\/strong><\/li>\n<li><strong>Tuya ja \u00e4lyk\u00e4s el\u00e4m\u00e4<\/strong> tuettu (keskittimen kautta)<\/li>\n<li>Mahdollisuus luoda tilanteita\/automaatioita (esim. valaistus h\u00e4lytyksen sattuessa)<\/li>\n<li>Tuki <strong>Google-avustaja<\/strong><\/li>\n<\/ul>\n<hr \/>\n<h3>Sertifikaatit ja laatu<\/h3>\n<ul>\n<li>CE<\/li>\n<li>RoHS-koodi<\/li>\n<li>REACH<\/li>\n<li>FCC-tunnus (H700)<\/li>\n<li>UKCA (H700)<\/li>\n<li>ERP \u2013 energiatehokas suunnittelu<\/li>\n<\/ul>\n<hr \/>\n<h3>Detta ing\u00e5r i SecureX Connect Pro Villa Kit<\/h3>\n<ul>\n<li><strong>1 kpl<\/strong> SecureX Connect Pro -paneeli \u2013 7 tuuman LoRa-paneeli kosketusn\u00e4yt\u00f6ll\u00e4<\/li>\n<li><strong>2 kpl<\/strong> SecureX QuickControl -kaukos\u00e4\u00e4timet<\/li>\n<li><strong>4 st<\/strong> SecureX MotionEye Pro \u2013 PIR-liiketunnistin<\/li>\n<li><strong>3 kpl<\/strong> SecureX DoorSense Pro \u2013 magneettinen kosketin ovelle\/ikkunalle<\/li>\n<li><strong>2 kpl<\/strong> SecureX SmokeGuard &#8211; Interconnected r\u00f6kdetetektor med 10 \u00e5rs livsl\u00e4ngd<\/li>\n<li><strong>3 kpl<\/strong> Itseliimautuvat alumiiniset h\u00e4lytystarrat, koko (A8), 52x74 mm<\/li>\n<li>Paneelin kiinnike asennusta varten<\/li>\n<li>Ruuvit ja tulpat paneeliasennusta varten<\/li>\n<\/ul>\n<p>&nbsp;<\/p>","protected":false},"excerpt":{"rendered":"<div class=\"flex flex-col text-sm pb-25\">\n<section class=\"text-token-text-primary w-full focus:outline-none [--shadow-height:45px] has-data-writing-block:pointer-events-none has-data-writing-block:-mt-(--shadow-height) has-data-writing-block:pt-(--shadow-height) [&amp;:has([data-writing-block])&gt;*]:pointer-events-auto scroll-mt-[calc(var(--header-height)+min(200px,max(70px,20svh)))]\" dir=\"auto\" data-turn-id=\"request-WEB:49b43856-904b-4adc-a395-8f9ed8638279-13\" data-testid=\"conversation-turn-28\" data-scroll-anchor=\"true\" data-turn=\"assistant\">\n<div class=\"text-base my-auto mx-auto pb-10 [--thread-content-margin:var(--thread-content-margin-xs,calc(var(--spacing)*4))] @w-sm\/main:[--thread-content-margin:var(--thread-content-margin-sm,calc(var(--spacing)*6))] @w-lg\/main:[--thread-content-margin:var(--thread-content-margin-lg,calc(var(--spacing)*16))] px-(--thread-content-margin)\">\n<div class=\"[--thread-content-max-width:40rem] @w-lg\/main:[--thread-content-max-width:48rem] mx-auto max-w-(--thread-content-max-width) flex-1 group\/turn-messages focus-visible:outline-hidden relative flex w-full min-w-0 flex-col agent-turn\">\n<div class=\"flex max-w-full flex-col gap-4 grow\">\n<div class=\"min-h-8 text-message relative flex w-full flex-col items-end gap-2 text-start break-words whitespace-normal outline-none keyboard-focused:focus-ring [.text-message+&amp;]:mt-1\" dir=\"auto\" tabindex=\"0\" data-message-author-role=\"assistant\" data-message-id=\"1d784d06-f863-40b2-9537-d62fccac1cf5\" data-message-model-slug=\"gpt-5-4-thinking\" data-turn-start-message=\"true\">\n<div class=\"flex w-full flex-col gap-1 empty:hidden\">\n<div class=\"markdown prose dark:prose-invert w-full wrap-break-word light markdown-new-styling\">\n<p data-start=\"69\" data-end=\"187\"><strong data-start=\"69\" data-end=\"102\">SecureX Connect Pro Villa Kit<\/strong> \u00e4r ett komplett och ut\u00f6kat larmpaket f\u00f6r villa med skydd mot b\u00e5de inbrott och brand.<\/p>\n<p data-start=\"734\" data-end=\"904\">Den <strong data-start=\"738\" data-end=\"762\">enkla uppstartsmenyn<\/strong> guidar dig steg f\u00f6r steg vid installationen, vilket g\u00f6r systemet smidigt att komma ig\u00e5ng med \u00e4ven f\u00f6r dig som inte installerat larm tidigare.<\/p>\n<p data-start=\"1211\" data-end=\"1276\"><strong data-start=\"1211\" data-end=\"1230\">Certifieringar:<\/strong> CE, RoHS, REACH, FCC ID (H700), UKCA och ERP.<\/p>\n<p data-start=\"1278\" data-end=\"1394\" data-is-last-node=\"\" data-is-only-node=\"\">Larmet \u00e4r <strong data-start=\"1288\" data-end=\"1307\">utan abonnemang<\/strong>, levereras med <strong data-start=\"1323\" data-end=\"1340\">3 \u00e5rs garanti<\/strong> och support.<\/p>\n<\/div>\n<\/div>\n<\/div>\n<\/div>\n<div class=\"z-0 flex min-h-[46px] justify-start\"><\/div>\n<div class=\"mt-3 w-full empty:hidden\">\n<div class=\"text-center\"><\/div>\n<\/div>\n<\/div>\n<\/div>\n<\/section>\n<\/div>\n<div class=\"pointer-events-none h-px w-px absolute bottom-0\" aria-hidden=\"true\" data-edge=\"true\"><\/div>\n","protected":false},"featured_media":164316,"template":"","meta":{"_acf_changed":false},"product_brand":[],"product_cat":[5060,5059],"product_tag":[],"class_list":{"0":"post-163651","1":"product","2":"type-product","3":"status-publish","4":"has-post-thumbnail","6":"product_cat-securex-kit-hub","7":"product_cat-smart-larm-securex","8":"pa_brands-securex-connect-pro","9":"pa_brands-stonehouse-smart","10":"tm-no-options","12":"first","13":"instock","14":"sale","15":"taxable","16":"shipping-taxable","17":"purchasable","18":"product-type-woosb"},"acf":[],"_links":{"self":[{"href":"https:\/\/secureus.se\/fi\/wp-json\/wp\/v2\/product\/163651","targetHints":{"allow":["GET"]}}],"collection":[{"href":"https:\/\/secureus.se\/fi\/wp-json\/wp\/v2\/product"}],"about":[{"href":"https:\/\/secureus.se\/fi\/wp-json\/wp\/v2\/types\/product"}],"wp:featuredmedia":[{"embeddable":true,"href":"https:\/\/secureus.se\/fi\/wp-json\/wp\/v2\/media\/164316"}],"wp:attachment":[{"href":"https:\/\/secureus.se\/fi\/wp-json\/wp\/v2\/media?parent=163651"}],"wp:term":[{"taxonomy":"product_brand","embeddable":true,"href":"https:\/\/secureus.se\/fi\/wp-json\/wp\/v2\/product_brand?post=163651"},{"taxonomy":"product_cat","embeddable":true,"href":"https:\/\/secureus.se\/fi\/wp-json\/wp\/v2\/product_cat?post=163651"},{"taxonomy":"product_tag","embeddable":true,"href":"https:\/\/secureus.se\/fi\/wp-json\/wp\/v2\/product_tag?post=163651"}],"curies":[{"name":"wp","href":"https:\/\/api.w.org\/{rel}","templated":true}]}}