{"id":163743,"date":"2026-03-17T12:47:08","date_gmt":"2026-03-17T11:47:08","guid":{"rendered":"https:\/\/secureus.se\/tagg-desfire-ev3-4k-svart-plus\/"},"modified":"2026-04-09T13:27:35","modified_gmt":"2026-04-09T11:27:35","slug":"tagg-desfire-ev3-4k-svart-plus","status":"publish","type":"product","link":"https:\/\/secureus.se\/fi\/tagg-desfire-ev3-4k-svart-plus\/","title":{"rendered":"Tag DESFIRE\u00ae EV3 4K Black Plus"},"content":{"rendered":"<h1 data-section-id=\"mqmvaq\" data-start=\"152\" data-end=\"218\">RFID-tunniste MIFARE DESFire<\/h1>\n<h2 data-section-id=\"mqmvaq\" data-start=\"152\" data-end=\"218\">ABS Plus -l\u00e4p\u00e4isytunniste (korkea turvallisuus)<\/h2>\n<p data-start=\"220\" data-end=\"446\">RFID-tunniste, jossa on <strong data-start=\"234\" data-end=\"257\">MIFARE DESFire -siru<\/strong> nykyaikaisiin kulunvalvontaj\u00e4rjestelmiin, joissa korkea turvallisuus ja vakaa toiminta ovat t\u00e4rkeit\u00e4.<\/p>\n<p data-start=\"220\" data-end=\"446\">T\u00e4t\u00e4 k\u00e4ytt\u00f6oikeustunnusta k\u00e4ytet\u00e4\u00e4n usein ammattimaisissa turvaj\u00e4rjestelmiss\u00e4, ja se on yhteensopiva useiden tunnettujen alustojen kanssa.<\/p>\n<p data-start=\"448\" data-end=\"558\">Merkin mukana tulee <strong data-start=\"469\" data-end=\"494\">alkuper\u00e4inen NXP:n siru<\/strong> ja se on valmistettu kest\u00e4v\u00e4st\u00e4 ABS-materiaalista pitk\u00e4n k\u00e4ytt\u00f6i\u00e4n takaamiseksi.<\/p>\n<p data-start=\"560\" data-end=\"591\"><strong data-start=\"560\" data-end=\"591\">Yhteensopiva muun muassa seuraavien kanssa:<\/strong><\/p>\n<ul data-start=\"593\" data-end=\"687\">\n<li data-section-id=\"17a1ys6\" data-start=\"593\" data-end=\"600\">\n<p data-start=\"595\" data-end=\"600\">RCO<\/p>\n<\/li>\n<li data-section-id=\"1n8l3ye\" data-start=\"601\" data-end=\"625\">\n<p data-start=\"603\" data-end=\"625\">Bewator \/ Vanderbilt<\/p>\n<\/li>\n<li data-section-id=\"1pxgavf\" data-start=\"626\" data-end=\"635\">\n<p data-start=\"628\" data-end=\"635\">Aptus<\/p>\n<\/li>\n<li data-section-id=\"1soj2rn\" data-start=\"636\" data-end=\"648\">\n<p data-start=\"638\" data-end=\"648\">ASSA ARX<\/p>\n<\/li>\n<li data-section-id=\"1e3tozb\" data-start=\"649\" data-end=\"665\">\n<p data-start=\"651\" data-end=\"665\">Vierailijaj\u00e4rjestelm\u00e4<\/p>\n<\/li>\n<li data-section-id=\"m4aqxg\" data-start=\"666\" data-end=\"687\">\n<p data-start=\"668\" data-end=\"687\">Kirjautumisj\u00e4rjestelm\u00e4<\/p>\n<\/li>\n<\/ul>\n<p data-start=\"689\" data-end=\"792\">Huomaa, ett\u00e4 tunniste <strong data-start=\"710\" data-end=\"758\">ei toimiteta RAID-ohjelmoituna RCO:ta varten<\/strong>, mutta mukana tulee vakiosiru.<\/p>\n<hr data-start=\"794\" data-end=\"797\" \/>\n<h2 data-section-id=\"1v00gra\" data-start=\"799\" data-end=\"834\">Kest\u00e4v\u00e4 RFID-tunniste ohuessa muodossa<\/h2>\n<p data-start=\"836\" data-end=\"1063\">Mallimme <strong data-start=\"847\" data-end=\"874\">ABS Plus MIFARE DESFire<\/strong> on kehitetty p\u00e4ivitt\u00e4iseen k\u00e4ytt\u00f6\u00f6n kulunvalvontaj\u00e4rjestelmiss\u00e4.<\/p>\n<p data-start=\"836\" data-end=\"1063\">Tarjotin on valmistettu kest\u00e4v\u00e4st\u00e4 ABS-materiaalista ja sen ohut profiili on vain <strong data-start=\"1003\" data-end=\"1013\">3,9 mm<\/strong>, mik\u00e4 tekee siit\u00e4 sek\u00e4 kest\u00e4v\u00e4n ett\u00e4 helppok\u00e4ytt\u00f6isen.<\/p>\n<p data-start=\"1065\" data-end=\"1232\">Sile\u00e4 pinta sopii hyvin mm. <strong data-start=\"1098\" data-end=\"1140\">numeroiden tai logojen laserkaiverrus<\/strong>,.<\/p>\n<p data-start=\"1065\" data-end=\"1232\">T\u00e4m\u00e4 helpottaa yritysten, kiinteist\u00f6jen tai organisaatioiden laattojen merkitsemist\u00e4.<\/p>\n<hr data-start=\"1234\" data-end=\"1237\" \/>\n<h2 data-section-id=\"xck9dh\" data-start=\"1239\" data-end=\"1260\">K\u00e4ytt\u00f6alueet<\/h2>\n<p data-start=\"1262\" data-end=\"1311\">RFID-tunnistetta voidaan k\u00e4ytt\u00e4\u00e4 monenlaisissa j\u00e4rjestelmiss\u00e4:<\/p>\n<ul data-start=\"1313\" data-end=\"1450\">\n<li data-section-id=\"3yp6jv\" data-start=\"1313\" data-end=\"1329\">\n<p data-start=\"1315\" data-end=\"1329\">Pass-j\u00e4rjestelm\u00e4<\/p>\n<\/li>\n<li data-section-id=\"1e3tozb\" data-start=\"1330\" data-end=\"1346\">\n<p data-start=\"1332\" data-end=\"1346\">Vierailijaj\u00e4rjestelm\u00e4<\/p>\n<\/li>\n<li data-section-id=\"j9tvrq\" data-start=\"1347\" data-end=\"1365\">\n<p data-start=\"1349\" data-end=\"1365\">Varausj\u00e4rjestelm\u00e4<\/p>\n<\/li>\n<li data-section-id=\"q6dwif\" data-start=\"1366\" data-end=\"1395\">\n<p data-start=\"1368\" data-end=\"1395\">H\u00e4lytys- ja turvaj\u00e4rjestelm\u00e4t<\/p>\n<\/li>\n<li data-section-id=\"pd8qry\" data-start=\"1396\" data-end=\"1413\">\n<p data-start=\"1398\" data-end=\"1413\">S\u00e4hk\u00f6auton laturi<\/p>\n<\/li>\n<li data-section-id=\"1u2dvsm\" data-start=\"1414\" data-end=\"1450\">\n<p data-start=\"1416\" data-end=\"1450\">Varastonhallinta ja tunnistaminen<\/p>\n<\/li>\n<\/ul>\n<p data-start=\"1452\" data-end=\"1590\">MIFARE DESFire -tarjoukset <strong data-start=\"1476\" data-end=\"1523\">korkeampi turvallisuus kuin esimerkiksi MIFARE Classicissa<\/strong>, mik\u00e4 tekee siit\u00e4 yleisen valinnan nykyaikaisissa tietoturvaratkaisuissa.<\/p>\n<hr data-start=\"1592\" data-end=\"1595\" \/>\n<h2 data-section-id=\"11ig3cm\" data-start=\"1597\" data-end=\"1633\">R\u00e4\u00e4t\u00e4l\u00f6idyt RFID-tunnisteet projekteihin<\/h2>\n<p data-start=\"1635\" data-end=\"1704\">Tarjoamme mahdollisuuden mukauttaa tunnisteita tarpeidesi mukaan, esimerkiksi:<\/p>\n<ul data-start=\"1706\" data-end=\"1855\">\n<li data-section-id=\"1xsenfi\" data-start=\"1706\" data-end=\"1739\">\n<p data-start=\"1708\" data-end=\"1739\">Kaiverrus <strong data-start=\"1721\" data-end=\"1737\">yksil\u00f6lliset numerot<\/strong><\/p>\n<\/li>\n<li data-section-id=\"fzw2hm\" data-start=\"1740\" data-end=\"1776\">\n<p data-start=\"1742\" data-end=\"1776\">Kaiverrus <strong data-start=\"1755\" data-end=\"1774\">yrityksen logo<\/strong><\/p>\n<\/li>\n<li data-section-id=\"dsua8s\" data-start=\"1777\" data-end=\"1807\">\n<p data-start=\"1779\" data-end=\"1807\">Valinta <strong data-start=\"1786\" data-end=\"1805\">eri sirutyypit<\/strong><\/p>\n<\/li>\n<li data-section-id=\"1ccnvn3\" data-start=\"1808\" data-end=\"1855\">\n<p data-start=\"1810\" data-end=\"1855\">R\u00e4\u00e4t\u00e4l\u00f6inti tiettyihin j\u00e4rjestelmiin ja projekteihin<\/p>\n<\/li>\n<\/ul>\n<p data-start=\"1857\" data-end=\"1919\">Yleisi\u00e4 kulunvalvontakorteissa k\u00e4ytettyj\u00e4 siruja ovat nyky\u00e4\u00e4n esimerkiksi:<\/p>\n<ul data-start=\"1921\" data-end=\"1980\">\n<li data-section-id=\"1jziiiu\" data-start=\"1921\" data-end=\"1931\">\n<p data-start=\"1923\" data-end=\"1931\">EM4200<\/p>\n<\/li>\n<li data-section-id=\"1dhpwfa\" data-start=\"1932\" data-end=\"1945\">\n<p data-start=\"1934\" data-end=\"1945\">MIFARE 1K<\/p>\n<\/li>\n<li data-section-id=\"1llejgs\" data-start=\"1946\" data-end=\"1961\">\n<p data-start=\"1948\" data-end=\"1961\">Yhdistelm\u00e4tunnisteet<\/p>\n<\/li>\n<li data-section-id=\"1k7zueu\" data-start=\"1962\" data-end=\"1980\">\n<p data-start=\"1964\" data-end=\"1980\">MIFARE DESFire<\/p>\n<\/li>\n<\/ul>\n<p data-start=\"1982\" data-end=\"2060\">Ota meihin yhteytt\u00e4, jos tarvitset <strong data-start=\"2015\" data-end=\"2059\">r\u00e4\u00e4t\u00e4l\u00f6ityj\u00e4 RFID-tunnisteita j\u00e4rjestelm\u00e4\u00e4si varten<\/strong>.<\/p>\n<hr data-start=\"2062\" data-end=\"2065\" \/>\n<h2 data-section-id=\"1nma161\" data-start=\"2067\" data-end=\"2084\">Saatavuus<\/h2>\n<p data-start=\"2086\" data-end=\"2248\">Tagi voidaan toimittaa useissa eri v\u00e4reiss\u00e4 ja siruversioissa.<\/p>\n<p data-start=\"2086\" data-end=\"2248\"><strong data-start=\"2141\" data-end=\"2185\">Valkoista ja mustaa on yleens\u00e4 saatavilla<\/strong>, kun taas muut v\u00e4rit ja mallit valmistetaan tilauksesta.<\/p>\n<p data-start=\"2250\" data-end=\"2337\">Laserkoneillamme voimme my\u00f6s kaivertaa <strong data-start=\"2293\" data-end=\"2321\">logo ja yksil\u00f6lliset numerot<\/strong> pyynn\u00f6st\u00e4.<\/p>\n<hr data-start=\"2339\" data-end=\"2342\" \/>\n<h2 data-section-id=\"fbszj2\" data-start=\"2344\" data-end=\"2395\">RFID-tunnisteen MIFARE DESFire \u2013 ABS Plus edut<\/h2>\n<ul data-start=\"2397\" data-end=\"2683\">\n<li data-section-id=\"1sey2io\" data-start=\"2397\" data-end=\"2439\">\n<p data-start=\"2399\" data-end=\"2439\">MIFARE DESFire -siru <strong data-start=\"2423\" data-end=\"2439\">korkea turvallisuus<\/strong><\/p>\n<\/li>\n<li data-section-id=\"13d4na2\" data-start=\"2440\" data-end=\"2467\">\n<p data-start=\"2442\" data-end=\"2467\"><strong data-start=\"2442\" data-end=\"2467\">Alkuper\u00e4inen siru NXP:lt\u00e4<\/strong><\/p>\n<\/li>\n<li data-section-id=\"80xk7\" data-start=\"2468\" data-end=\"2508\">\n<p data-start=\"2470\" data-end=\"2508\">Vankka rakenne <strong data-start=\"2492\" data-end=\"2508\">ABS-materiaali<\/strong><\/p>\n<\/li>\n<li data-section-id=\"1jtkdom\" data-start=\"2509\" data-end=\"2542\">\n<p data-start=\"2511\" data-end=\"2542\"><strong data-start=\"2511\" data-end=\"2542\">Ohut muotoilu \u2013 vain 3,9 mm<\/strong><\/p>\n<\/li>\n<li data-section-id=\"1kkzgn0\" data-start=\"2543\" data-end=\"2602\">\n<p data-start=\"2545\" data-end=\"2602\">Mahdollisuus <strong data-start=\"2560\" data-end=\"2602\">numeroiden tai logojen laserkaiverrus<\/strong><\/p>\n<\/li>\n<li data-section-id=\"1j6d40y\" data-start=\"2603\" data-end=\"2639\">\n<p data-start=\"2605\" data-end=\"2639\">Useita <strong data-start=\"2611\" data-end=\"2639\">siruvaihtoehdot ja v\u00e4rit<\/strong><\/p>\n<\/li>\n<li data-section-id=\"d94i3o\" data-start=\"2640\" data-end=\"2683\">\n<p data-start=\"2642\" data-end=\"2683\">Sopeutuva <strong data-start=\"2661\" data-end=\"2683\">projektit ja j\u00e4rjestelm\u00e4t<\/strong><\/p>\n<\/li>\n<\/ul>","protected":false},"excerpt":{"rendered":"<p>RFID-tunniste MIFARE DESFire -sirulla kulunvalvontaan ja tunnistamiseen.<\/p>\n<p>Valmistettu kest\u00e4v\u00e4st\u00e4 ABS-materiaalista, jonka ohut profiili on 3,9 mm.<\/p>\n<p>Sopii j\u00e4rjestelmiin, kuten RCO, Aptus ja ASSA ARX, ja siihen voidaan kaivertaa numeroita tai logoja.<\/p>","protected":false},"featured_media":163673,"template":"","meta":{"_acf_changed":false},"product_brand":[],"product_cat":[1337,4789],"product_tag":[2314,3137,3136,2074,4806,4146,2095,2958],"class_list":{"0":"post-163743","1":"product","2":"type-product","3":"status-publish","4":"has-post-thumbnail","6":"product_cat-rfid-tagg-abs-plus","7":"product_cat-desfire-4k-tagg","8":"product_tag-desfire-lop-logo","9":"product_tag-desfire-ev2-4k","10":"product_tag-desfire-taggar-kort","11":"product_tag-ej-lagerfraga","12":"product_tag-fungerar-ej-till-yale","13":"product_tag-nxp","14":"product_tag-rfid-500","15":"product_tag-stonehouse-produkt","16":"product_shipping_class-postnord-varubrev","17":"pa_brands-stonehouse-security","18":"pa_chip-teknik-mifare-desfire","19":"pa_chip-teknik-mifare-desfire-4k-minne","20":"pa_farg-svart","21":"pa_sakerhetssystem-rfid-taggar","22":"tm-has-options","24":"first","25":"instock","26":"sale","27":"featured","28":"taxable","29":"shipping-taxable","30":"purchasable","31":"product-type-simple"},"acf":[],"_links":{"self":[{"href":"https:\/\/secureus.se\/fi\/wp-json\/wp\/v2\/product\/163743","targetHints":{"allow":["GET"]}}],"collection":[{"href":"https:\/\/secureus.se\/fi\/wp-json\/wp\/v2\/product"}],"about":[{"href":"https:\/\/secureus.se\/fi\/wp-json\/wp\/v2\/types\/product"}],"wp:featuredmedia":[{"embeddable":true,"href":"https:\/\/secureus.se\/fi\/wp-json\/wp\/v2\/media\/163673"}],"wp:attachment":[{"href":"https:\/\/secureus.se\/fi\/wp-json\/wp\/v2\/media?parent=163743"}],"wp:term":[{"taxonomy":"product_brand","embeddable":true,"href":"https:\/\/secureus.se\/fi\/wp-json\/wp\/v2\/product_brand?post=163743"},{"taxonomy":"product_cat","embeddable":true,"href":"https:\/\/secureus.se\/fi\/wp-json\/wp\/v2\/product_cat?post=163743"},{"taxonomy":"product_tag","embeddable":true,"href":"https:\/\/secureus.se\/fi\/wp-json\/wp\/v2\/product_tag?post=163743"}],"curies":[{"name":"wp","href":"https:\/\/api.w.org\/{rel}","templated":true}]}}