{"id":163966,"date":"2026-04-01T15:47:35","date_gmt":"2026-04-01T13:47:35","guid":{"rendered":"https:\/\/secureus.se\/?post_type=product&#038;p=163966"},"modified":"2026-04-09T11:17:05","modified_gmt":"2026-04-09T09:17:05","slug":"axis-m4228-lve-m42-serien-8mp-ip-kamera-for-utomhusbruk-wdr-optimerad-ir-32-72-mm-varifokalt-objektiv","status":"publish","type":"product","link":"https:\/\/secureus.se\/fi\/axis-m4228-lve-m42-serien-8mp-ip-kamera-for-utomhusbruk-wdr-optimerad-ir-32-72-mm-varifokalt-objektiv\/","title":{"rendered":"AXIS M4228-LVE M42-sarjan 8 megapikselin ulkok\u00e4ytt\u00f6\u00f6n tarkoitettu IP-kamera, WDR, optimoitu infrapuna, 3,2\u20137,2 mm:n varifokaalobjektiivi"},"content":{"rendered":"","protected":false},"excerpt":{"rendered":"<p>AXIS M4228-LVE M42 -sarjan 8 megapikselin ulkok\u00e4ytt\u00f6\u00f6n tarkoitettu IP-kupukamera, WDR, optimoitu infrapuna, 3,2\u20137,2 mm:n varifokaalobjektiivi<\/p>","protected":false},"featured_media":163965,"template":"","meta":{"_acf_changed":false},"product_brand":[],"product_cat":[4950],"product_tag":[],"class_list":{"0":"post-163966","1":"product","2":"type-product","3":"status-publish","4":"has-post-thumbnail","6":"product_cat-axis-domekameror","7":"tm-no-options","9":"first","10":"onbackorder","11":"sale","12":"taxable","13":"shipping-taxable","14":"purchasable","15":"product-type-simple"},"acf":[],"_links":{"self":[{"href":"https:\/\/secureus.se\/fi\/wp-json\/wp\/v2\/product\/163966","targetHints":{"allow":["GET"]}}],"collection":[{"href":"https:\/\/secureus.se\/fi\/wp-json\/wp\/v2\/product"}],"about":[{"href":"https:\/\/secureus.se\/fi\/wp-json\/wp\/v2\/types\/product"}],"wp:featuredmedia":[{"embeddable":true,"href":"https:\/\/secureus.se\/fi\/wp-json\/wp\/v2\/media\/163965"}],"wp:attachment":[{"href":"https:\/\/secureus.se\/fi\/wp-json\/wp\/v2\/media?parent=163966"}],"wp:term":[{"taxonomy":"product_brand","embeddable":true,"href":"https:\/\/secureus.se\/fi\/wp-json\/wp\/v2\/product_brand?post=163966"},{"taxonomy":"product_cat","embeddable":true,"href":"https:\/\/secureus.se\/fi\/wp-json\/wp\/v2\/product_cat?post=163966"},{"taxonomy":"product_tag","embeddable":true,"href":"https:\/\/secureus.se\/fi\/wp-json\/wp\/v2\/product_tag?post=163966"}],"curies":[{"name":"wp","href":"https:\/\/api.w.org\/{rel}","templated":true}]}}