{"id":164170,"date":"2026-04-07T15:41:25","date_gmt":"2026-04-07T13:41:25","guid":{"rendered":"https:\/\/secureus.se\/magicard-eventkort-140-x-54-mm-m9007-440-langformat-plastkort-100-pack\/"},"modified":"2026-04-23T12:31:47","modified_gmt":"2026-04-23T10:31:47","slug":"magicard-eventkort-140-x-54-mm-m9007-440-langformat-plastkort-100-pack","status":"publish","type":"product","link":"https:\/\/secureus.se\/fi\/magicard-eventkort-140-x-54-mm-m9007-440-langformat-plastkort-100-pack\/","title":{"rendered":"Magicard M9007-440 Pitk\u00e4n formaatin kortti 140 x 54 mm \u2013 100 kpl"},"content":{"rendered":"<p data-start=\"389\" data-end=\"699\">Magicard M9007-440 ovat korkealaatuisia pitk\u00e4n formaatin muovikortteja (140 x 54 mm), jotka on suunniteltu k\u00e4ytett\u00e4v\u00e4ksi Magicard E+ -tapahtumakorttitulostimen kanssa. N\u00e4m\u00e4 kortit ovat erinomainen valinta tapahtumiin, messuille ja konferensseihin, joissa haluat luoda ammattimaisia ja visuaalisesti miellytt\u00e4vi\u00e4 passeja, joissa on enemm\u00e4n tilaa kuin tavallisissa korteissa.<\/p>\n<p data-start=\"701\" data-end=\"985\">Pidempi muoto mahdollistaa kortille lis\u00e4\u00e4misen enemm\u00e4n tietoja, kuten nimi\u00e4, yrityksi\u00e4, QR-koodeja, viivakoodeja, sponsorien logoja ja k\u00e4ytt\u00f6oikeustasoja. T\u00e4m\u00e4 tekee niist\u00e4 erityisen sopivia esimerkiksi VIP-passeihin, kulissien takaisiin passeihin ja l\u00e4sn\u00e4ololippuihin, joissa selkeys ja muotoilu ovat t\u00e4rkeit\u00e4.<\/p>\n<p data-start=\"987\" data-end=\"1173\">Korttien muovimateriaali tarjoaa huomattavasti kest\u00e4v\u00e4mm\u00e4n ja ammattimaisemman ratkaisun perinteisiin paperipasseihin verrattuna. Ne ovat kest\u00e4vi\u00e4, kulutusta kest\u00e4vi\u00e4 ja antavat k\u00e4yt\u00f6ss\u00e4 ylellisen vaikutelman.<\/p>\n<p data-start=\"1175\" data-end=\"1318\">Magicard M9007-440 on t\u00e4ysin yhteensopiva Magicard E+:n kanssa ja varmistaa optimaalisen tulostuslaadun ja ongelmattoman k\u00e4yt\u00f6n korttitulostimessasi.<\/p>\n<hr data-start=\"1320\" data-end=\"1323\" \/>\n<h3 data-section-id=\"174tte9\" data-start=\"1325\" data-end=\"1343\"><span role=\"text\"><strong data-start=\"1329\" data-end=\"1343\">Ominaisuudet<\/strong><\/span><\/h3>\n<ul data-start=\"1345\" data-end=\"1578\">\n<li data-section-id=\"1t8bn7j\" data-start=\"1345\" data-end=\"1376\">Pitk\u00e4n formaatin kortti: 140 x 54 mm<\/li>\n<li data-section-id=\"1sq427d\" data-start=\"1377\" data-end=\"1420\">T\u00e4ydellinen tapahtuma- ja konferenssipasseihin<\/li>\n<li data-section-id=\"1n9ah8l\" data-start=\"1421\" data-end=\"1463\">Enemm\u00e4n tilaa tiedolle ja suunnittelulle<\/li>\n<li data-section-id=\"v49ea9\" data-start=\"1464\" data-end=\"1509\">Korkealaatuinen ja kest\u00e4v\u00e4 muovimateriaali<\/li>\n<li data-section-id=\"5h45n1\" data-start=\"1510\" data-end=\"1552\">Mukautettu Magicard E+ -korttitulostimille<\/li>\n<li data-section-id=\"3jmkwk\" data-start=\"1553\" data-end=\"1578\">Pakkaus: 100 korttia<\/li>\n<\/ul>\n<hr data-start=\"1580\" data-end=\"1583\" \/>\n<p data-start=\"1585\" data-end=\"1651\"><strong data-start=\"1585\" data-end=\"1614\">Valmistajan osanumero:<\/strong> M9007-440<br data-start=\"1624\" data-end=\"1627\" \/><strong data-start=\"1627\" data-end=\"1643\">Tuotteen paino:<\/strong> 0,50 kg<\/p>","protected":false},"excerpt":{"rendered":"<p>Magicard M9007-440 ovat valkoisia pitk\u00e4n formaatin kortteja, joiden koko on 140 x 54 mm ja jotka on suunniteltu erityisesti Magicard E+ -korttitulostimille. T\u00e4ydellinen tapahtumapasseihin, konferensseihin ja henkil\u00f6kortteihin, joissa tarvitset lis\u00e4tilaa tiedoille ja suunnittelulle.<\/p>","protected":false},"featured_media":164168,"template":"","meta":{"_acf_changed":false},"product_brand":[],"product_cat":[4235],"product_tag":[],"class_list":{"0":"post-164170","1":"product","2":"type-product","3":"status-publish","4":"has-post-thumbnail","6":"product_cat-plastkort-utan-chip","7":"pa_brands-magicard","8":"tm-no-options","10":"first","11":"outofstock","12":"sale","13":"taxable","14":"shipping-taxable","15":"purchasable","16":"product-type-simple"},"acf":[],"_links":{"self":[{"href":"https:\/\/secureus.se\/fi\/wp-json\/wp\/v2\/product\/164170","targetHints":{"allow":["GET"]}}],"collection":[{"href":"https:\/\/secureus.se\/fi\/wp-json\/wp\/v2\/product"}],"about":[{"href":"https:\/\/secureus.se\/fi\/wp-json\/wp\/v2\/types\/product"}],"wp:featuredmedia":[{"embeddable":true,"href":"https:\/\/secureus.se\/fi\/wp-json\/wp\/v2\/media\/164168"}],"wp:attachment":[{"href":"https:\/\/secureus.se\/fi\/wp-json\/wp\/v2\/media?parent=164170"}],"wp:term":[{"taxonomy":"product_brand","embeddable":true,"href":"https:\/\/secureus.se\/fi\/wp-json\/wp\/v2\/product_brand?post=164170"},{"taxonomy":"product_cat","embeddable":true,"href":"https:\/\/secureus.se\/fi\/wp-json\/wp\/v2\/product_cat?post=164170"},{"taxonomy":"product_tag","embeddable":true,"href":"https:\/\/secureus.se\/fi\/wp-json\/wp\/v2\/product_tag?post=164170"}],"curies":[{"name":"wp","href":"https:\/\/api.w.org\/{rel}","templated":true}]}}