{"id":164173,"date":"2026-04-07T15:41:25","date_gmt":"2026-04-07T13:41:25","guid":{"rendered":"https:\/\/secureus.se\/magicard-langformatkort-109-x-54-mm-100-pack-m9007-433-for-e\/"},"modified":"2026-04-07T16:39:39","modified_gmt":"2026-04-07T14:39:39","slug":"magicard-langformatkort-109-x-54-mm-100-pack-m9007-433-for-e","status":"publish","type":"product","link":"https:\/\/secureus.se\/fi\/magicard-langformatkort-109-x-54-mm-100-pack-m9007-433-for-e\/","title":{"rendered":"Magicard L\u00e5ngformatkort 109 x 54 mm \u2013 100-pack (M9007-433) f\u00f6r E+"},"content":{"rendered":"<p data-start=\"463\" data-end=\"763\">Magicard M9007-433 \u00e4r h\u00f6gkvalitativa plastkort i l\u00e5ngformat (109 x 54 mm), framtagna f\u00f6r anv\u00e4ndning tillsammans med Magicard E+ Event Card Printer. Dessa kort \u00e4r ett perfekt val f\u00f6r event, m\u00e4ssor och f\u00f6retag som vill skapa professionella pass och ID-kort med extra utrymme f\u00f6r information och design.<\/p>\n<p data-start=\"765\" data-end=\"1052\">Det n\u00e5got st\u00f6rre formatet j\u00e4mf\u00f6rt med standard CR80-kort g\u00f6r det enklare att inkludera viktig information s\u00e5som namn, f\u00f6retag, QR-koder, streckkoder, logotyper och tilltr\u00e4desniv\u00e5er. Korten passar utm\u00e4rkt f\u00f6r deltagarkort, bes\u00f6kskort och eventpass d\u00e4r tydlighet och struktur \u00e4r avg\u00f6rande.<\/p>\n<p data-start=\"1054\" data-end=\"1236\">Plastmaterialet ger en h\u00e5llbar och professionell l\u00f6sning som \u00e4r betydligt mer slitstark \u00e4n pappersalternativ. Det g\u00f6r korten l\u00e4mpliga b\u00e5de f\u00f6r kortvariga event och l\u00e4ngre anv\u00e4ndning.<\/p>\n<p data-start=\"1238\" data-end=\"1373\">Magicard M9007-433 \u00e4r fullt kompatibla med Magicard E+ och s\u00e4kerst\u00e4ller h\u00f6g utskriftskvalitet samt problemfri drift i din kortskrivare.<\/p>\n<hr data-start=\"1375\" data-end=\"1378\" \/>\n<h3 data-section-id=\"174tte9\" data-start=\"1380\" data-end=\"1398\"><span role=\"text\"><strong data-start=\"1384\" data-end=\"1398\">Ominaisuudet<\/strong><\/span><\/h3>\n<ul data-start=\"1400\" data-end=\"1608\">\n<li data-section-id=\"1kzdp0y\" data-start=\"1400\" data-end=\"1431\">L\u00e5ngformatkort: 109 x 54 mm<\/li>\n<li data-section-id=\"182a49v\" data-start=\"1432\" data-end=\"1478\">Perfekt f\u00f6r event, konferenser och ID-kort<\/li>\n<li data-section-id=\"x6u9im\" data-start=\"1479\" data-end=\"1510\">Mer utrymme \u00e4n standardkort<\/li>\n<li data-section-id=\"1po9t74\" data-start=\"1511\" data-end=\"1539\">Slitstarkt plastmaterial<\/li>\n<li data-section-id=\"5h45n1\" data-start=\"1540\" data-end=\"1582\">Anpassade f\u00f6r Magicard E+ kortskrivare<\/li>\n<li data-section-id=\"3jmkwk\" data-start=\"1583\" data-end=\"1608\">F\u00f6rpackning: 100 kort<\/li>\n<\/ul>\n<hr data-start=\"1610\" data-end=\"1613\" \/>\n<p data-start=\"1615\" data-end=\"1681\"><strong data-start=\"1615\" data-end=\"1644\">Manufacturer Part Number:<\/strong> M9007-433<br data-start=\"1654\" data-end=\"1657\" \/><strong data-start=\"1657\" data-end=\"1673\">Tuotteen paino:<\/strong> 0,80 kg<\/p>","protected":false},"excerpt":{"rendered":"<p data-start=\"235\" data-end=\"431\">Magicard M9007-433 \u00e4r vita plastkort i l\u00e5ngformat (109 x 54 mm), anpassade f\u00f6r Magicard E+ kortskrivare. Perfekta f\u00f6r eventpass, konferenser och ID-kort d\u00e4r du beh\u00f6ver mer utrymme \u00e4n standardkort.<\/p>","protected":false},"featured_media":164171,"template":"","meta":{"_acf_changed":false},"product_brand":[],"product_cat":[4235],"product_tag":[],"class_list":{"0":"post-164173","1":"product","2":"type-product","3":"status-publish","4":"has-post-thumbnail","6":"product_cat-plastkort-utan-chip","7":"pa_brands-magicard","8":"tm-no-options","10":"first","11":"onbackorder","12":"sale","13":"taxable","14":"shipping-taxable","15":"purchasable","16":"product-type-simple"},"acf":[],"_links":{"self":[{"href":"https:\/\/secureus.se\/fi\/wp-json\/wp\/v2\/product\/164173","targetHints":{"allow":["GET"]}}],"collection":[{"href":"https:\/\/secureus.se\/fi\/wp-json\/wp\/v2\/product"}],"about":[{"href":"https:\/\/secureus.se\/fi\/wp-json\/wp\/v2\/types\/product"}],"wp:featuredmedia":[{"embeddable":true,"href":"https:\/\/secureus.se\/fi\/wp-json\/wp\/v2\/media\/164171"}],"wp:attachment":[{"href":"https:\/\/secureus.se\/fi\/wp-json\/wp\/v2\/media?parent=164173"}],"wp:term":[{"taxonomy":"product_brand","embeddable":true,"href":"https:\/\/secureus.se\/fi\/wp-json\/wp\/v2\/product_brand?post=164173"},{"taxonomy":"product_cat","embeddable":true,"href":"https:\/\/secureus.se\/fi\/wp-json\/wp\/v2\/product_cat?post=164173"},{"taxonomy":"product_tag","embeddable":true,"href":"https:\/\/secureus.se\/fi\/wp-json\/wp\/v2\/product_tag?post=164173"}],"curies":[{"name":"wp","href":"https:\/\/api.w.org\/{rel}","templated":true}]}}