{"id":164184,"date":"2026-04-07T17:21:40","date_gmt":"2026-04-07T15:21:40","guid":{"rendered":"https:\/\/secureus.se\/?post_type=product&#038;p=164184"},"modified":"2026-04-08T16:08:37","modified_gmt":"2026-04-08T14:08:37","slug":"fargo-hdp6600-8500-rengoringskit-komplett-kit-med-rengoringspinnar-kort-pads-och-alkoholrengoring","status":"publish","type":"product","link":"https:\/\/secureus.se\/fi\/fargo-hdp6600-8500-rengoringskit-komplett-kit-med-rengoringspinnar-kort-pads-och-alkoholrengoring\/","title":{"rendered":"Fargo HDP6600 \/ 8500 -puhdistussarja \u2013 T\u00e4ydellinen sarja, joka sis\u00e4lt\u00e4\u00e4 puhdistuspuikkoja, -kortteja, -tyynyj\u00e4 ja alkoholipyyhkeit\u00e4"},"content":{"rendered":"<p>Fargo 88933 -puhdistussarja sis\u00e4lt\u00e4\u00e4 nelj\u00e4 tulostusp\u00e4\u00e4n puhdistuspuikkoa, kymmenen puhdistuskorttia, kymmenen puhdistustyyny\u00e4 ja kolme alkoholipuhdistuskorttia. Kaikki n\u00e4m\u00e4 yhdess\u00e4 auttavat pit\u00e4m\u00e4\u00e4n Fargo HDP8500 -tulostimen puhtaana, mik\u00e4 auttaa tuottamaan jatkuvasti korkealaatuisia kortteja.<\/p>\n<ul>\n<li>4x tulostusp\u00e4\u00e4n puhdistustikkua<\/li>\n<li>10x puhdistuskorttia<\/li>\n<li>10x puhdistustyyny\u00e4<\/li>\n<li>3x Alkoholipuhdistus<\/li>\n<li>Valmistettu k\u00e4ytett\u00e4v\u00e4ksi Fargo HDP8500:n ja HDP6600:n kanssa<\/li>\n<li>S\u00e4ilyy jopa vuoden, kun sit\u00e4 s\u00e4ilytet\u00e4\u00e4n oikeissa olosuhteissa<\/li>\n<li>Valmistajan osanumero: 88933<\/li>\n<\/ul>\n<p>\u00a0<\/p>\n<p>\n <strong><br \/>\n Tuotteen paino:<br \/>\n 0,30 kg<br \/>\n <\/strong>\n <\/p>","protected":false},"excerpt":{"rendered":"<p>The Fargo 88933 cleaning kit includes; four print head cleaning swabs, ten cleaning cards, ten cleaning pads, and three alcohol cleaning cards. All of these elements used together help to<\/p>","protected":false},"featured_media":164183,"template":"","meta":{"_acf_changed":false},"product_brand":[],"product_cat":[4807],"product_tag":[],"class_list":{"0":"post-164184","1":"product","2":"type-product","3":"status-publish","4":"has-post-thumbnail","6":"product_cat-rengoringskit","7":"product_shipping_class-postnord-varubrev","8":"pa_brands-fargo","9":"tm-no-options","11":"first","12":"instock","13":"taxable","14":"shipping-taxable","15":"purchasable","16":"product-type-simple"},"acf":[],"_links":{"self":[{"href":"https:\/\/secureus.se\/fi\/wp-json\/wp\/v2\/product\/164184","targetHints":{"allow":["GET"]}}],"collection":[{"href":"https:\/\/secureus.se\/fi\/wp-json\/wp\/v2\/product"}],"about":[{"href":"https:\/\/secureus.se\/fi\/wp-json\/wp\/v2\/types\/product"}],"wp:featuredmedia":[{"embeddable":true,"href":"https:\/\/secureus.se\/fi\/wp-json\/wp\/v2\/media\/164183"}],"wp:attachment":[{"href":"https:\/\/secureus.se\/fi\/wp-json\/wp\/v2\/media?parent=164184"}],"wp:term":[{"taxonomy":"product_brand","embeddable":true,"href":"https:\/\/secureus.se\/fi\/wp-json\/wp\/v2\/product_brand?post=164184"},{"taxonomy":"product_cat","embeddable":true,"href":"https:\/\/secureus.se\/fi\/wp-json\/wp\/v2\/product_cat?post=164184"},{"taxonomy":"product_tag","embeddable":true,"href":"https:\/\/secureus.se\/fi\/wp-json\/wp\/v2\/product_tag?post=164184"}],"curies":[{"name":"wp","href":"https:\/\/api.w.org\/{rel}","templated":true}]}}