{"id":164262,"date":"2026-04-08T16:17:10","date_gmt":"2026-04-08T14:17:10","guid":{"rendered":"https:\/\/secureus.se\/magicard-300-duo-id-kortsskrivare-med-kodare-for-magnetremsa-dubbelsidig\/"},"modified":"2026-04-23T12:29:01","modified_gmt":"2026-04-23T10:29:01","slug":"magicard-300-duo-id-kortsskrivare-med-kodare-for-magnetremsa-dubbelsidig","status":"publish","type":"product","link":"https:\/\/secureus.se\/fi\/magicard-300-duo-id-kortsskrivare-med-kodare-for-magnetremsa-dubbelsidig\/","title":{"rendered":"Magicard 300 DUO -henkil\u00f6korttitulostin magneettijuovakooderilla \u2013 kaksipuolinen"},"content":{"rendered":"<h3 data-section-id=\"1p6qzav\" data-start=\"749\" data-end=\"826\">Magicard 300 DUO \u2013 Magneettiraitainen henkil\u00f6korttitulostin jokap\u00e4iv\u00e4iseen k\u00e4ytt\u00f6\u00f6n<\/h3>\n<p data-start=\"828\" data-end=\"1087\">Magicard 300 DUO (P-MAG-3300-0022) on joustava ja kustannustehokas henkil\u00f6korttitulostin, jossa on sis\u00e4\u00e4nrakennettu magneettijuovan koodaus. Se on suunniteltu yrityksille, kouluille ja organisaatioille, joiden on tuotettava toimivia kortteja sek\u00e4 henkil\u00f6llisyyden todistamiseen ett\u00e4 j\u00e4rjestelm\u00e4k\u00e4ytt\u00f6\u00f6n.<\/p>\n<p data-start=\"1089\" data-end=\"1275\">Se sopii t\u00e4ydellisesti ymp\u00e4rist\u00f6ihin, joissa kortteja k\u00e4ytet\u00e4\u00e4n kulunvalvontaj\u00e4rjestelmiss\u00e4, j\u00e4senrekisteriss\u00e4 tai ty\u00f6ajanseurantaj\u00e4rjestelmiss\u00e4 ja joissa vakaa toiminta ja helppok\u00e4ytt\u00f6isyys ovat t\u00e4rke\u00e4mpi\u00e4 kuin edistyneet yritysominaisuudet.<\/p>\n<hr data-start=\"1277\" data-end=\"1280\" \/>\n<h3 data-section-id=\"1wm78rs\" data-start=\"1282\" data-end=\"1327\">Magneettiraitakoodaus laajan yhteensopivuuden takaamiseksi<\/h3>\n<p data-start=\"1329\" data-end=\"1438\">Tulostin on varustettu ISO-standardien (HiCo ja LoCo) mukaisella magneettikoodauksella, jonka avulla voit tuottaa:<\/p>\n<ul data-start=\"1440\" data-end=\"1538\">\n<li data-section-id=\"1h53p7w\" data-start=\"1440\" data-end=\"1454\">P\u00e4\u00e4sykortti<\/li>\n<li data-section-id=\"1hu0lpe\" data-start=\"1455\" data-end=\"1486\">Henkil\u00f6kuntakortti valtuutuksella<\/li>\n<li data-section-id=\"15h7qs1\" data-start=\"1487\" data-end=\"1502\">J\u00e4senkortti<\/li>\n<li data-section-id=\"vjf6bz\" data-start=\"1503\" data-end=\"1538\">Ty\u00f6ajanseurantaj\u00e4rjestelm\u00e4n kortit<\/li>\n<\/ul>\n<p data-start=\"1540\" data-end=\"1611\">Yksinkertainen ja toimiva ratkaisu, joka toimii monien olemassa olevien j\u00e4rjestelmien kanssa.<\/p>\n<hr data-start=\"1613\" data-end=\"1616\" \/>\n<h3 data-section-id=\"vxhmmy\" data-start=\"1618\" data-end=\"1653\">Ammattimainen tulostuslaatu<\/h3>\n<p data-start=\"1655\" data-end=\"1717\">Magicard 300 tuottaa 300 x 300 dpi:n tarkkuudella tulosteita, jotka tarjoavat:<\/p>\n<ul data-start=\"1719\" data-end=\"1787\">\n<li data-section-id=\"phpm8s\" data-start=\"1719\" data-end=\"1742\">Selke\u00e4t valokuvat<\/li>\n<li data-section-id=\"w9cw7n\" data-start=\"1743\" data-end=\"1763\">Ter\u00e4v\u00e4t logot<\/li>\n<li data-section-id=\"1u9ihby\" data-start=\"1764\" data-end=\"1787\">Hyv\u00e4 v\u00e4rien toisto<\/li>\n<\/ul>\n<p data-start=\"1789\" data-end=\"1932\">T\u00e4ydellinen organisaatioille, jotka haluavat tyylikk\u00e4it\u00e4 ja ammattimaisia kortteja siirtym\u00e4tt\u00e4 premium-segmenttiin.<\/p>\n<hr data-start=\"1934\" data-end=\"1937\" \/>\n<h3 data-section-id=\"jeuuy4\" data-start=\"1939\" data-end=\"1980\">Kaksipuolinen tulostus lis\u00e4\u00e4 toimintoja<\/h3>\n<p data-start=\"1982\" data-end=\"2039\">Kaksipuolisella tulostuksella voit hy\u00f6dynt\u00e4\u00e4 kortin molempia puolia:<\/p>\n<ul data-start=\"2041\" data-end=\"2122\">\n<li data-section-id=\"hm56il\" data-start=\"2041\" data-end=\"2073\">Edess\u00e4: valokuva ja henkil\u00f6llisyystodistus<\/li>\n<li data-section-id=\"uidnes\" data-start=\"2074\" data-end=\"2122\">Takana: viivakoodi, s\u00e4\u00e4nn\u00f6t tai tiedot<\/li>\n<\/ul>\n<p data-start=\"2124\" data-end=\"2165\">Tarjoaa toiminnallisempia ja hy\u00f6dyllisempi\u00e4 kortteja.<\/p>\n<hr data-start=\"2167\" data-end=\"2170\" \/>\n<h3 data-section-id=\"1hx0kiy\" data-start=\"2172\" data-end=\"2210\">Tehokas ja vakaa korttien tuotanto<\/h3>\n<p data-start=\"2212\" data-end=\"2256\">Magicard 300 on rakennettu jokap\u00e4iv\u00e4iseen k\u00e4ytt\u00f6\u00f6n:<\/p>\n<ul data-start=\"2258\" data-end=\"2363\">\n<li data-section-id=\"78jwjh\" data-start=\"2258\" data-end=\"2293\">Jopa 160 v\u00e4rikorttia tunnissa<\/li>\n<li data-section-id=\"1t4kpyp\" data-start=\"2294\" data-end=\"2335\">Jopa 720 mustavalkoista korttia tunnissa<\/li>\n<li data-section-id=\"td1inv\" data-start=\"2336\" data-end=\"2363\">Noin 23 sekuntia korttia kohden<\/li>\n<\/ul>\n<p data-start=\"2365\" data-end=\"2456\">T\u00e4ydellinen yrityksille, jotka tuottavat lyhyit\u00e4 painoksia.<\/p>\n<hr data-start=\"2458\" data-end=\"2461\" \/>\n<h3 data-section-id=\"6vgjf0\" data-start=\"2463\" data-end=\"2483\">Sis\u00e4\u00e4nrakennettu suojaus<\/h3>\n<ul data-start=\"2485\" data-end=\"2643\">\n<li data-section-id=\"m6s4sw\" data-start=\"2485\" data-end=\"2543\"><strong data-start=\"2487\" data-end=\"2514\">HoloKote\u00ae-vesileima<\/strong> suojaa kortteja kopioinnilta<\/li>\n<li data-section-id=\"l5p6j2\" data-start=\"2544\" data-end=\"2581\">Mahdollisuus k\u00e4ytt\u00e4\u00e4 omaa suunnittelua<\/li>\n<li data-section-id=\"1oe6gbh\" data-start=\"2582\" data-end=\"2643\"><strong data-start=\"2584\" data-end=\"2605\">Digitaalinen silppuaminen<\/strong> poistaa arkaluontoiset tiedot tulostuksen j\u00e4lkeen<\/li>\n<\/ul>\n<p data-start=\"2645\" data-end=\"2724\">Tarjoaa lis\u00e4suojaa ilman lis\u00e4kustannuksia.<\/p>\n<hr data-start=\"2726\" data-end=\"2729\" \/>\n<h3 data-section-id=\"l8c361\" data-start=\"2731\" data-end=\"2769\">Helppo asennus ja integrointi<\/h3>\n<ul data-start=\"2771\" data-end=\"2855\">\n<li data-section-id=\"142d0jd\" data-start=\"2771\" data-end=\"2791\">USB ja Ethernet<\/li>\n<li data-section-id=\"14vqazo\" data-start=\"2792\" data-end=\"2807\">Kytke ja k\u00e4yt\u00e4<\/li>\n<li data-section-id=\"vh9oew\" data-start=\"2808\" data-end=\"2855\">Helppok\u00e4ytt\u00f6inen ilman edistynytt\u00e4 IT-osaamista<\/li>\n<\/ul>\n<p data-start=\"2857\" data-end=\"2912\">T\u00e4ydellinen organisaatioille, jotka haluavat aloittaa nopeasti.<\/p>\n<hr data-start=\"2914\" data-end=\"2917\" \/>\n<h3 data-section-id=\"c4vq3j\" data-start=\"2919\" data-end=\"2954\">Luotettava ja kustannustehokas<\/h3>\n<p data-start=\"2956\" data-end=\"3003\">Magicard 300 on rakennettu pitk\u00e4aikaiseen k\u00e4ytt\u00f6\u00f6n:<\/p>\n<ul data-start=\"3005\" data-end=\"3081\">\n<li data-section-id=\"bk74no\" data-start=\"3005\" data-end=\"3028\">Vakaa rakenne<\/li>\n<li data-section-id=\"1ffk2yp\" data-start=\"3029\" data-end=\"3060\">Tehokas v\u00e4rinauhojen hallinta<\/li>\n<li data-section-id=\"1j0twub\" data-start=\"3061\" data-end=\"3081\">Alhaiset k\u00e4ytt\u00f6kustannukset<\/li>\n<\/ul>\n<p data-start=\"3083\" data-end=\"3182\">Tulostin optimoi my\u00f6s mustenauhan k\u00e4yt\u00f6n j\u00e4tteen v\u00e4hent\u00e4miseksi.<\/p>\n<hr data-start=\"3184\" data-end=\"3187\" \/>\n<h3 data-section-id=\"iwf276\" data-start=\"3189\" data-end=\"3213\">Takuu ja turvallisuus<\/h3>\n<ul data-start=\"3215\" data-end=\"3296\">\n<li data-section-id=\"l98imx\" data-start=\"3215\" data-end=\"3232\">3 vuoden takuu<\/li>\n<li data-section-id=\"1dh68nb\" data-start=\"3233\" data-end=\"3265\">P\u00e4\u00e4sy maailmanlaajuiseen tukeen<\/li>\n<li data-section-id=\"n39f82\" data-start=\"3266\" data-end=\"3296\">Laajennusmahdollisuus<\/li>\n<\/ul>\n<p data-start=\"3298\" data-end=\"3403\">Koskee alkuper\u00e4isi\u00e4 kulutusosia ja asianmukaista huoltoa.<\/p>\n<hr data-start=\"3405\" data-end=\"3408\" \/>\n<h3 data-section-id=\"12w8785\" data-start=\"3410\" data-end=\"3455\">Tekniset tiedot (yhteenveto)<\/h3>\n<ul data-start=\"3457\" data-end=\"3764\">\n<li data-section-id=\"1czvx41\" data-start=\"3457\" data-end=\"3489\">Malli: Magicard 300 DUO Mag<\/li>\n<li data-section-id=\"1qqs0g4\" data-start=\"3490\" data-end=\"3524\">Tuotenumero: P-MAG-3300-0022<\/li>\n<li data-section-id=\"1vn1bje\" data-start=\"3525\" data-end=\"3550\">Tulostus: Kaksipuolinen<\/li>\n<li data-section-id=\"1nsuhxh\" data-start=\"3551\" data-end=\"3580\">Resoluutio: 300 x 300 dpi<\/li>\n<li data-section-id=\"1c6m1mp\" data-start=\"3581\" data-end=\"3619\">Nopeus: jopa 160 korttia tunnissa<\/li>\n<li data-section-id=\"1brngb0\" data-start=\"3620\" data-end=\"3658\">Koodaus: Magneettinauha (HiCo \/ LoCo)<\/li>\n<li data-section-id=\"6qlhy1\" data-start=\"3659\" data-end=\"3688\">Kapasiteetti: 100 sis\u00e4\u00e4n \/ 70 ulos<\/li>\n<li data-section-id=\"1fr1ygq\" data-start=\"3689\" data-end=\"3716\">Kortin muoto: CR80 \/ CR79<\/li>\n<li data-section-id=\"794tec\" data-start=\"3717\" data-end=\"3746\">Liit\u00e4nn\u00e4t: USB, Ethernet<\/li>\n<li data-section-id=\"qnevs9\" data-start=\"3747\" data-end=\"3764\">Paino: noin 5 kg<\/li>\n<\/ul>\n<hr data-start=\"3766\" data-end=\"3769\" \/>\n<h3 data-section-id=\"11hcs70\" data-start=\"3771\" data-end=\"3795\">T\u00e4rke\u00e4\u00e4 ottaa huomioon<\/h3>\n<ul data-start=\"3797\" data-end=\"3910\">\n<li data-section-id=\"ddg5am\" data-start=\"3797\" data-end=\"3818\">Nauha ei sis\u00e4lly hintaan<\/li>\n<li data-section-id=\"1cpnj4x\" data-start=\"3819\" data-end=\"3878\">Suositellaan k\u00e4ytt\u00e4m\u00e4\u00e4n alkuper\u00e4isi\u00e4 Magicard-kulutustarvikkeita<\/li>\n<li data-section-id=\"1wxbumd\" data-start=\"3879\" data-end=\"3910\">S\u00e4\u00e4nn\u00f6llinen puhdistus vaaditaan<\/li>\n<\/ul>\n<hr data-start=\"3912\" data-end=\"3915\" \/>\n<h3 data-section-id=\"ethgyn\" data-start=\"3917\" data-end=\"3932\">T\u00e4ydellinen<\/h3>\n<ul data-start=\"3934\" data-end=\"4078\">\n<li data-section-id=\"xat3aq\" data-start=\"3934\" data-end=\"3962\">Yritykset, joilla on kulunvalvontaj\u00e4rjestelm\u00e4t<\/li>\n<li data-section-id=\"15fzodf\" data-start=\"3963\" data-end=\"3991\">J\u00e4senkortit ja asiakaskortit<\/li>\n<li data-section-id=\"6jwi6n\" data-start=\"3992\" data-end=\"4018\">Ty\u00f6ajanseurantaj\u00e4rjestelm\u00e4<\/li>\n<li data-section-id=\"1tpxwi7\" data-start=\"4019\" data-end=\"4048\">Koulut ja organisaatiot<\/li>\n<li data-section-id=\"ox6rg2\" data-start=\"4049\" data-end=\"4078\">P\u00e4ivitt\u00e4inen henkil\u00f6korttien tuotanto<\/li>\n<\/ul>\n<hr data-start=\"4080\" data-end=\"4083\" \/>\n<h2 data-section-id=\"1nhgcqf\" data-start=\"4085\" data-end=\"4111\"><span role=\"text\"><strong data-start=\"4088\" data-end=\"4111\">Nopea paikannus<\/strong><\/span><\/h2>\n<p data-start=\"4113\" data-end=\"4148\">T\u00e4m\u00e4 on oikea malli sinulle, joka:<\/p>\n<ul data-start=\"4149\" data-end=\"4269\">\n<li data-section-id=\"15munqe\" data-start=\"4149\" data-end=\"4175\">tarve <strong data-start=\"4159\" data-end=\"4173\">magneettikortti<\/strong><\/li>\n<li data-section-id=\"143dn4f\" data-start=\"4176\" data-end=\"4223\">haluan yhden <strong data-start=\"4189\" data-end=\"4221\">Edullinen ja vakaa tulostin<\/strong><\/li>\n<li data-section-id=\"1tsstp7\" data-start=\"4224\" data-end=\"4269\">etsim\u00e4ss\u00e4 <strong data-start=\"4235\" data-end=\"4269\">yksinkertainen ratkaisu p\u00e4ivitt\u00e4iseen k\u00e4ytt\u00f6\u00f6n<\/strong><\/li>\n<\/ul>","protected":false},"excerpt":{"rendered":"<p data-start=\"323\" data-end=\"518\">Magicard 300 DUO magneettijuovakoodauksella on luotettava ja k\u00e4ytt\u00e4j\u00e4yst\u00e4v\u00e4llinen henkil\u00f6korttitulostin yrityksille ja organisaatioille. T\u00e4ydellinen magneettitoiminnolla varustettujen kulkukorttien ja j\u00e4senkorttien p\u00e4ivitt\u00e4iseen k\u00e4ytt\u00f6\u00f6n.<\/p>\n<ul data-start=\"520\" data-end=\"717\">\n<li data-section-id=\"1uls68x\" data-start=\"520\" data-end=\"553\">Kaksipuolinen tulostus (duplex)<\/li>\n<li data-section-id=\"as5o0n\" data-start=\"554\" data-end=\"589\">Magneettiraitakoodaus (HiCo \/ LoCo)<\/li>\n<li data-section-id=\"192foqf\" data-start=\"590\" data-end=\"623\">300 x 300 dpi ter\u00e4ville korteille<\/li>\n<li data-section-id=\"78jwjh\" data-start=\"624\" data-end=\"659\">Jopa 160 v\u00e4rikorttia tunnissa<\/li>\n<li data-section-id=\"sg0mgt\" data-start=\"660\" data-end=\"696\">HoloKote\u00ae-turvavesileima<\/li>\n<li data-section-id=\"142d0jd\" data-start=\"697\" data-end=\"717\">USB ja Ethernet<\/li>\n<\/ul>","protected":false},"featured_media":164256,"template":"","meta":{"_acf_changed":false},"product_brand":[],"product_cat":[3208],"product_tag":[],"class_list":{"0":"post-164262","1":"product","2":"type-product","3":"status-publish","4":"has-post-thumbnail","6":"product_cat-magicard","7":"pa_brands-magicard","8":"tm-no-options","10":"first","11":"instock","12":"sale","13":"taxable","14":"shipping-taxable","15":"purchasable","16":"product-type-simple"},"acf":[],"_links":{"self":[{"href":"https:\/\/secureus.se\/fi\/wp-json\/wp\/v2\/product\/164262","targetHints":{"allow":["GET"]}}],"collection":[{"href":"https:\/\/secureus.se\/fi\/wp-json\/wp\/v2\/product"}],"about":[{"href":"https:\/\/secureus.se\/fi\/wp-json\/wp\/v2\/types\/product"}],"wp:featuredmedia":[{"embeddable":true,"href":"https:\/\/secureus.se\/fi\/wp-json\/wp\/v2\/media\/164256"}],"wp:attachment":[{"href":"https:\/\/secureus.se\/fi\/wp-json\/wp\/v2\/media?parent=164262"}],"wp:term":[{"taxonomy":"product_brand","embeddable":true,"href":"https:\/\/secureus.se\/fi\/wp-json\/wp\/v2\/product_brand?post=164262"},{"taxonomy":"product_cat","embeddable":true,"href":"https:\/\/secureus.se\/fi\/wp-json\/wp\/v2\/product_cat?post=164262"},{"taxonomy":"product_tag","embeddable":true,"href":"https:\/\/secureus.se\/fi\/wp-json\/wp\/v2\/product_tag?post=164262"}],"curies":[{"name":"wp","href":"https:\/\/api.w.org\/{rel}","templated":true}]}}