{"id":164269,"date":"2026-04-08T16:17:13","date_gmt":"2026-04-08T14:17:13","guid":{"rendered":"https:\/\/secureus.se\/magicard-300-duo-id-kortsskrivare-med-elatec-smartkortkodning-dubbelsidig\/"},"modified":"2026-04-23T12:28:42","modified_gmt":"2026-04-23T10:28:42","slug":"magicard-300-duo-id-kortsskrivare-med-elatec-smartkortkodning-dubbelsidig","status":"publish","type":"product","link":"https:\/\/secureus.se\/fi\/magicard-300-duo-id-kortsskrivare-med-elatec-smartkortkodning-dubbelsidig\/","title":{"rendered":"Magicard 300 DUO -henkil\u00f6korttitulostin Elatec-\u00e4lykorttikoodauksella \u2013 kaksipuolinen"},"content":{"rendered":"<h3 data-section-id=\"1eqca0g\" data-start=\"794\" data-end=\"856\">Magicard 300 DUO \u2013 henkil\u00f6korttitulostin \u00e4lykorttikooderilla (Elatec)<\/h3>\n<p data-start=\"858\" data-end=\"1152\">Magicard 300 DUO (P-MAG-3300-0023) on k\u00e4ytt\u00e4j\u00e4yst\u00e4v\u00e4llinen ja kustannustehokas henkil\u00f6korttitulostin, jossa on sis\u00e4\u00e4nrakennettu \u00e4lykorttien koodaus Elatecin kautta. Se sopii erinomaisesti yrityksille, kouluille ja organisaatioille, jotka haluavat tuottaa nykyaikaisia RFID- tai sirutoiminnolla varustettuja henkil\u00f6kortteja kulunvalvontaj\u00e4rjestelmiin ja muihin sovelluksiin.<\/p>\n<p data-start=\"1154\" data-end=\"1341\">T\u00e4m\u00e4 malli yhdist\u00e4\u00e4 helppok\u00e4ytt\u00f6isyyden edistyneiden korttiratkaisujen tukeen, joten se on t\u00e4ydellinen askel eteenp\u00e4in yksinkertaisemmista tulostimista menem\u00e4tt\u00e4 aivan yritystasolle.<\/p>\n<hr data-start=\"1343\" data-end=\"1346\" \/>\n<h3 data-section-id=\"7rvy8a\" data-start=\"1348\" data-end=\"1387\">\u00c4lykorttien koodaus nykyaikaisiin j\u00e4rjestelmiin<\/h3>\n<p data-start=\"1389\" data-end=\"1465\">Useiden \u00e4lykorttiteknologioiden tuen ansiosta voit luoda toimivia kortteja seuraaviin tarkoituksiin:<\/p>\n<ul data-start=\"1467\" data-end=\"1588\">\n<li data-section-id=\"1hskxmw\" data-start=\"1467\" data-end=\"1502\">Kulunvalvonta ja kulunvalvontaj\u00e4rjestelm\u00e4t<\/li>\n<li data-section-id=\"59wxmx\" data-start=\"1503\" data-end=\"1535\">Yritystunnus k\u00e4ytt\u00f6oikeuksineen<\/li>\n<li data-section-id=\"tiy3qr\" data-start=\"1536\" data-end=\"1563\">Opiskelija- ja kampuskortit<\/li>\n<li data-section-id=\"1wdrb5w\" data-start=\"1564\" data-end=\"1588\">RFID-tunnisteella varustettu j\u00e4senkortti<\/li>\n<\/ul>\n<p data-start=\"1590\" data-end=\"1615\">Tuki teknologioille, kuten:<\/p>\n<ul data-start=\"1617\" data-end=\"1694\">\n<li data-section-id=\"o133mk\" data-start=\"1617\" data-end=\"1627\">MIFARE<\/li>\n<li data-section-id=\"1hjdjxe\" data-start=\"1628\" data-end=\"1639\">DESFire<\/li>\n<li data-section-id=\"1bfu70v\" data-start=\"1640\" data-end=\"1650\">iClass<\/li>\n<li data-section-id=\"y8o3k6\" data-start=\"1651\" data-end=\"1694\">Kosketuspiiri (kokoonpanosta riippuen)<\/li>\n<\/ul>\n<p data-start=\"1696\" data-end=\"1777\">Tarjoaa tulevaisuudenkest\u00e4v\u00e4n ratkaisun kontaktittomia kortteja k\u00e4ytt\u00e4ville organisaatioille.<\/p>\n<hr data-start=\"1779\" data-end=\"1782\" \/>\n<h3 data-section-id=\"vxhmmy\" data-start=\"1784\" data-end=\"1819\">Ammattimainen tulostuslaatu<\/h3>\n<p data-start=\"1821\" data-end=\"1883\">Magicard 300 tuottaa 300 x 300 dpi:n tarkkuudella tulosteita, jotka tarjoavat:<\/p>\n<ul data-start=\"1885\" data-end=\"1953\">\n<li data-section-id=\"phpm8s\" data-start=\"1885\" data-end=\"1908\">Selke\u00e4t valokuvat<\/li>\n<li data-section-id=\"w9cw7n\" data-start=\"1909\" data-end=\"1929\">Ter\u00e4v\u00e4t logot<\/li>\n<li data-section-id=\"1u9ihby\" data-start=\"1930\" data-end=\"1953\">Hyv\u00e4 v\u00e4rien toisto<\/li>\n<\/ul>\n<p data-start=\"1955\" data-end=\"2059\">T\u00e4ydellinen jokap\u00e4iv\u00e4iseen korttien tuotantoon ammattimaisella lopputuloksella.<\/p>\n<hr data-start=\"2061\" data-end=\"2064\" \/>\n<h3 data-section-id=\"jeuuy4\" data-start=\"2066\" data-end=\"2107\">Kaksipuolinen tulostus lis\u00e4\u00e4 toimintoja<\/h3>\n<p data-start=\"2109\" data-end=\"2178\">Automaattisella kaksipuolisella tulostuksella voit k\u00e4ytt\u00e4\u00e4 koko kortin pintaa:<\/p>\n<ul data-start=\"2180\" data-end=\"2265\">\n<li data-section-id=\"hm56il\" data-start=\"2180\" data-end=\"2212\">Edess\u00e4: valokuva ja henkil\u00f6llisyystodistus<\/li>\n<li data-section-id=\"1fe1qeg\" data-start=\"2213\" data-end=\"2265\">Takana: s\u00e4\u00e4nn\u00f6t, koodaus tai lis\u00e4tietoja<\/li>\n<\/ul>\n<p data-start=\"2267\" data-end=\"2305\">Tarjoaa k\u00e4yt\u00e4nn\u00f6ss\u00e4 toiminnallisempia kortteja.<\/p>\n<hr data-start=\"2307\" data-end=\"2310\" \/>\n<h3 data-section-id=\"rnqd60\" data-start=\"2312\" data-end=\"2346\">Tehokas tuotanto arjessa<\/h3>\n<p data-start=\"2348\" data-end=\"2387\">Magicard 300 on rakennettu vakaata toimintaa varten:<\/p>\n<ul data-start=\"2389\" data-end=\"2498\">\n<li data-section-id=\"78jwjh\" data-start=\"2389\" data-end=\"2424\">Jopa 160 v\u00e4rikorttia tunnissa<\/li>\n<li data-section-id=\"1t4kpyp\" data-start=\"2425\" data-end=\"2466\">Jopa 720 mustavalkoista korttia tunnissa<\/li>\n<li data-section-id=\"1n6agks\" data-start=\"2467\" data-end=\"2498\">Noin 23 sekuntia v\u00e4rikorttia kohden<\/li>\n<\/ul>\n<p data-start=\"2500\" data-end=\"2595\">T\u00e4ydellinen yrityksille, joilla on jatkuva korttituotanto.<\/p>\n<hr data-start=\"2597\" data-end=\"2600\" \/>\n<h3 data-section-id=\"6vgjf0\" data-start=\"2602\" data-end=\"2622\">Sis\u00e4\u00e4nrakennettu suojaus<\/h3>\n<ul data-start=\"2624\" data-end=\"2754\">\n<li data-section-id=\"1hgdx4n\" data-start=\"2624\" data-end=\"2674\"><strong data-start=\"2626\" data-end=\"2653\">HoloKote\u00ae-vesileima<\/strong> visuaalista suojausta varten<\/li>\n<li data-section-id=\"9zrpbc\" data-start=\"2675\" data-end=\"2700\">Mukautettava muotoilu<\/li>\n<li data-section-id=\"16g0s5p\" data-start=\"2701\" data-end=\"2754\"><strong data-start=\"2703\" data-end=\"2724\">Digitaalinen silppuaminen<\/strong> poistaa tiedot tulostuksen j\u00e4lkeen<\/li>\n<\/ul>\n<p data-start=\"2756\" data-end=\"2847\">Tarjoaa sek\u00e4 turvallisempia kortteja ett\u00e4 paremman suojan henkil\u00f6tiedoille.<\/p>\n<hr data-start=\"2849\" data-end=\"2852\" \/>\n<h3 data-section-id=\"l8c361\" data-start=\"2854\" data-end=\"2892\">Helppo asennus ja integrointi<\/h3>\n<ul data-start=\"2894\" data-end=\"2974\">\n<li data-section-id=\"142d0jd\" data-start=\"2894\" data-end=\"2914\">USB ja Ethernet<\/li>\n<li data-section-id=\"14vqazo\" data-start=\"2915\" data-end=\"2930\">Kytke ja k\u00e4yt\u00e4<\/li>\n<li data-section-id=\"1be31mw\" data-start=\"2931\" data-end=\"2974\">Helppo integroida olemassa oleviin j\u00e4rjestelmiin<\/li>\n<\/ul>\n<p data-start=\"2976\" data-end=\"3022\">Sopii organisaatioille, joilla ei ole edistynytt\u00e4 IT-ymp\u00e4rist\u00f6\u00e4.<\/p>\n<hr data-start=\"3024\" data-end=\"3027\" \/>\n<h3 data-section-id=\"16h16n3\" data-start=\"3029\" data-end=\"3068\">Vakaa ja kustannustehokas ratkaisu<\/h3>\n<p data-start=\"3070\" data-end=\"3118\">Magicard 300 on rakennettu pitk\u00e4aikaiseen k\u00e4ytt\u00f6\u00f6n:<\/p>\n<ul data-start=\"3120\" data-end=\"3200\">\n<li data-section-id=\"j96c48\" data-start=\"3120\" data-end=\"3143\">Vankka rakenne<\/li>\n<li data-section-id=\"1itc5tk\" data-start=\"3144\" data-end=\"3179\">Nauhojen tehokas k\u00e4ytt\u00f6<\/li>\n<li data-section-id=\"1j0twub\" data-start=\"3180\" data-end=\"3200\">Alhaiset k\u00e4ytt\u00f6kustannukset<\/li>\n<\/ul>\n<p data-start=\"3202\" data-end=\"3303\">Tulostin optimoi my\u00f6s tulostuksen j\u00e4tteen minimoimiseksi.<\/p>\n<hr data-start=\"3305\" data-end=\"3308\" \/>\n<h3 data-section-id=\"iwf276\" data-start=\"3310\" data-end=\"3334\">Takuu ja turvallisuus<\/h3>\n<ul data-start=\"3336\" data-end=\"3403\">\n<li data-section-id=\"l98imx\" data-start=\"3336\" data-end=\"3353\">3 vuoden takuu<\/li>\n<li data-section-id=\"qgpyvg\" data-start=\"3354\" data-end=\"3372\">Globaali tuki<\/li>\n<li data-section-id=\"n39f82\" data-start=\"3373\" data-end=\"3403\">Laajennusmahdollisuus<\/li>\n<\/ul>\n<p data-start=\"3405\" data-end=\"3510\">Koskee alkuper\u00e4isi\u00e4 kulutusosia ja asianmukaista huoltoa.<\/p>\n<hr data-start=\"3512\" data-end=\"3515\" \/>\n<h3 data-section-id=\"12w8785\" data-start=\"3517\" data-end=\"3562\">Tekniset tiedot (yhteenveto)<\/h3>\n<ul data-start=\"3564\" data-end=\"3866\">\n<li data-section-id=\"sei0c3\" data-start=\"3564\" data-end=\"3598\">Malli: Magicard 300 DUO Smart<\/li>\n<li data-section-id=\"1qqrznp\" data-start=\"3599\" data-end=\"3633\">Tuotenumero: P-MAG-3300-0023<\/li>\n<li data-section-id=\"1vn1bje\" data-start=\"3634\" data-end=\"3659\">Tulostus: Kaksipuolinen<\/li>\n<li data-section-id=\"1nsuhxh\" data-start=\"3660\" data-end=\"3689\">Resoluutio: 300 x 300 dpi<\/li>\n<li data-section-id=\"1c6m1mp\" data-start=\"3690\" data-end=\"3728\">Nopeus: jopa 160 korttia tunnissa<\/li>\n<li data-section-id=\"zw1en0\" data-start=\"3729\" data-end=\"3760\">Koodaus: \u00c4lykortti (Elatec)<\/li>\n<li data-section-id=\"6qlhy1\" data-start=\"3761\" data-end=\"3790\">Kapasiteetti: 100 sis\u00e4\u00e4n \/ 70 ulos<\/li>\n<li data-section-id=\"1fr1ygq\" data-start=\"3791\" data-end=\"3818\">Kortin muoto: CR80 \/ CR79<\/li>\n<li data-section-id=\"794tec\" data-start=\"3819\" data-end=\"3848\">Liit\u00e4nn\u00e4t: USB, Ethernet<\/li>\n<li data-section-id=\"qnevs9\" data-start=\"3849\" data-end=\"3866\">Paino: noin 5 kg<\/li>\n<\/ul>\n<hr data-start=\"3868\" data-end=\"3871\" \/>\n<h3 data-section-id=\"11hcs70\" data-start=\"3873\" data-end=\"3897\">T\u00e4rke\u00e4\u00e4 ottaa huomioon<\/h3>\n<ul data-start=\"3899\" data-end=\"4000\">\n<li data-section-id=\"ddg5am\" data-start=\"3899\" data-end=\"3920\">Nauha ei sis\u00e4lly hintaan<\/li>\n<li data-section-id=\"ul3fqp\" data-start=\"3921\" data-end=\"3968\">Alkuper\u00e4isi\u00e4 Magicard-kulutustarvikkeita suositellaan<\/li>\n<li data-section-id=\"1wxbumd\" data-start=\"3969\" data-end=\"4000\">S\u00e4\u00e4nn\u00f6llinen puhdistus vaaditaan<\/li>\n<\/ul>\n<hr data-start=\"4002\" data-end=\"4005\" \/>\n<h3 data-section-id=\"ethgyn\" data-start=\"4007\" data-end=\"4022\">T\u00e4ydellinen<\/h3>\n<ul data-start=\"4024\" data-end=\"4183\">\n<li data-section-id=\"1htqaue\" data-start=\"4024\" data-end=\"4057\">Yritykset, joilla on RFID-kulunvalvontaj\u00e4rjestelm\u00e4t<\/li>\n<li data-section-id=\"ei9hza\" data-start=\"4058\" data-end=\"4084\">Koulut ja yliopistot<\/li>\n<li data-section-id=\"nm32nw\" data-start=\"4085\" data-end=\"4112\">J\u00e4senyys- ja p\u00e4\u00e4sykortit<\/li>\n<li data-section-id=\"248698\" data-start=\"4113\" data-end=\"4153\">\u00c4lykortteja k\u00e4ytt\u00e4v\u00e4t organisaatiot<\/li>\n<li data-section-id=\"ox6rg2\" data-start=\"4154\" data-end=\"4183\">P\u00e4ivitt\u00e4inen henkil\u00f6korttien tuotanto<\/li>\n<\/ul>\n<hr data-start=\"4185\" data-end=\"4188\" \/>\n<h2 data-section-id=\"1nhgcqf\" data-start=\"4190\" data-end=\"4216\"><span role=\"text\"><strong data-start=\"4193\" data-end=\"4216\">Nopea paikannus<\/strong><\/span><\/h2>\n<p data-start=\"4218\" data-end=\"4253\">T\u00e4m\u00e4 on oikea malli sinulle, joka:<\/p>\n<ul data-start=\"4254\" data-end=\"4380\">\n<li data-section-id=\"15hkcbh\" data-start=\"4254\" data-end=\"4286\">tarve <strong data-start=\"4264\" data-end=\"4284\">\u00e4lykortti \/ RFID<\/strong><\/li>\n<li data-section-id=\"mzm5zp\" data-start=\"4287\" data-end=\"4333\">haluan yhden <strong data-start=\"4300\" data-end=\"4331\">edullinen ja moderni ratkaisu<\/strong><\/li>\n<li data-section-id=\"njjjun\" data-start=\"4334\" data-end=\"4380\">etsim\u00e4ss\u00e4 <strong data-start=\"4345\" data-end=\"4380\">yksinkertainen tulostin p\u00e4ivitt\u00e4iseen k\u00e4ytt\u00f6\u00f6n<\/strong><\/li>\n<\/ul>","protected":false},"excerpt":{"rendered":"<p data-start=\"331\" data-end=\"552\">Magicard 300 DUO Elatecin \u00e4lykorttikoodauksella on joustava ja turvallinen henkil\u00f6korttitulostin organisaatioille, jotka ty\u00f6skentelev\u00e4t RFID- ja sirukorttien kanssa. T\u00e4ydellinen kulunvalvontaj\u00e4rjestelmiin, kouluihin ja yrityksille, jotka tarvitsevat moderneja korttiratkaisuja.<\/p>\n<ul data-start=\"554\" data-end=\"762\">\n<li data-section-id=\"1uls68x\" data-start=\"554\" data-end=\"587\">Kaksipuolinen tulostus (duplex)<\/li>\n<li data-section-id=\"1qzgasc\" data-start=\"588\" data-end=\"633\">\u00c4lykortin koodaus Elatecin kautta (RFID \/ siru)<\/li>\n<li data-section-id=\"vguep3\" data-start=\"634\" data-end=\"668\">300 x 300 dpi kirkkaille korteille<\/li>\n<li data-section-id=\"78jwjh\" data-start=\"669\" data-end=\"704\">Jopa 160 v\u00e4rikorttia tunnissa<\/li>\n<li data-section-id=\"sg0mgt\" data-start=\"705\" data-end=\"741\">HoloKote\u00ae-turvavesileima<\/li>\n<li data-section-id=\"142d0jd\" data-start=\"742\" data-end=\"762\">USB ja Ethernet<\/li>\n<\/ul>","protected":false},"featured_media":164263,"template":"","meta":{"_acf_changed":false},"product_brand":[],"product_cat":[3208],"product_tag":[],"class_list":{"0":"post-164269","1":"product","2":"type-product","3":"status-publish","4":"has-post-thumbnail","6":"product_cat-magicard","7":"product_shipping_class-tunga-paket","8":"pa_brands-magicard","9":"tm-no-options","11":"first","12":"instock","13":"sale","14":"taxable","15":"shipping-taxable","16":"purchasable","17":"product-type-simple"},"acf":[],"_links":{"self":[{"href":"https:\/\/secureus.se\/fi\/wp-json\/wp\/v2\/product\/164269","targetHints":{"allow":["GET"]}}],"collection":[{"href":"https:\/\/secureus.se\/fi\/wp-json\/wp\/v2\/product"}],"about":[{"href":"https:\/\/secureus.se\/fi\/wp-json\/wp\/v2\/types\/product"}],"wp:featuredmedia":[{"embeddable":true,"href":"https:\/\/secureus.se\/fi\/wp-json\/wp\/v2\/media\/164263"}],"wp:attachment":[{"href":"https:\/\/secureus.se\/fi\/wp-json\/wp\/v2\/media?parent=164269"}],"wp:term":[{"taxonomy":"product_brand","embeddable":true,"href":"https:\/\/secureus.se\/fi\/wp-json\/wp\/v2\/product_brand?post=164269"},{"taxonomy":"product_cat","embeddable":true,"href":"https:\/\/secureus.se\/fi\/wp-json\/wp\/v2\/product_cat?post=164269"},{"taxonomy":"product_tag","embeddable":true,"href":"https:\/\/secureus.se\/fi\/wp-json\/wp\/v2\/product_tag?post=164269"}],"curies":[{"name":"wp","href":"https:\/\/api.w.org\/{rel}","templated":true}]}}