{"id":164293,"date":"2026-04-08T17:17:09","date_gmt":"2026-04-08T15:17:09","guid":{"rendered":"https:\/\/secureus.se\/magicard-prima-451-uno-enkelsidig-lamineringsmodul-for-prima-8\/"},"modified":"2026-04-23T12:26:59","modified_gmt":"2026-04-23T10:26:59","slug":"magicard-prima-451-uno-enkelsidig-lamineringsmodul-for-prima-8","status":"publish","type":"product","link":"https:\/\/secureus.se\/fi\/magicard-prima-451-uno-enkelsidig-lamineringsmodul-for-prima-8\/","title":{"rendered":"Magicard Prima 451 UNO \u2013 Yksipuolinen laminointimoduuli Prima 8:lle"},"content":{"rendered":"<h3 data-section-id=\"1n3cgt1\" data-start=\"541\" data-end=\"594\">Magicard Prima 451 \u2013 Laminointimoduuli Prima 8:lle<\/h3>\n<p data-start=\"596\" data-end=\"823\">Magicard Prima 451 UNO on laminointimoduuli, jota k\u00e4ytet\u00e4\u00e4n Magicard Prima 8 -henkil\u00f6korttitulostimen kanssa. Se ei ole erillinen yksikk\u00f6, vaan se kytket\u00e4\u00e4n suoraan tulostimeen ja siit\u00e4 tulee integroitu osa korttien tuotantoa.<\/p>\n<p data-start=\"825\" data-end=\"954\">Kun kortti on tulostettu Prima 8:lla, se l\u00e4hetet\u00e4\u00e4n laminointikoneeseen, jossa kortin pinnalle levitet\u00e4\u00e4n suojaava laminaatti.<\/p>\n<hr data-start=\"956\" data-end=\"959\" \/>\n<h3 data-section-id=\"1r1tgt6\" data-start=\"961\" data-end=\"990\">Pidenn\u00e4 korttiesi k\u00e4ytt\u00f6ik\u00e4\u00e4<\/h3>\n<p data-start=\"992\" data-end=\"1026\">Suojakalvon levitt\u00e4minen:<\/p>\n<ul data-start=\"1028\" data-end=\"1151\">\n<li data-section-id=\"14vkc1t\" data-start=\"1028\" data-end=\"1068\">Suojaa korttia naarmuilta ja kulumiselta<\/li>\n<li data-section-id=\"1jtmpnt\" data-start=\"1069\" data-end=\"1111\">V\u00e4hent\u00e4\u00e4 haalistumisen ja vaurioitumisen riski\u00e4<\/li>\n<li data-section-id=\"ipzwfc\" data-start=\"1112\" data-end=\"1151\">Pident\u00e4\u00e4 kortin k\u00e4ytt\u00f6ik\u00e4\u00e4 merkitt\u00e4v\u00e4sti<\/li>\n<\/ul>\n<p data-start=\"1153\" data-end=\"1226\">T\u00e4ydellinen p\u00e4ivitt\u00e4in k\u00e4ytett\u00e4ville korteille, kuten kulkukorteille ja henkil\u00f6korteille.<\/p>\n<hr data-start=\"1228\" data-end=\"1231\" \/>\n<h3 data-section-id=\"1r0opps\" data-start=\"1233\" data-end=\"1265\">Lis\u00e4\u00e4ntynyt turvallisuus laminoinnilla<\/h3>\n<p data-start=\"1267\" data-end=\"1320\">Laminointi tarjoaa my\u00f6s lis\u00e4suojaa manipulointia vastaan:<\/p>\n<ul data-start=\"1322\" data-end=\"1462\">\n<li data-section-id=\"50d43l\" data-start=\"1322\" data-end=\"1368\">Mahdollisuus k\u00e4ytt\u00e4\u00e4 holografisia laminaatteja<\/li>\n<li data-section-id=\"18m8xwa\" data-start=\"1369\" data-end=\"1411\">Kortin kopiointi tai vaihtaminen on vaikeampaa<\/li>\n<li data-section-id=\"t8o7jq\" data-start=\"1412\" data-end=\"1462\">Tarjoaa ammattimaisemman ja itsevarmemman ilmeen<\/li>\n<\/ul>\n<p data-start=\"1464\" data-end=\"1523\">T\u00e4m\u00e4 on erityisen t\u00e4rke\u00e4\u00e4 ymp\u00e4rist\u00f6iss\u00e4, joissa on korkeat turvallisuusvaatimukset.<\/p>\n<hr data-start=\"1525\" data-end=\"1528\" \/>\n<h3 data-section-id=\"1bdglp2\" data-start=\"1530\" data-end=\"1563\">Integroituu suoraan Prima 8:n kanssa<\/h3>\n<p data-start=\"1565\" data-end=\"1619\">Magicard Prima 451 on suunniteltu saumatonta integrointia varten:<\/p>\n<ul data-start=\"1621\" data-end=\"1754\">\n<li data-section-id=\"23hzlv\" data-start=\"1621\" data-end=\"1661\">Liitet\u00e4\u00e4n suoraan Magicard Prima 8:een<\/li>\n<li data-section-id=\"15m0klg\" data-start=\"1662\" data-end=\"1714\">Toimii automaattisesti samassa virrassa kuin tulostus<\/li>\n<li data-section-id=\"1bdxuvr\" data-start=\"1715\" data-end=\"1754\">Ei manuaalista k\u00e4sittely\u00e4 vaiheiden v\u00e4lill\u00e4<\/li>\n<\/ul>\n<p data-start=\"1756\" data-end=\"1805\">Tarjoaa tehokasta ja ammattimaista korttien tuotantoa.<\/p>\n<hr data-start=\"1807\" data-end=\"1810\" \/>\n<h3 data-section-id=\"ii88un\" data-start=\"1812\" data-end=\"1837\">Yksipuolinen laminointi<\/h3>\n<p data-start=\"1839\" data-end=\"1888\">T\u00e4m\u00e4 malli on yksipuolinen (UNO), mik\u00e4 tarkoittaa:<\/p>\n<ul data-start=\"1890\" data-end=\"1996\">\n<li data-section-id=\"92ajlp\" data-start=\"1890\" data-end=\"1925\">Laminointi kortin toisella puolella<\/li>\n<li data-section-id=\"1ivtv61\" data-start=\"1926\" data-end=\"1949\">Nopeampi tuotanto<\/li>\n<li data-section-id=\"12j667m\" data-start=\"1950\" data-end=\"1996\">T\u00e4ydellinen, kun vain etuosa tarvitsee suojaa<\/li>\n<\/ul>\n<hr data-start=\"1998\" data-end=\"2001\" \/>\n<h3 data-section-id=\"12w8785\" data-start=\"2003\" data-end=\"2048\">Tekniset tiedot (yhteenveto)<\/h3>\n<ul data-start=\"2050\" data-end=\"2235\">\n<li data-section-id=\"7xdso4\" data-start=\"2050\" data-end=\"2084\">Malli: Magicard Prima 451 UNO<\/li>\n<li data-section-id=\"lxk7jy\" data-start=\"2085\" data-end=\"2118\">Tuotenumero: P-MAG-PRIMA451<\/li>\n<li data-section-id=\"ujw5rn\" data-start=\"2119\" data-end=\"2144\">Tyyppi: Laminointimoduuli<\/li>\n<li data-section-id=\"1bhsvrv\" data-start=\"2145\" data-end=\"2171\">Laminointi: Yksipuolinen<\/li>\n<li data-section-id=\"7bvnx8\" data-start=\"2172\" data-end=\"2215\">Yhteensopivuus: Vain Magicard Prima 8<\/li>\n<li data-section-id=\"1p5l0ew\" data-start=\"2216\" data-end=\"2235\">Paino: noin 8,0 kg<\/li>\n<\/ul>\n<hr data-start=\"2237\" data-end=\"2240\" \/>\n<h3 data-section-id=\"11hcs70\" data-start=\"2242\" data-end=\"2266\">T\u00e4rke\u00e4\u00e4 ottaa huomioon<\/h3>\n<ul data-start=\"2268\" data-end=\"2397\">\n<li data-section-id=\"atkjxm\" data-start=\"2268\" data-end=\"2320\">T\u00e4m\u00e4 on valinnainen moduuli, ei erillinen tuote.<\/li>\n<li data-section-id=\"3xj7dn\" data-start=\"2321\" data-end=\"2365\">Vaatii Magicard Prima 8:n toimiakseen<\/li>\n<li data-section-id=\"1grqf0h\" data-start=\"2366\" data-end=\"2397\">Laminaattikalvot myyd\u00e4\u00e4n erikseen<\/li>\n<\/ul>\n<hr data-start=\"2399\" data-end=\"2402\" \/>\n<h3 data-section-id=\"ethgyn\" data-start=\"2404\" data-end=\"2419\">T\u00e4ydellinen<\/h3>\n<ul data-start=\"2421\" data-end=\"2589\">\n<li data-section-id=\"7w669v\" data-start=\"2421\" data-end=\"2451\">Pitk\u00e4kestoiset henkil\u00f6kortit<\/li>\n<li data-section-id=\"dn5tss\" data-start=\"2452\" data-end=\"2486\">Kulkukortit p\u00e4ivitt\u00e4isess\u00e4 k\u00e4yt\u00f6ss\u00e4<\/li>\n<li data-section-id=\"2f67aj\" data-start=\"2487\" data-end=\"2504\">Turvakortti<\/li>\n<li data-section-id=\"1sg2zja\" data-start=\"2505\" data-end=\"2551\">Organisaatiot, joilla on korkeat vaatimukset kest\u00e4vyydelle<\/li>\n<li data-section-id=\"1o8fass\" data-start=\"2552\" data-end=\"2589\">Ymp\u00e4rist\u00f6t, joissa kortteja k\u00e4ytet\u00e4\u00e4n usein<\/li>\n<\/ul>\n<hr data-start=\"2591\" data-end=\"2594\" \/>\n<h2 data-section-id=\"1nhgcqf\" data-start=\"2596\" data-end=\"2622\"><span role=\"text\"><strong data-start=\"2599\" data-end=\"2622\">Nopea paikannus<\/strong><\/span><\/h2>\n<p data-start=\"2624\" data-end=\"2656\">T\u00e4m\u00e4 on oikea valinta sinulle, joka:<\/p>\n<ul data-start=\"2657\" data-end=\"2776\">\n<li data-section-id=\"652ri9\" data-start=\"2657\" data-end=\"2690\">k\u00e4ytt\u00f6tarkoitukset <strong data-start=\"2668\" data-end=\"2688\">Magicard Prima 8<\/strong><\/li>\n<li data-section-id=\"i69evg\" data-start=\"2691\" data-end=\"2732\">halua <strong data-start=\"2698\" data-end=\"2730\">pident\u00e4\u00e4 korttien k\u00e4ytt\u00f6ik\u00e4\u00e4<\/strong><\/li>\n<li data-section-id=\"136q5fa\" data-start=\"2733\" data-end=\"2776\">tarve <strong data-start=\"2743\" data-end=\"2776\">lis\u00e4turvaa laminoinnin avulla<\/strong><\/li>\n<\/ul>","protected":false},"excerpt":{"rendered":"<p data-start=\"124\" data-end=\"325\">Magicard Prima 451 on yksipuolinen laminointimoduuli Magicard Prima 8 -henkil\u00f6korttitulostimelle. Se laminoi kortin suojaavalla pinnoitteella kest\u00e4vyyden, pidemm\u00e4n k\u00e4ytt\u00f6i\u00e4n ja paremman turvallisuuden takaamiseksi.<\/p>\n<ul data-start=\"327\" data-end=\"509\">\n<li data-section-id=\"ce0vzz\" data-start=\"327\" data-end=\"368\">Laminointimoduuli Magicard Prima 8:lle<\/li>\n<li data-section-id=\"1cinnkk\" data-start=\"369\" data-end=\"400\">Yksipuolinen laminointi (UNO)<\/li>\n<li data-section-id=\"1qnxbtd\" data-start=\"401\" data-end=\"439\">Suojaa kortteja kulumiselta ja naarmuilta<\/li>\n<li data-section-id=\"8h6f1f\" data-start=\"440\" data-end=\"466\">Pident\u00e4\u00e4 kortin k\u00e4ytt\u00f6ik\u00e4\u00e4<\/li>\n<li data-section-id=\"1kkgy16\" data-start=\"467\" data-end=\"509\">Tuki holografisille turvalaminaateille<\/li>\n<\/ul>","protected":false},"featured_media":164291,"template":"","meta":{"_acf_changed":false},"product_brand":[],"product_cat":[3208],"product_tag":[],"class_list":{"0":"post-164293","1":"product","2":"type-product","3":"status-publish","4":"has-post-thumbnail","6":"product_cat-magicard","7":"pa_brands-magicard","8":"tm-no-options","10":"first","11":"instock","12":"sale","13":"taxable","14":"shipping-taxable","15":"purchasable","16":"product-type-simple"},"acf":[],"_links":{"self":[{"href":"https:\/\/secureus.se\/fi\/wp-json\/wp\/v2\/product\/164293","targetHints":{"allow":["GET"]}}],"collection":[{"href":"https:\/\/secureus.se\/fi\/wp-json\/wp\/v2\/product"}],"about":[{"href":"https:\/\/secureus.se\/fi\/wp-json\/wp\/v2\/types\/product"}],"wp:featuredmedia":[{"embeddable":true,"href":"https:\/\/secureus.se\/fi\/wp-json\/wp\/v2\/media\/164291"}],"wp:attachment":[{"href":"https:\/\/secureus.se\/fi\/wp-json\/wp\/v2\/media?parent=164293"}],"wp:term":[{"taxonomy":"product_brand","embeddable":true,"href":"https:\/\/secureus.se\/fi\/wp-json\/wp\/v2\/product_brand?post=164293"},{"taxonomy":"product_cat","embeddable":true,"href":"https:\/\/secureus.se\/fi\/wp-json\/wp\/v2\/product_cat?post=164293"},{"taxonomy":"product_tag","embeddable":true,"href":"https:\/\/secureus.se\/fi\/wp-json\/wp\/v2\/product_tag?post=164293"}],"curies":[{"name":"wp","href":"https:\/\/api.w.org\/{rel}","templated":true}]}}