{"id":164334,"date":"2026-04-10T13:20:33","date_gmt":"2026-04-10T11:20:33","guid":{"rendered":"https:\/\/secureus.se\/?post_type=product&#038;p=164334"},"modified":"2026-04-10T13:51:24","modified_gmt":"2026-04-10T11:51:24","slug":"fireprotect-2-ac-rok-varme-co-detektor-230v-vit","status":"publish","type":"product","link":"https:\/\/secureus.se\/fi\/fireprotect-2-ac-rok-varme-co-detektor-230v-vit\/","title":{"rendered":"FireProtect 2 AC \u2013 (savu-\/l\u00e4mp\u00f6-\/h\u00e4k\u00e4ilmaisin) 230 V \u2013 valkoinen"},"content":{"rendered":"<h3 data-start=\"124\" data-end=\"213\"><strong data-start=\"128\" data-end=\"213\">FireProtect 2 AC &#8211; (R\u00f6k-\/V\u00e4rme\/CO-detektor) 230V med inbyggd siren och ljusindikering &#8211; Tr\u00e5dl\u00f6s kommunikation och n\u00e4tansluten<\/strong><\/h3>\n<p data-start=\"215\" data-end=\"455\">Denna avancerade r\u00f6k- CO och v\u00e4rmedetektor \u00e4r utformad f\u00f6r inomhusmontage och kombinerar tr\u00e5dl\u00f6s kommunikation med n\u00e4tansluten str\u00f6mf\u00f6rs\u00f6rjning (110\u2013240\u202fVAC). Den \u00e4r utrustad med en inbyggd siren samt r\u00f6d ljusindikering som aktiveras vid larm.<\/p>\n<h4 data-start=\"457\" data-end=\"477\"><strong data-start=\"462\" data-end=\"477\">Ominaisuudet:<\/strong><\/h4>\n<ul data-start=\"478\" data-end=\"1123\">\n<li data-start=\"478\" data-end=\"569\">\n<p data-start=\"480\" data-end=\"569\"><strong data-start=\"480\" data-end=\"503\">Kaksoistunnistus:<\/strong> H\u00e4lytykset sek\u00e4 savun esiintyess\u00e4 kammiossa ett\u00e4 nopeissa l\u00e4mp\u00f6tilan muutoksissa.<\/p>\n<\/li>\n<li data-start=\"570\" data-end=\"618\">\n<p data-start=\"572\" data-end=\"618\"><strong data-start=\"572\" data-end=\"590\">Sis\u00e4\u00e4nrakennettu sireeni:<\/strong> 85 dB 3 metrin et\u00e4isyydell\u00e4.<\/p>\n<\/li>\n<li data-start=\"619\" data-end=\"682\">\n<p data-start=\"621\" data-end=\"682\"><strong data-start=\"621\" data-end=\"640\">Valoilmaisin:<\/strong> Selke\u00e4 visuaalinen h\u00e4lytysmerkkivalo (punainen valo).<\/p>\n<\/li>\n<li data-start=\"683\" data-end=\"810\">\n<p data-start=\"685\" data-end=\"810\"><strong data-start=\"685\" data-end=\"709\">Synkronoidut h\u00e4lytykset:<\/strong> Mahdollisuus konfiguroida niin, ett\u00e4 kaikki j\u00e4rjestelm\u00e4n ilmaisimet h\u00e4lytt\u00e4v\u00e4t samanaikaisesti yhden laitteen h\u00e4lytyksest\u00e4.<\/p>\n<\/li>\n<li data-start=\"811\" data-end=\"934\">\n<p data-start=\"813\" data-end=\"934\"><strong data-start=\"813\" data-end=\"827\">Itsetestaus:<\/strong> S\u00e4\u00e4nn\u00f6lliset toiminnan ja tilan testit, mukaan lukien varoitukset akun alhaisesta varaustasosta ja puhdistustarpeesta.<\/p>\n<\/li>\n<li data-start=\"935\" data-end=\"1025\">\n<p data-start=\"937\" data-end=\"1025\"><strong data-start=\"937\" data-end=\"959\">L\u00e4mp\u00f6tilan mittaus:<\/strong> Sis\u00e4\u00e4nrakennettu l\u00e4mp\u00f6tila-anturi ymp\u00e4rist\u00f6n l\u00e4mp\u00f6tilan valvontaan.<\/p>\n<\/li>\n<li data-start=\"1026\" data-end=\"1123\">\n<p data-start=\"1028\" data-end=\"1123\"><strong data-start=\"1028\" data-end=\"1049\">Itsen\u00e4inen toiminta:<\/strong> Toimii my\u00f6s perinteisen\u00e4 palovaroittimena ilman j\u00e4rjestelm\u00e4\u00e4.<\/p>\n<\/li>\n<\/ul>\n<h4 data-start=\"1125\" data-end=\"1149\"><strong data-start=\"1130\" data-end=\"1149\">Yhteensopivuus:<\/strong><\/h4>\n<ul data-start=\"1150\" data-end=\"1220\">\n<li data-start=\"1150\" data-end=\"1162\">\n<p data-start=\"1152\" data-end=\"1162\">Hub Plus<\/p>\n<\/li>\n<li data-start=\"1163\" data-end=\"1172\">\n<p data-start=\"1165\" data-end=\"1172\">Keskitin 2<\/p>\n<\/li>\n<li data-start=\"1173\" data-end=\"1187\">\n<p data-start=\"1175\" data-end=\"1187\">Hub 2 Plus<\/p>\n<\/li>\n<li data-start=\"1188\" data-end=\"1202\">\n<p data-start=\"1190\" data-end=\"1202\">Hub Hybrid<\/p>\n<\/li>\n<li data-start=\"1203\" data-end=\"1210\">\n<p data-start=\"1205\" data-end=\"1210\">ReX<\/p>\n<\/li>\n<li data-start=\"1211\" data-end=\"1220\">\n<p data-start=\"1213\" data-end=\"1220\">Rex 2<\/p>\n<\/li>\n<\/ul>","protected":false},"excerpt":{"rendered":"<p><strong data-start=\"119\" data-end=\"189\">\u00c4lyk\u00e4s savu-, h\u00e4k\u00e4- ja l\u00e4mp\u00f6ilmaisin, jossa on sis\u00e4\u00e4nrakennettu sireeni ja valomerkint\u00e4.<\/strong> H\u00e4lytt\u00e4\u00e4 savusta tai nopeasta l\u00e4mp\u00f6tilan noususta, ja se voidaan synkronoida j\u00e4rjestelm\u00e4n muiden ilmaisimien kanssa. Toimii 110-240 VAC:lla ja on varustettu paristovarmennuksella. Toimii sek\u00e4 itsen\u00e4isesti ett\u00e4 Ajax-laitteiden, kuten Hub 2, Hub Plus ja ReX, kanssa. Jopa 1700 metrin langaton kantama.<\/p>","protected":false},"featured_media":155444,"template":"","meta":{"_acf_changed":false},"product_brand":[],"product_cat":[3159],"product_tag":[4863],"class_list":{"0":"post-164334","1":"product","2":"type-product","3":"status-publish","4":"has-post-thumbnail","6":"product_cat-brandvarnare","7":"product_tag-pf","8":"pa_brands-ajax-systems","9":"pa_farg-vit","10":"tm-no-options","12":"first","13":"outofstock","14":"taxable","15":"shipping-taxable","16":"purchasable","17":"product-type-simple"},"acf":[],"_links":{"self":[{"href":"https:\/\/secureus.se\/fi\/wp-json\/wp\/v2\/product\/164334","targetHints":{"allow":["GET"]}}],"collection":[{"href":"https:\/\/secureus.se\/fi\/wp-json\/wp\/v2\/product"}],"about":[{"href":"https:\/\/secureus.se\/fi\/wp-json\/wp\/v2\/types\/product"}],"wp:featuredmedia":[{"embeddable":true,"href":"https:\/\/secureus.se\/fi\/wp-json\/wp\/v2\/media\/155444"}],"wp:attachment":[{"href":"https:\/\/secureus.se\/fi\/wp-json\/wp\/v2\/media?parent=164334"}],"wp:term":[{"taxonomy":"product_brand","embeddable":true,"href":"https:\/\/secureus.se\/fi\/wp-json\/wp\/v2\/product_brand?post=164334"},{"taxonomy":"product_cat","embeddable":true,"href":"https:\/\/secureus.se\/fi\/wp-json\/wp\/v2\/product_cat?post=164334"},{"taxonomy":"product_tag","embeddable":true,"href":"https:\/\/secureus.se\/fi\/wp-json\/wp\/v2\/product_tag?post=164334"}],"curies":[{"name":"wp","href":"https:\/\/api.w.org\/{rel}","templated":true}]}}