{"id":164468,"date":"2026-04-15T12:35:49","date_gmt":"2026-04-15T10:35:49","guid":{"rendered":"https:\/\/secureus.se\/?post_type=product&#038;p=164468"},"modified":"2026-04-15T17:23:56","modified_gmt":"2026-04-15T15:23:56","slug":"ajax-kompatibel-tagg-rod-bricka-till-keypad-plus-och-touchscreen-ev2-8k-pro","status":"publish","type":"product","link":"https:\/\/secureus.se\/fi\/ajax-kompatibel-tagg-rod-bricka-till-keypad-plus-och-touchscreen-ev2-8k-pro\/","title":{"rendered":"Ajax-yhteensopiva tunniste (punainen) \u2013 tunniste KeyPad Plus -n\u00e4pp\u00e4imist\u00f6lle, ulkok\u00e4ytt\u00f6\u00f6n ja kosketusn\u00e4ytt\u00f6\u00f6n | EV2 8K Pro"},"content":{"rendered":"<p data-start=\"600\" data-end=\"763\">Ajax Kompatibel Tagg (R\u00f6d) \u00e4r ett smart och prisv\u00e4rt alternativ till Ajax originaltagg, utvecklad f\u00f6r att fungera tillsammans med Ajax KeyPad Plus och TouchScreen.<\/p>\n<p data-start=\"765\" data-end=\"1026\">Se on varustettu aidolla NXP:n Mifare DESFire -sirulla, mik\u00e4 tarkoittaa, ett\u00e4 saat saman korkean turvallisuustason kuin alkuper\u00e4isiss\u00e4 tuotteissa. Edistynyt salaus suojaa kopioinnilta ja luvattomalta k\u00e4yt\u00f6lt\u00e4 ja on samalla helppok\u00e4ytt\u00f6inen.<\/p>\n<p data-start=\"1028\" data-end=\"1237\">Aivan kuten alkuper\u00e4isen tunnisteen kanssa, h\u00e4lytyksen voi aktivoida tai deaktivoida pit\u00e4m\u00e4ll\u00e4 tunnistetta n\u00e4pp\u00e4imist\u00f6\u00e4 vasten. Koodia tai sovellusta ei tarvita, joten se sopii t\u00e4ydellisesti perheelle, ty\u00f6ntekij\u00f6ille tai satunnaisille k\u00e4ytt\u00e4jille.<\/p>\n<p data-start=\"1239\" data-end=\"1441\">T\u00e4m\u00e4n tunnisteen selke\u00e4 etu on sen muoto. Se on hieman pienempi ja ohuempi kuin alkuper\u00e4inen Ajax-tunniste, mik\u00e4 helpottaa sen kantamista avaimenper\u00e4ss\u00e4. Monet ihmiset arvostavat kompaktimpaa muotoilua arkiel\u00e4m\u00e4ss\u00e4.<\/p>\n<p data-start=\"1660\" data-end=\"1866\">Tarjoamme my\u00f6s kaiverrusmahdollisuuden. Voit valita esimerkiksi numeroinnin tai oman logosi suoraan tunnisteeseen, mik\u00e4 helpottaa k\u00e4ytt\u00e4jien ja k\u00e4ytt\u00f6oikeuksien seurantaa.<\/p>\n<p data-start=\"1868\" data-end=\"2048\">Tunniste on valmistettu kest\u00e4v\u00e4st\u00e4 ABS-materiaalista ja siin\u00e4 on alkuper\u00e4inen NXP:n siru. Sit\u00e4 varastoidaan suuria m\u00e4\u00e4ri\u00e4 ja se voidaan toimittaa nopeasti, my\u00f6s suurempien tilausten yhteydess\u00e4.<\/p>\n<hr data-start=\"2168\" data-end=\"2171\" \/>\n<h2 data-section-id=\"4wkmjn\" data-start=\"2173\" data-end=\"2204\"><span role=\"text\"><strong data-start=\"2176\" data-end=\"2204\">Tekniset tiedot<\/strong><\/span><\/h2>\n<ul data-start=\"2205\" data-end=\"2532\">\n<li data-section-id=\"1k933n6\" data-start=\"2205\" data-end=\"2251\"><strong>Viestint\u00e4tekniikka<\/strong>Mifare DESFire\u00ae (alkuper\u00e4inen NXP)<\/li>\n<li data-section-id=\"c63o5z\" data-start=\"2252\" data-end=\"2289\"><strong>Vakio<\/strong>ISO 14443-A (13,56 MHz)<\/li>\n<li data-section-id=\"18f098c\" data-start=\"2290\" data-end=\"2334\"><strong>Salaus<\/strong>128-bittinen edistynyt DESFire-salaus<\/li>\n<li data-section-id=\"6941yt\" data-start=\"2335\" data-end=\"2416\"><strong>Yhteensopivuus<\/strong>Ajax KeyPad Plus ja kosketusn\u00e4ytt\u00f6 sek\u00e4 DESFire-pohjaiset j\u00e4rjestelm\u00e4t<\/li>\n<li data-section-id=\"18ldt2h\" data-start=\"2417\" data-end=\"2434\"><strong>Materiaali<\/strong>ABS-jarrut<\/li>\n<li data-section-id=\"14m3c96\" data-start=\"2435\" data-end=\"2466\"><strong>Mitat<\/strong>: 43 \u00d7 29 \u00d7 3 mm<\/li>\n<li data-section-id=\"17n4yqt\" data-start=\"2467\" data-end=\"2480\"><strong>Maali<\/strong>: Punainen<\/li>\n<li data-section-id=\"l2858j\" data-start=\"2481\" data-end=\"2532\"><strong>Kaiverrus<\/strong>Kyll\u00e4, mahdollisuus esim. numeroon, nimeen, viestiin tai logoon<\/li>\n<\/ul>","protected":false},"excerpt":{"rendered":"<p data-start=\"205\" data-end=\"288\">Ajax-yhteensopiva tunniste (punainen) \u2013 tunniste KeyPad Plus -n\u00e4pp\u00e4imist\u00f6lle ja kosketusn\u00e4yt\u00f6lle<\/p>\n<p data-start=\"290\" data-end=\"451\">Edullinen vaihtoehto alkuper\u00e4iselle Ajax-tunnisteelle, jolla on sama korkea turvallisuustaso ja eri v\u00e4ri. Varustettu NXP:n Mifare DESFire -tekniikalla salattua ja turvallista p\u00e4\u00e4sy\u00e4 Ajax-j\u00e4rjestelmiin.<\/p>\n<p data-start=\"453\" data-end=\"569\">Yht\u00e4 hyv\u00e4 kuin alkuper\u00e4inen, mutta pienempi ja joustavampi muoto sek\u00e4 kaiverrusmahdollisuus tekev\u00e4t siit\u00e4 t\u00e4ydellisen sek\u00e4 yksityis- ett\u00e4 ammattik\u00e4ytt\u00f6\u00f6n. Voit valita esimerkiksi numeroinnin tai oman logosi suoraan tunnisteeseen, mik\u00e4 helpottaa k\u00e4ytt\u00e4jien ja k\u00e4ytt\u00f6oikeuksien seurantaa.<\/p>\n<p data-start=\"453\" data-end=\"569\">Avata <strong>\u201c&quot;N\u00e4yt\u00e4 mukautusasetukset&quot;\u201d<\/strong> valitaksesi numeron, nimen tai logon kaiverruksen tunnisteeseesi.<\/p>","protected":false},"featured_media":163687,"template":"","meta":{"_acf_changed":false},"product_brand":[],"product_cat":[5129],"product_tag":[],"class_list":{"0":"post-164468","1":"product","2":"type-product","3":"status-publish","4":"has-post-thumbnail","6":"product_cat-ajax-taggar-kort","7":"product_shipping_class-postnord-varubrev","8":"pa_brands-secureus","9":"pa_farg-rod","10":"tm-has-options","12":"first","13":"instock","14":"featured","15":"taxable","16":"shipping-taxable","17":"purchasable","18":"product-type-simple"},"acf":[],"_links":{"self":[{"href":"https:\/\/secureus.se\/fi\/wp-json\/wp\/v2\/product\/164468","targetHints":{"allow":["GET"]}}],"collection":[{"href":"https:\/\/secureus.se\/fi\/wp-json\/wp\/v2\/product"}],"about":[{"href":"https:\/\/secureus.se\/fi\/wp-json\/wp\/v2\/types\/product"}],"wp:featuredmedia":[{"embeddable":true,"href":"https:\/\/secureus.se\/fi\/wp-json\/wp\/v2\/media\/163687"}],"wp:attachment":[{"href":"https:\/\/secureus.se\/fi\/wp-json\/wp\/v2\/media?parent=164468"}],"wp:term":[{"taxonomy":"product_brand","embeddable":true,"href":"https:\/\/secureus.se\/fi\/wp-json\/wp\/v2\/product_brand?post=164468"},{"taxonomy":"product_cat","embeddable":true,"href":"https:\/\/secureus.se\/fi\/wp-json\/wp\/v2\/product_cat?post=164468"},{"taxonomy":"product_tag","embeddable":true,"href":"https:\/\/secureus.se\/fi\/wp-json\/wp\/v2\/product_tag?post=164468"}],"curies":[{"name":"wp","href":"https:\/\/api.w.org\/{rel}","templated":true}]}}