{"id":164745,"date":"2026-04-22T15:08:49","date_gmt":"2026-04-22T13:08:49","guid":{"rendered":"https:\/\/secureus.se\/evolis-primacy-2-simplex-expert-id-kortskrivare-enkelsidig\/"},"modified":"2026-04-23T12:23:05","modified_gmt":"2026-04-23T10:23:05","slug":"evolis-primacy-2-simplex-expert-id-kortskrivare-enkelsidig","status":"publish","type":"product","link":"https:\/\/secureus.se\/fi\/evolis-primacy-2-simplex-expert-id-kortskrivare-enkelsidig\/","title":{"rendered":"Evolis Primacy 2 Simplex Expert -henkil\u00f6korttitulostin (yksipuolinen)"},"content":{"rendered":"<p>Evolis Primacy 2 Simplex Expert -henkil\u00f6korttitulostin on t\u00e4ydellinen ratkaisu ammattimaisten henkil\u00f6korttien ja yksipuolisten korttien luomiseen. K\u00e4ytt\u00e4j\u00e4yst\u00e4v\u00e4llisen muotoilunsa ja korkean tulostuslaatunsa ansiosta t\u00e4m\u00e4 tulostin sopii erinomaisesti yrityksille, kouluille ja organisaatioille, jotka tarvitsevat nopeaa ja luotettavaa korttitulostusta. Evolis Primacy 2 Simplex Expertin avulla voit helposti luoda r\u00e4\u00e4t\u00e4l\u00f6ityj\u00e4 henkil\u00f6kortteja, j\u00e4senkortteja ja kulkukortteja tehokkaasti. Uusimmalla tulostustekniikalla ja useilla liit\u00e4nt\u00e4vaihtoehdoilla varustettu tulostin on luotettava valinta kaikkiin korttitulostustarpeisiisi.<\/p>","protected":false},"excerpt":{"rendered":"<ul>\n<li>Evolis Primacy 2 Simplex Expert -henkil\u00f6korttitulostin (yksipuolinen)<\/li>\n<li>Nopea tulostusnopeus ja korkea suorituskyky<\/li>\n<li>Tukee v\u00e4risublimaatiota ja uudelleenkirjoitustekniikkaa<\/li>\n<li>Voi tulostaa yksipuolisen v\u00e4rikortin 13 sekunnissa<\/li>\n<li>Sis\u00e4lt\u00e4\u00e4 kolmen vuoden takuun<\/li>\n<li>Saatavilla my\u00f6s kaksipuolisena Primacy 2 -mallina<\/li>\n<\/ul>","protected":false},"featured_media":164741,"template":"","meta":{"_acf_changed":false},"product_brand":[],"product_cat":[3205],"product_tag":[],"class_list":{"0":"post-164745","1":"product","2":"type-product","3":"status-publish","4":"has-post-thumbnail","6":"product_cat-evolis","7":"product_shipping_class-tunga-paket","8":"pa_brands-evolis","9":"tm-no-options","11":"first","12":"instock","13":"sale","14":"taxable","15":"shipping-taxable","16":"purchasable","17":"product-type-simple"},"acf":[],"_links":{"self":[{"href":"https:\/\/secureus.se\/fi\/wp-json\/wp\/v2\/product\/164745","targetHints":{"allow":["GET"]}}],"collection":[{"href":"https:\/\/secureus.se\/fi\/wp-json\/wp\/v2\/product"}],"about":[{"href":"https:\/\/secureus.se\/fi\/wp-json\/wp\/v2\/types\/product"}],"wp:featuredmedia":[{"embeddable":true,"href":"https:\/\/secureus.se\/fi\/wp-json\/wp\/v2\/media\/164741"}],"wp:attachment":[{"href":"https:\/\/secureus.se\/fi\/wp-json\/wp\/v2\/media?parent=164745"}],"wp:term":[{"taxonomy":"product_brand","embeddable":true,"href":"https:\/\/secureus.se\/fi\/wp-json\/wp\/v2\/product_brand?post=164745"},{"taxonomy":"product_cat","embeddable":true,"href":"https:\/\/secureus.se\/fi\/wp-json\/wp\/v2\/product_cat?post=164745"},{"taxonomy":"product_tag","embeddable":true,"href":"https:\/\/secureus.se\/fi\/wp-json\/wp\/v2\/product_tag?post=164745"}],"curies":[{"name":"wp","href":"https:\/\/api.w.org\/{rel}","templated":true}]}}