{"id":164753,"date":"2026-04-22T15:32:12","date_gmt":"2026-04-22T13:32:12","guid":{"rendered":"https:\/\/secureus.se\/evolis-s10212-kortlamineringsmodul-clm\/"},"modified":"2026-04-23T12:22:46","modified_gmt":"2026-04-23T10:22:46","slug":"evolis-s10212-kortlamineringsmodul-clm","status":"publish","type":"product","link":"https:\/\/secureus.se\/fi\/evolis-s10212-kortlamineringsmodul-clm\/","title":{"rendered":"Evolis S10212 -kortin laminointimoduuli (CLM)"},"content":{"rendered":"<p>Evolis S10212 -kortin laminointimoduuli (CLM) on innovatiivinen ja luotettava laminointimoduuli, joka on suunniteltu parantamaan painettujen korttiesi turvallisuutta ja kest\u00e4vyytt\u00e4. Helpon asennuksen ja k\u00e4ytt\u00e4j\u00e4yst\u00e4v\u00e4llisen muotoilun ansiosta t\u00e4m\u00e4 moduuli sopii t\u00e4ydellisesti ammattimaisten ja turvallisten henkil\u00f6korttien, j\u00e4senkorttien tai muiden painettujen korttien luomiseen. Evolis S10212 CLM:n avulla voit parantaa laminointiprosessejasi ja antaa korteillesi korkealaatuisen pinnan, joka suojaa niit\u00e4 lialta, vedelt\u00e4 ja kulumiselta. Anna korteillesi lis\u00e4suojaa ja tyyli\u00e4 Evolis S10212 -kortin laminointimoduulilla.<\/p>","protected":false},"excerpt":{"rendered":"<ul>\n<li>Evolis S10212 -kortin laminointimoduuli kiinnitt\u00e4\u00e4 kortteihin peittokuvia ja holografisia kalvoja<\/li>\n<li>Voidaan k\u00e4ytt\u00e4\u00e4 itsen\u00e4isen\u00e4 yksikk\u00f6n\u00e4 tai Evolis Primacy- tai Primacy 2 -henkil\u00f6korttitulostimien kanssa<\/li>\n<li>Sis\u00e4lt\u00e4\u00e4 kaksipuolisen laminointimoduulin<\/li>\n<li>Liitet\u00e4\u00e4n suoraan tietokoneeseen itsen\u00e4isess\u00e4 tilassa USB-kaapelilla (ei sis\u00e4lly toimitukseen)<\/li>\n<li>Tuotteen paino: 8,00 kg<\/li>\n<\/ul>","protected":false},"featured_media":164752,"template":"","meta":{"_acf_changed":false},"product_brand":[],"product_cat":[3205],"product_tag":[],"class_list":{"0":"post-164753","1":"product","2":"type-product","3":"status-publish","4":"has-post-thumbnail","6":"product_cat-evolis","7":"product_shipping_class-tunga-paket","8":"pa_brands-evolis","9":"tm-no-options","11":"first","12":"outofstock","13":"sale","14":"taxable","15":"shipping-taxable","16":"purchasable","17":"product-type-simple"},"acf":[],"_links":{"self":[{"href":"https:\/\/secureus.se\/fi\/wp-json\/wp\/v2\/product\/164753","targetHints":{"allow":["GET"]}}],"collection":[{"href":"https:\/\/secureus.se\/fi\/wp-json\/wp\/v2\/product"}],"about":[{"href":"https:\/\/secureus.se\/fi\/wp-json\/wp\/v2\/types\/product"}],"wp:featuredmedia":[{"embeddable":true,"href":"https:\/\/secureus.se\/fi\/wp-json\/wp\/v2\/media\/164752"}],"wp:attachment":[{"href":"https:\/\/secureus.se\/fi\/wp-json\/wp\/v2\/media?parent=164753"}],"wp:term":[{"taxonomy":"product_brand","embeddable":true,"href":"https:\/\/secureus.se\/fi\/wp-json\/wp\/v2\/product_brand?post=164753"},{"taxonomy":"product_cat","embeddable":true,"href":"https:\/\/secureus.se\/fi\/wp-json\/wp\/v2\/product_cat?post=164753"},{"taxonomy":"product_tag","embeddable":true,"href":"https:\/\/secureus.se\/fi\/wp-json\/wp\/v2\/product_tag?post=164753"}],"curies":[{"name":"wp","href":"https:\/\/api.w.org\/{rel}","templated":true}]}}