{"id":164777,"date":"2026-04-22T15:08:52","date_gmt":"2026-04-22T13:08:52","guid":{"rendered":"https:\/\/secureus.se\/evolis-quantum-2-standard-id-kortskrivare\/"},"modified":"2026-04-23T12:22:59","modified_gmt":"2026-04-23T10:22:59","slug":"evolis-quantum-2-standard-id-kortskrivare","status":"publish","type":"product","link":"https:\/\/secureus.se\/fi\/evolis-quantum-2-standard-id-kortskrivare\/","title":{"rendered":"Evolis Quantum 2 Standard -henkil\u00f6korttitulostin"},"content":{"rendered":"<p>Evolis Quantum 2 -henkil\u00f6korttitulostin on t\u00e4ydellinen ratkaisu korkealaatuisten henkil\u00f6korttien tehokkaaseen luomiseen. Standard Mag ISO-, Smart Contact Station- ja Contactless Ready -teknologian tuen ansiosta t\u00e4m\u00e4 tulostin t\u00e4ytt\u00e4\u00e4 monenlaiset tarpeet ja turvallisuusvaatimukset. Quantum 2 tarjoaa nopean ja luotettavan henkil\u00f6korttitulostuksen, joten se sopii erinomaisesti organisaatioille, joiden on tuotettava suuria m\u00e4\u00e4ri\u00e4 kortteja s\u00e4\u00e4nn\u00f6llisesti. K\u00e4ytt\u00e4j\u00e4yst\u00e4v\u00e4llisen muotoilun ja edistyneiden ominaisuuksien ansiosta Evolis Quantum 2 on t\u00e4ydellinen valinta turvallisuustietoisille yrityksille ja organisaatioille. Luo ammattimaisia henkil\u00f6kortteja Quantum 2:lla ja varmista turvallisuus ty\u00f6paikallasi tai tapahtumassasi.<\/p>","protected":false},"excerpt":{"rendered":"<ul>\n<li>Yhdist\u00e4\u00e4 p\u00f6yt\u00e4tulostimen tuntuman teollisuustulostimen tehoon muovikorttien massatuotantoon<\/li>\n<li>Valinnainen k\u00e4\u00e4nnett\u00e4v\u00e4 koodausmoduuli korttien koodaamiseen yhdell\u00e4 k\u00e4sittelyll\u00e4 ja tuotantoajan lyhent\u00e4miseen<\/li>\n<li>Vaihdettava 500 kortin sy\u00f6tt\u00f6- ja tulostuslokero<\/li>\n<li>Tulostaa jopa 150 yksipuolista v\u00e4rikorttia p\u00e4\u00e4llelaminaatilla tunnissa<\/li>\n<li>Tulostaa jopa 1000 yksipuolista mustavalkoista korttia tunnissa<\/li>\n<li>Ota yhteytt\u00e4 tiimiimme keskustellaksesi lis\u00e4koodausvaihtoehdoista<\/li>\n<li>Paino: 8,00 kg<\/li>\n<\/ul>","protected":false},"featured_media":164771,"template":"","meta":{"_acf_changed":false},"product_brand":[],"product_cat":[1316],"product_tag":[],"class_list":{"0":"post-164777","1":"product","2":"type-product","3":"status-publish","4":"has-post-thumbnail","6":"product_cat-ovriga-utan-kategorier","7":"product_shipping_class-tunga-paket","8":"pa_brands-evolis","9":"tm-no-options","11":"first","12":"instock","13":"sale","14":"taxable","15":"shipping-taxable","16":"purchasable","17":"product-type-simple"},"acf":[],"_links":{"self":[{"href":"https:\/\/secureus.se\/fi\/wp-json\/wp\/v2\/product\/164777","targetHints":{"allow":["GET"]}}],"collection":[{"href":"https:\/\/secureus.se\/fi\/wp-json\/wp\/v2\/product"}],"about":[{"href":"https:\/\/secureus.se\/fi\/wp-json\/wp\/v2\/types\/product"}],"wp:featuredmedia":[{"embeddable":true,"href":"https:\/\/secureus.se\/fi\/wp-json\/wp\/v2\/media\/164771"}],"wp:attachment":[{"href":"https:\/\/secureus.se\/fi\/wp-json\/wp\/v2\/media?parent=164777"}],"wp:term":[{"taxonomy":"product_brand","embeddable":true,"href":"https:\/\/secureus.se\/fi\/wp-json\/wp\/v2\/product_brand?post=164777"},{"taxonomy":"product_cat","embeddable":true,"href":"https:\/\/secureus.se\/fi\/wp-json\/wp\/v2\/product_cat?post=164777"},{"taxonomy":"product_tag","embeddable":true,"href":"https:\/\/secureus.se\/fi\/wp-json\/wp\/v2\/product_tag?post=164777"}],"curies":[{"name":"wp","href":"https:\/\/api.w.org\/{rel}","templated":true}]}}