{"id":164931,"date":"2026-04-27T15:12:34","date_gmt":"2026-04-27T13:12:34","guid":{"rendered":"https:\/\/secureus.se\/?post_type=product&#038;p=164931"},"modified":"2026-04-27T15:19:53","modified_gmt":"2026-04-27T13:19:53","slug":"evolis-lpa074naa-alternativ-klar-patch-smart-mag-cut-1-0mil-600-utskrifter","status":"publish","type":"product","link":"https:\/\/secureus.se\/fi\/evolis-lpa074naa-alternativ-klar-patch-smart-mag-cut-1-0mil-600-utskrifter\/","title":{"rendered":"Evolis LPA074NAA -lis\u00e4varusteena kirkas merkkivalo Smart &amp; Mag-Cut 1.0MIL (600 tulostetta)"},"content":{"rendered":"<p>Denna Evolis LPA074NAA Alternate Clear Patch Smart &amp; Mag-Cut 1.0MIL (600 utskrifter) \u00e4r en h\u00f6gkvalitativ film f\u00f6r din smarta och magnetiska kortskrivare. Med en tjocklek p\u00e5 1.0MIL kan du skapa upp till 600 tydliga och h\u00e5llbara utskrifter p\u00e5 dina kort. Den transparenta ytan ger ett elegant och professionellt utseende samtidigt som den skyddar kortens data och f\u00f6rl\u00e4nger deras livsl\u00e4ngd. Perfekt f\u00f6r kontor, evenemang och organisationer som beh\u00f6ver tillf\u00f6rlitliga och h\u00f6gkvalitativa kortutskrifter. Skapa imponerande resultat med Evolis Clear Patch Smart &amp; Mag-Cut filmen!<\/p>","protected":false},"excerpt":{"rendered":"<ul>\n<li>Suojaa tulostettuja henkil\u00f6llisyys- ja kulkukortteja l\u00e4pin\u00e4kyv\u00e4ll\u00e4 suojakalvolla<\/li>\n<li>1,0 milin paksuus kest\u00e4v\u00e4\u00e4 pintasuojausta varten<\/li>\n<li>600 tulostetta rullaa kohden<\/li>\n<li>Smartcut- ja magcut-muotoilu tarkkaa korttikoodausta varten<\/li>\n<li>Valmistajan osanumero: LPA074NAA<\/li>\n<li>Yhteensopiva Evolis Agilia- ja Evolis Avansia -henkil\u00f6korttitulostimien kanssa<\/li>\n<li>Paino: 0,50 kg<\/li>\n<li>Ei suositella PVC-korteille<\/li>\n<\/ul>","protected":false},"featured_media":164930,"template":"","meta":{"_acf_changed":false},"product_brand":[],"product_cat":[4854],"product_tag":[],"class_list":{"0":"post-164931","1":"product","2":"type-product","3":"status-publish","4":"has-post-thumbnail","6":"product_cat-agilia","7":"pa_brands-evolis","8":"tm-no-options","10":"first","11":"outofstock","12":"sale","13":"taxable","14":"shipping-taxable","15":"purchasable","16":"product-type-simple"},"acf":[],"_links":{"self":[{"href":"https:\/\/secureus.se\/fi\/wp-json\/wp\/v2\/product\/164931","targetHints":{"allow":["GET"]}}],"collection":[{"href":"https:\/\/secureus.se\/fi\/wp-json\/wp\/v2\/product"}],"about":[{"href":"https:\/\/secureus.se\/fi\/wp-json\/wp\/v2\/types\/product"}],"wp:featuredmedia":[{"embeddable":true,"href":"https:\/\/secureus.se\/fi\/wp-json\/wp\/v2\/media\/164930"}],"wp:attachment":[{"href":"https:\/\/secureus.se\/fi\/wp-json\/wp\/v2\/media?parent=164931"}],"wp:term":[{"taxonomy":"product_brand","embeddable":true,"href":"https:\/\/secureus.se\/fi\/wp-json\/wp\/v2\/product_brand?post=164931"},{"taxonomy":"product_cat","embeddable":true,"href":"https:\/\/secureus.se\/fi\/wp-json\/wp\/v2\/product_cat?post=164931"},{"taxonomy":"product_tag","embeddable":true,"href":"https:\/\/secureus.se\/fi\/wp-json\/wp\/v2\/product_tag?post=164931"}],"curies":[{"name":"wp","href":"https:\/\/api.w.org\/{rel}","templated":true}]}}