{"id":164933,"date":"2026-04-27T15:12:29","date_gmt":"2026-04-27T13:12:29","guid":{"rendered":"https:\/\/secureus.se\/?post_type=product&#038;p=164933"},"modified":"2026-04-27T15:19:53","modified_gmt":"2026-04-27T13:19:53","slug":"evolis-lpa073naa-alternativ-klar-patch-smart-cut-1-0mil-600-utskrifter","status":"publish","type":"product","link":"https:\/\/secureus.se\/fi\/evolis-lpa073naa-alternativ-klar-patch-smart-cut-1-0mil-600-utskrifter\/","title":{"rendered":"Evolis LPA073NAA -lis\u00e4varusteena kirkas paikkaus ja Smart Cut 1.0MIL (600 tulostetta)"},"content":{"rendered":"<p>Tuotteen kuvaus:<br \/>\nEvolis LPA073NAA Alternate Clear Patch &amp; Smart Cut \u00e4r en h\u00f6gkvalitativ f\u00f6rbrukningsprodukt som \u00e4r designad f\u00f6r att ge enast\u00e5ende utskriftskvalitet och h\u00e5llbarhet. Med en tjocklek p\u00e5 1.0MIL och kapacitet f\u00f6r upp till 600 utskrifter, \u00e4r den perfekt f\u00f6r att skapa professionella och tydliga kort och ID-handlingar. Den transparenta patchen och smarta sk\u00e4rningen s\u00e4kerst\u00e4ller en j\u00e4mn och precisa utskrifter varje g\u00e5ng. Med Evolis LPA073NAA kan du vara s\u00e4ker p\u00e5 att dina utskrifter kommer att vara av h\u00f6gsta kvalitet och h\u00e5lla l\u00e4nge.<\/p>","protected":false},"excerpt":{"rendered":"<ul>\n<li>Evolis VAIHTOEHTOINEN KIRKAS LAASTARI 1.0 MIL laminaatti<\/li>\n<li>600 tulosta per rulla<\/li>\n<li>1,0 milin kirkas laastarilaminaatti muovikorteille<\/li>\n<li>Parannettu pinnan suojaus ja kest\u00e4vyys<\/li>\n<li>Yhteensopiva Evolis Agilia- ja Avansia-laminointimoduulien kanssa<\/li>\n<li>Ei suositella k\u00e4ytett\u00e4v\u00e4ksi PVC-korttien kanssa<\/li>\n<li>Valmistajan osanumero: LPA073NAA<\/li>\n<li>Tuotteen paino: 0,50 kg<\/li>\n<\/ul>","protected":false},"featured_media":164932,"template":"","meta":{"_acf_changed":false},"product_brand":[],"product_cat":[4854],"product_tag":[],"class_list":{"0":"post-164933","1":"product","2":"type-product","3":"status-publish","4":"has-post-thumbnail","6":"product_cat-agilia","7":"pa_brands-evolis","8":"tm-no-options","10":"first","11":"outofstock","12":"sale","13":"taxable","14":"shipping-taxable","15":"purchasable","16":"product-type-simple"},"acf":[],"_links":{"self":[{"href":"https:\/\/secureus.se\/fi\/wp-json\/wp\/v2\/product\/164933","targetHints":{"allow":["GET"]}}],"collection":[{"href":"https:\/\/secureus.se\/fi\/wp-json\/wp\/v2\/product"}],"about":[{"href":"https:\/\/secureus.se\/fi\/wp-json\/wp\/v2\/types\/product"}],"wp:featuredmedia":[{"embeddable":true,"href":"https:\/\/secureus.se\/fi\/wp-json\/wp\/v2\/media\/164932"}],"wp:attachment":[{"href":"https:\/\/secureus.se\/fi\/wp-json\/wp\/v2\/media?parent=164933"}],"wp:term":[{"taxonomy":"product_brand","embeddable":true,"href":"https:\/\/secureus.se\/fi\/wp-json\/wp\/v2\/product_brand?post=164933"},{"taxonomy":"product_cat","embeddable":true,"href":"https:\/\/secureus.se\/fi\/wp-json\/wp\/v2\/product_cat?post=164933"},{"taxonomy":"product_tag","embeddable":true,"href":"https:\/\/secureus.se\/fi\/wp-json\/wp\/v2\/product_tag?post=164933"}],"curies":[{"name":"wp","href":"https:\/\/api.w.org\/{rel}","templated":true}]}}