{"id":164941,"date":"2026-04-27T15:12:12","date_gmt":"2026-04-27T13:12:12","guid":{"rendered":"https:\/\/secureus.se\/evolis-rt6f105naaa-ymckki-fargband-400-utskrifter\/"},"modified":"2026-04-27T15:19:55","modified_gmt":"2026-04-27T13:19:55","slug":"evolis-rt6f105naaa-ymckki-fargband-400-utskrifter","status":"publish","type":"product","link":"https:\/\/secureus.se\/fi\/evolis-rt6f105naaa-ymckki-fargband-400-utskrifter\/","title":{"rendered":"Evolis RT6F105NAAA YMCKKI F\u00e4rgband (400 utskrifter)"},"content":{"rendered":"<p>F\u00f6rbered dig f\u00f6r att skapa f\u00e4rgstarka och h\u00f6gkvalitativa utskrifter med Evolis RT6F105NAAA YMCKKI-f\u00e4rgbandet. Med f\u00f6rm\u00e5gan att producera upp till 400 utskrifter \u00e4r detta f\u00e4rgband perfekt f\u00f6r att skapa professionella ID-kort, medlemskort och andra trycksaker. Den kombinerade f\u00e4rgtekniken med gult, magenta, cyan, svart och tv\u00e5 paneler f\u00f6r infrar\u00f6d tryck ger dina utskrifter enast\u00e5ende sk\u00e4rpa och f\u00e4rgm\u00e4ttnad. Med Evolis RT6F105NAAA YMCKKI-f\u00e4rgbandet kan du vara s\u00e4ker p\u00e5 att dina utskrifter kommer att se imponerande ut varje g\u00e5ng. Satsa p\u00e5 kvalitet och p\u00e5litlighet med detta f\u00e4rgband f\u00f6r din Evolis-kortskrivare.<\/p>","protected":false},"excerpt":{"rendered":"<ul>\n<li>Evolis RT6F105NAAA YMCKKI v\u00e4rinauha 400 tulosteeseen<\/li>\n<li>Ensiluokkainen siirtotulostustarvike eloisien ja ter\u00e4v\u00e4piirtoisten henkil\u00f6korttien tuotantoon<\/li>\n<li>Mukana kuusipaneelinen YMCKII-nauha ja estonauha<\/li>\n<li>Yhteensopiva PVC-, PET- ja komposiittikorttien kanssa<\/li>\n<li>Valmistajan osanumero: RT6F105NAAA<\/li>\n<li>Yhteensopiva Evolis Agilia -tulostimen kanssa<\/li>\n<li>Tuotteen paino: 0,50 kg<\/li>\n<\/ul>","protected":false},"featured_media":164940,"template":"","meta":{"_acf_changed":false},"product_brand":[],"product_cat":[4854],"product_tag":[],"class_list":{"0":"post-164941","1":"product","2":"type-product","3":"status-publish","4":"has-post-thumbnail","6":"product_cat-agilia","7":"pa_brands-evolis","8":"tm-no-options","10":"first","11":"outofstock","12":"sale","13":"taxable","14":"shipping-taxable","15":"purchasable","16":"product-type-simple"},"acf":[],"_links":{"self":[{"href":"https:\/\/secureus.se\/fi\/wp-json\/wp\/v2\/product\/164941","targetHints":{"allow":["GET"]}}],"collection":[{"href":"https:\/\/secureus.se\/fi\/wp-json\/wp\/v2\/product"}],"about":[{"href":"https:\/\/secureus.se\/fi\/wp-json\/wp\/v2\/types\/product"}],"wp:featuredmedia":[{"embeddable":true,"href":"https:\/\/secureus.se\/fi\/wp-json\/wp\/v2\/media\/164940"}],"wp:attachment":[{"href":"https:\/\/secureus.se\/fi\/wp-json\/wp\/v2\/media?parent=164941"}],"wp:term":[{"taxonomy":"product_brand","embeddable":true,"href":"https:\/\/secureus.se\/fi\/wp-json\/wp\/v2\/product_brand?post=164941"},{"taxonomy":"product_cat","embeddable":true,"href":"https:\/\/secureus.se\/fi\/wp-json\/wp\/v2\/product_cat?post=164941"},{"taxonomy":"product_tag","embeddable":true,"href":"https:\/\/secureus.se\/fi\/wp-json\/wp\/v2\/product_tag?post=164941"}],"curies":[{"name":"wp","href":"https:\/\/api.w.org\/{rel}","templated":true}]}}