{"id":164943,"date":"2026-04-27T15:12:15","date_gmt":"2026-04-27T13:12:15","guid":{"rendered":"https:\/\/secureus.se\/evolis-lps070naa-klar-patch-1-0mil-band-600-utskrifter\/"},"modified":"2026-04-27T15:19:54","modified_gmt":"2026-04-27T13:19:54","slug":"evolis-lps070naa-klar-patch-1-0mil-band-600-utskrifter","status":"publish","type":"product","link":"https:\/\/secureus.se\/fi\/evolis-lps070naa-klar-patch-1-0mil-band-600-utskrifter\/","title":{"rendered":"Evolis LPS070NAA Klar Patch 1.0MIL Band (600 utskrifter)"},"content":{"rendered":"<p>Uppt\u00e4ck den h\u00f6gkvalitativa Evolis LPS070NAA Clear Patch 1.0MIL Ribbon (600 Prints) f\u00f6r din kortskrivare. Denna ribbon \u00e4r perfekt f\u00f6r att skapa professionella kort med en klar bel\u00e4ggning som ger en h\u00e5llbar och estetiskt tilltalande yta. Med kapacitet att skriva ut upp till 600 kort \u00e4r denna ribbon idealisk f\u00f6r f\u00f6retag och organisationer med h\u00f6ga utskriftsvolymer. Ge dina kort en extra touch av skydd och stil med Evolis LPS070NAA Clear Patch 1.0MIL Ribbon!<\/p>","protected":false},"excerpt":{"rendered":"<ul>\n<li>Erikoislaminointinauha painettuihin henkil\u00f6kortteihin<\/li>\n<li>L\u00e4pin\u00e4kyv\u00e4 p\u00e4\u00e4llyste parantaa kest\u00e4vyytt\u00e4<\/li>\n<li>600 tulosta per rulla<\/li>\n<li>1,0 milin paksuus suojaa varten<\/li>\n<li>Yhteensopiva Evolis-tulostimien kanssa, joissa on kortin laminointimoduuli<\/li>\n<li>Valmistajan osanumero: LPS070NAA<\/li>\n<li>Tuotteen paino: 0,50 kg<\/li>\n<\/ul>","protected":false},"featured_media":164942,"template":"","meta":{"_acf_changed":false},"product_brand":[],"product_cat":[4854],"product_tag":[],"class_list":{"0":"post-164943","1":"product","2":"type-product","3":"status-publish","4":"has-post-thumbnail","6":"product_cat-agilia","7":"pa_brands-evolis","8":"tm-no-options","10":"first","11":"outofstock","12":"sale","13":"taxable","14":"shipping-taxable","15":"purchasable","16":"product-type-simple"},"acf":[],"_links":{"self":[{"href":"https:\/\/secureus.se\/fi\/wp-json\/wp\/v2\/product\/164943","targetHints":{"allow":["GET"]}}],"collection":[{"href":"https:\/\/secureus.se\/fi\/wp-json\/wp\/v2\/product"}],"about":[{"href":"https:\/\/secureus.se\/fi\/wp-json\/wp\/v2\/types\/product"}],"wp:featuredmedia":[{"embeddable":true,"href":"https:\/\/secureus.se\/fi\/wp-json\/wp\/v2\/media\/164942"}],"wp:attachment":[{"href":"https:\/\/secureus.se\/fi\/wp-json\/wp\/v2\/media?parent=164943"}],"wp:term":[{"taxonomy":"product_brand","embeddable":true,"href":"https:\/\/secureus.se\/fi\/wp-json\/wp\/v2\/product_brand?post=164943"},{"taxonomy":"product_cat","embeddable":true,"href":"https:\/\/secureus.se\/fi\/wp-json\/wp\/v2\/product_cat?post=164943"},{"taxonomy":"product_tag","embeddable":true,"href":"https:\/\/secureus.se\/fi\/wp-json\/wp\/v2\/product_tag?post=164943"}],"curies":[{"name":"wp","href":"https:\/\/api.w.org\/{rel}","templated":true}]}}