{"id":164945,"date":"2026-04-27T15:23:57","date_gmt":"2026-04-27T13:23:57","guid":{"rendered":"https:\/\/secureus.se\/evolis-agilia-acl010-avancerad-skrivartvattsats\/"},"modified":"2026-04-27T15:30:57","modified_gmt":"2026-04-27T13:30:57","slug":"evolis-agilia-acl010-avancerad-skrivartvattsats","status":"publish","type":"product","link":"https:\/\/secureus.se\/fi\/evolis-agilia-acl010-avancerad-skrivartvattsats\/","title":{"rendered":"Evolis Agilia ACL010 edistynyt tulostimen puhdistussarja"},"content":{"rendered":"<p>H\u00e5ll din Evolis Agilia ACL010 avancerade skrivare ren och i toppskick med detta professionella reng\u00f6ringskit! V\u00e5r noggrant framtagna reng\u00f6ringsl\u00f6sning och tillbeh\u00f6r \u00e4r speciellt utformade f\u00f6r att s\u00e4kerst\u00e4lla att din skrivare forts\u00e4tter att leverera skarpa och tydliga utskrifter varje g\u00e5ng. Med detta kit kan du enkelt och effektivt reng\u00f6ra och underh\u00e5lla din skrivare, vilket f\u00f6rl\u00e4nger dess livsl\u00e4ngd och bibeh\u00e5ller dess prestanda. Ge din Evolis Agilia ACL010 skrivare den omsorg den f\u00f6rtj\u00e4nar med detta avancerade reng\u00f6ringskit!<\/p>","protected":false},"excerpt":{"rendered":"<ul>\n<li>Sis\u00e4lt\u00e4\u00e4 2 T-puhdistuskorttia ja 2 itsekiinnittyv\u00e4\u00e4 puhdistuskorttia<\/li>\n<li>Mukana 1 puhdistuskyn\u00e4 ja 60 nukkaamatonta puhdistusliinaa<\/li>\n<li>Yhteensopiva Evolis Agilia -korttitulostimien kanssa<\/li>\n<li>Valmistajan koodi: ACL010<\/li>\n<li>Paino: 0,20 kg<\/li>\n<\/ul>","protected":false},"featured_media":164944,"template":"","meta":{"_acf_changed":false},"product_brand":[],"product_cat":[4807],"product_tag":[],"class_list":{"0":"post-164945","1":"product","2":"type-product","3":"status-publish","4":"has-post-thumbnail","6":"product_cat-rengoringskit","7":"product_shipping_class-postnord-varubrev","8":"pa_brands-evolis","9":"tm-no-options","11":"first","12":"instock","13":"taxable","14":"shipping-taxable","15":"purchasable","16":"product-type-simple"},"acf":[],"_links":{"self":[{"href":"https:\/\/secureus.se\/fi\/wp-json\/wp\/v2\/product\/164945","targetHints":{"allow":["GET"]}}],"collection":[{"href":"https:\/\/secureus.se\/fi\/wp-json\/wp\/v2\/product"}],"about":[{"href":"https:\/\/secureus.se\/fi\/wp-json\/wp\/v2\/types\/product"}],"wp:featuredmedia":[{"embeddable":true,"href":"https:\/\/secureus.se\/fi\/wp-json\/wp\/v2\/media\/164944"}],"wp:attachment":[{"href":"https:\/\/secureus.se\/fi\/wp-json\/wp\/v2\/media?parent=164945"}],"wp:term":[{"taxonomy":"product_brand","embeddable":true,"href":"https:\/\/secureus.se\/fi\/wp-json\/wp\/v2\/product_brand?post=164945"},{"taxonomy":"product_cat","embeddable":true,"href":"https:\/\/secureus.se\/fi\/wp-json\/wp\/v2\/product_cat?post=164945"},{"taxonomy":"product_tag","embeddable":true,"href":"https:\/\/secureus.se\/fi\/wp-json\/wp\/v2\/product_tag?post=164945"}],"curies":[{"name":"wp","href":"https:\/\/api.w.org\/{rel}","templated":true}]}}