{"id":164947,"date":"2026-04-27T15:24:02","date_gmt":"2026-04-27T13:24:02","guid":{"rendered":"https:\/\/secureus.se\/evolis-agilia-acl011-t-kortrengoringskit-10-pack\/"},"modified":"2026-04-27T15:30:56","modified_gmt":"2026-04-27T13:30:56","slug":"evolis-agilia-acl011-t-kortrengoringskit-10-pack","status":"publish","type":"product","link":"https:\/\/secureus.se\/fi\/evolis-agilia-acl011-t-kortrengoringskit-10-pack\/","title":{"rendered":"Evolis Agilia ACL011 T-kortin puhdistussarja (10 kpl)"},"content":{"rendered":"<p>H\u00e5ll dina Evolis-kortskrivare i toppskick med Evolis Agilia ACL011 T Card Cleaning Kit! Detta set med 10 reng\u00f6ringskit \u00e4r utformat f\u00f6r att effektivt avl\u00e4gsna smuts och partiklar fr\u00e5n dina kortskrivare f\u00f6r att s\u00e4kerst\u00e4lla h\u00f6g kvalitet p\u00e5 dina utskrifter. Med regelbunden anv\u00e4ndning av detta reng\u00f6ringskit kommer du att kunna f\u00f6rl\u00e4nga livsl\u00e4ngden p\u00e5 din utrustning och s\u00e4kerst\u00e4lla att dina utskrifter \u00e4r tydliga och rena varje g\u00e5ng. Ge dina Evolis-kortskrivare den omsorg de f\u00f6rtj\u00e4nar med Evolis Agilia ACL011 T Card Cleaning Kit!<\/p>","protected":false},"excerpt":{"rendered":"<ul>\n<li>Sis\u00e4lt\u00e4\u00e4 10 T-muotoista puhdistuskorttia<\/li>\n<li>Auttaa puhdistamaan p\u00f6lyn ja roskat Evolis Agilia -muovikorttitulostimista<\/li>\n<li>Est\u00e4\u00e4 tulostimen vaurioitumisen ja vaikuttaa tulostuslaatuun, jos sit\u00e4 ei puhdisteta s\u00e4\u00e4nn\u00f6llisesti<\/li>\n<li>S\u00e4ilyy oikein s\u00e4ilytettyn\u00e4 jopa vuoden<\/li>\n<li>Valmistajan osanumero: ACL011<\/li>\n<li>Paino: 0,20 kg<\/li>\n<\/ul>","protected":false},"featured_media":164946,"template":"","meta":{"_acf_changed":false},"product_brand":[],"product_cat":[4807],"product_tag":[],"class_list":{"0":"post-164947","1":"product","2":"type-product","3":"status-publish","4":"has-post-thumbnail","6":"product_cat-rengoringskit","7":"product_shipping_class-postnord-varubrev","8":"pa_brands-evolis","9":"tm-no-options","11":"first","12":"instock","13":"taxable","14":"shipping-taxable","15":"purchasable","16":"product-type-simple"},"acf":[],"_links":{"self":[{"href":"https:\/\/secureus.se\/fi\/wp-json\/wp\/v2\/product\/164947","targetHints":{"allow":["GET"]}}],"collection":[{"href":"https:\/\/secureus.se\/fi\/wp-json\/wp\/v2\/product"}],"about":[{"href":"https:\/\/secureus.se\/fi\/wp-json\/wp\/v2\/types\/product"}],"wp:featuredmedia":[{"embeddable":true,"href":"https:\/\/secureus.se\/fi\/wp-json\/wp\/v2\/media\/164946"}],"wp:attachment":[{"href":"https:\/\/secureus.se\/fi\/wp-json\/wp\/v2\/media?parent=164947"}],"wp:term":[{"taxonomy":"product_brand","embeddable":true,"href":"https:\/\/secureus.se\/fi\/wp-json\/wp\/v2\/product_brand?post=164947"},{"taxonomy":"product_cat","embeddable":true,"href":"https:\/\/secureus.se\/fi\/wp-json\/wp\/v2\/product_cat?post=164947"},{"taxonomy":"product_tag","embeddable":true,"href":"https:\/\/secureus.se\/fi\/wp-json\/wp\/v2\/product_tag?post=164947"}],"curies":[{"name":"wp","href":"https:\/\/api.w.org\/{rel}","templated":true}]}}