{"id":165229,"date":"2026-05-05T14:27:22","date_gmt":"2026-05-05T12:27:22","guid":{"rendered":"https:\/\/secureus.se\/zebra-ds9908-sr-black-usb-barcode-scanner-kit\/"},"modified":"2026-05-05T17:12:30","modified_gmt":"2026-05-05T15:12:30","slug":"zebra-ds9908-sr-black-usb-barcode-scanner-kit","status":"publish","type":"product","link":"https:\/\/secureus.se\/fi\/zebra-ds9908-sr-black-usb-barcode-scanner-kit\/","title":{"rendered":"Zebra DS9908-SR Black USB Barcode Scanner Kit"},"content":{"rendered":"<p>Zebra DS9908-SR musta USB-viivakoodinlukijapaketti on suunniteltu helposti k\u00e4ytt\u00f6\u00f6notettavaksi heti pakkauksesta, ja siin\u00e4 on alan johtavat skannaustoiminnot. L\u00e4hes v\u00e4litt\u00f6m\u00e4n viivakoodinlukijan ansiosta t\u00e4m\u00e4 skanneri tukee yli 90 kansainv\u00e4list\u00e4 n\u00e4pp\u00e4imist\u00f6\u00e4 ja sen laaja n\u00e4k\u00f6kentt\u00e4 takaa tarkat ensimm\u00e4iset lukunopeudet, joten se sopii t\u00e4ydellisesti v\u00e4hitt\u00e4iskauppaan ja hotelli- ja ravintola-alalle.<\/p>\n<ul>\n<li>Sis\u00e4lt\u00e4\u00e4 skannerin, jossa on sis\u00e4\u00e4nrakennettu jalusta ja USB-kaapeli<\/li>\n<li>2 metrin (7 jalan) suora suojattu USB-kaapeli<\/li>\n<li>Mitat: 20,3 cm x 9,4 cm x 13,2 cm<\/li>\n<li>Tukee yli 90 kansainv\u00e4list\u00e4 n\u00e4pp\u00e4imist\u00f6\u00e4<\/li>\n<li>Tuetut is\u00e4nt\u00e4liit\u00e4nn\u00e4t: USB, RS232, Keyboard Wedge, TGCS (IBM) 46XX RS485:n kautta<\/li>\n<\/ul>\n<p>Valmistajan osanumero: DS9908-SR4U2100AZW<\/p>\n<p>\n <strong><br \/>\n Tuotteen paino:<br \/>\n 0,60 kg<br \/>\n <\/strong>\n <\/p>","protected":false},"excerpt":{"rendered":"<p>The Zebra\u00a0DS9908-SR Black USB Barcode Scanner Kit is built for easy deployment out-of-the-box with industry-leading scanning functionality. Offering near-instant barcode capture, this scanner supports over 90 international keyboards and uses<\/p>","protected":false},"featured_media":165227,"template":"","meta":{"_acf_changed":false},"product_brand":[],"product_cat":[5132],"product_tag":[],"class_list":{"0":"post-165229","1":"product","2":"type-product","3":"status-publish","4":"has-post-thumbnail","6":"product_cat-lasare-passersystem","7":"tm-no-options","9":"first","10":"instock","11":"sale","12":"taxable","13":"shipping-taxable","14":"purchasable","15":"product-type-simple"},"acf":[],"_links":{"self":[{"href":"https:\/\/secureus.se\/fi\/wp-json\/wp\/v2\/product\/165229","targetHints":{"allow":["GET"]}}],"collection":[{"href":"https:\/\/secureus.se\/fi\/wp-json\/wp\/v2\/product"}],"about":[{"href":"https:\/\/secureus.se\/fi\/wp-json\/wp\/v2\/types\/product"}],"wp:featuredmedia":[{"embeddable":true,"href":"https:\/\/secureus.se\/fi\/wp-json\/wp\/v2\/media\/165227"}],"wp:attachment":[{"href":"https:\/\/secureus.se\/fi\/wp-json\/wp\/v2\/media?parent=165229"}],"wp:term":[{"taxonomy":"product_brand","embeddable":true,"href":"https:\/\/secureus.se\/fi\/wp-json\/wp\/v2\/product_brand?post=165229"},{"taxonomy":"product_cat","embeddable":true,"href":"https:\/\/secureus.se\/fi\/wp-json\/wp\/v2\/product_cat?post=165229"},{"taxonomy":"product_tag","embeddable":true,"href":"https:\/\/secureus.se\/fi\/wp-json\/wp\/v2\/product_tag?post=165229"}],"curies":[{"name":"wp","href":"https:\/\/api.w.org\/{rel}","templated":true}]}}