{"id":165234,"date":"2026-05-05T14:27:22","date_gmt":"2026-05-05T12:27:22","guid":{"rendered":"https:\/\/secureus.se\/zebra-ds9208-sr-hands-free-barcode-scanner-kit-scanner-only\/"},"modified":"2026-05-05T17:47:46","modified_gmt":"2026-05-05T15:47:46","slug":"zebra-ds9208-sr-hands-free-barcode-scanner-kit-scanner-only","status":"publish","type":"product","link":"https:\/\/secureus.se\/fi\/zebra-ds9208-sr-hands-free-barcode-scanner-kit-scanner-only\/","title":{"rendered":"Zebra DS9208-SR Hands-Free Barcode Scanner Kit (Scanner Only)"},"content":{"rendered":"<p>Zebra DS9208-SR -k\u00e4det vapaana oleva viivakoodinlukija on alan johtava skanneri, jossa on monisuuntaiset lukuominaisuudet ja joka on suunniteltu seuraavan sukupolven skannausta varten. K\u00e4ytt\u00e4j\u00e4t voivat skannata mink\u00e4 tahansa 1D- ja 2D-viivakoodin sek\u00e4 mobiiliviivakoodit ja liput nopeasti ja tehokkaasti skannerin aidon t\u00e4ht\u00e4\u00e4v\u00e4n skannauksen ja alan johtavan skannausnopeuden ansiosta.<\/p>\n<ul>\n<li>Lukee: 1D- ja 2D-viivakoodeja, mobiiliviivakoodeja<\/li>\n<li>Monisuuntainen skannaus<\/li>\n<li>Tyylik\u00e4s muotoilu sopii erinomaisesti my\u00f6s pienemmille ty\u00f6tasoille<\/li>\n<li>3 vuoden valmistajan takuu<\/li>\n<\/ul>\n<p>Valmistajan osanumero: DS9208-SR00004NNWW<\/p>\n<p>\n <strong><br \/>\n Tuotteen paino:<br \/>\n 0,60 kg<br \/>\n <\/strong>\n <\/p>","protected":false},"excerpt":{"rendered":"<p>The Zebra DS9208-SR Hands-Free Barcode Scanner is an industry-leading scanner with omnidirectional reading capabilities designed for the next generation of scanning. Users can scan any 1D and 2D barcode alongside<\/p>","protected":false},"featured_media":165230,"template":"","meta":{"_acf_changed":false},"product_brand":[],"product_cat":[5132],"product_tag":[],"class_list":{"0":"post-165234","1":"product","2":"type-product","3":"status-publish","4":"has-post-thumbnail","6":"product_cat-lasare-passersystem","7":"pa_brands-zebra-2","8":"tm-no-options","10":"first","11":"instock","12":"sale","13":"taxable","14":"shipping-taxable","15":"purchasable","16":"product-type-simple"},"acf":[],"_links":{"self":[{"href":"https:\/\/secureus.se\/fi\/wp-json\/wp\/v2\/product\/165234","targetHints":{"allow":["GET"]}}],"collection":[{"href":"https:\/\/secureus.se\/fi\/wp-json\/wp\/v2\/product"}],"about":[{"href":"https:\/\/secureus.se\/fi\/wp-json\/wp\/v2\/types\/product"}],"wp:featuredmedia":[{"embeddable":true,"href":"https:\/\/secureus.se\/fi\/wp-json\/wp\/v2\/media\/165230"}],"wp:attachment":[{"href":"https:\/\/secureus.se\/fi\/wp-json\/wp\/v2\/media?parent=165234"}],"wp:term":[{"taxonomy":"product_brand","embeddable":true,"href":"https:\/\/secureus.se\/fi\/wp-json\/wp\/v2\/product_brand?post=165234"},{"taxonomy":"product_cat","embeddable":true,"href":"https:\/\/secureus.se\/fi\/wp-json\/wp\/v2\/product_cat?post=165234"},{"taxonomy":"product_tag","embeddable":true,"href":"https:\/\/secureus.se\/fi\/wp-json\/wp\/v2\/product_tag?post=165234"}],"curies":[{"name":"wp","href":"https:\/\/api.w.org\/{rel}","templated":true}]}}