{"id":165236,"date":"2026-05-05T14:27:30","date_gmt":"2026-05-05T12:27:30","guid":{"rendered":"https:\/\/secureus.se\/hid-omnikey-5023-contactless-card-reader-dark-blue\/"},"modified":"2026-05-05T17:44:23","modified_gmt":"2026-05-05T15:44:23","slug":"hid-omnikey-5023-contactless-card-reader-dark-blue","status":"publish","type":"product","link":"https:\/\/secureus.se\/fi\/hid-omnikey-5023-contactless-card-reader-dark-blue\/","title":{"rendered":"HID Omnikey 5023 -l\u00e4himaksuton kortinlukija - tummansininen"},"content":{"rendered":"<p>HID Omnikey 5023 -l\u00e4himaksuton \u00e4lykortinlukija hy\u00f6dynt\u00e4\u00e4 monikerroksista, turvallista, standardeihin perustuvaa Secure Identity Object (SIO) -teknologiaa tietojen suojaamiseen ja tunnistetietojen tukemiseen. Osana ActivID Tap Authentication -ratkaisua t\u00e4m\u00e4 lukija mahdollistaa my\u00f6s k\u00e4ytt\u00e4jien koskettaa korttia laitteeseen ja luoda kertak\u00e4ytt\u00f6isen salasanan (OTP) turvallisempaa kirjautumista varten.<\/p>\n<ul>\n<li>Tukee Seos-, iCLASS SE-, MIFARE-, DESFire- ja muita SIO-yhteensopivia tunnistetietoja<\/li>\n<li>CCID-tuki Windows-, LINUX- ja Mac-k\u00e4ytt\u00f6j\u00e4rjestelmille<\/li>\n<li>Valmistajan osanumero: R50230318-DB<\/li>\n<\/ul>\n<p>\n <strong><br \/>\n Tuotteen paino:<br \/>\n 0,00 kg<br \/>\n <\/strong>\n <\/p>","protected":false},"excerpt":{"rendered":"<p>HID Omnikey 5023 -l\u00e4hiluettava \u00e4lykortinlukija hy\u00f6dynt\u00e4\u00e4 monikerroksista, turvallista, standardeihin perustuvaa Secure Identity Object (SIO) -teknologiaa tietojen suojaamiseen ja tunnistetietojen tukemiseen. Osana ActivID:t\u00e4<\/p>","protected":false},"featured_media":165235,"template":"","meta":{"_acf_changed":false},"product_brand":[],"product_cat":[5132],"product_tag":[],"class_list":{"0":"post-165236","1":"product","2":"type-product","3":"status-publish","4":"has-post-thumbnail","6":"product_cat-lasare-passersystem","7":"pa_brands-hid","8":"tm-no-options","10":"first","11":"outofstock","12":"sale","13":"taxable","14":"shipping-taxable","15":"purchasable","16":"product-type-simple"},"acf":[],"_links":{"self":[{"href":"https:\/\/secureus.se\/fi\/wp-json\/wp\/v2\/product\/165236","targetHints":{"allow":["GET"]}}],"collection":[{"href":"https:\/\/secureus.se\/fi\/wp-json\/wp\/v2\/product"}],"about":[{"href":"https:\/\/secureus.se\/fi\/wp-json\/wp\/v2\/types\/product"}],"wp:featuredmedia":[{"embeddable":true,"href":"https:\/\/secureus.se\/fi\/wp-json\/wp\/v2\/media\/165235"}],"wp:attachment":[{"href":"https:\/\/secureus.se\/fi\/wp-json\/wp\/v2\/media?parent=165236"}],"wp:term":[{"taxonomy":"product_brand","embeddable":true,"href":"https:\/\/secureus.se\/fi\/wp-json\/wp\/v2\/product_brand?post=165236"},{"taxonomy":"product_cat","embeddable":true,"href":"https:\/\/secureus.se\/fi\/wp-json\/wp\/v2\/product_cat?post=165236"},{"taxonomy":"product_tag","embeddable":true,"href":"https:\/\/secureus.se\/fi\/wp-json\/wp\/v2\/product_tag?post=165236"}],"curies":[{"name":"wp","href":"https:\/\/api.w.org\/{rel}","templated":true}]}}