{"id":165239,"date":"2026-05-05T14:27:30","date_gmt":"2026-05-05T12:27:30","guid":{"rendered":"https:\/\/secureus.se\/hid-omnikey-3021-smart-card-reader\/"},"modified":"2026-05-05T17:10:36","modified_gmt":"2026-05-05T15:10:36","slug":"hid-omnikey-3021-smart-card-reader","status":"publish","type":"product","link":"https:\/\/secureus.se\/fi\/hid-omnikey-3021-smart-card-reader\/","title":{"rendered":"HID Omnikey 3021 -\u00e4lykortinlukija"},"content":{"rendered":"<p>HID Omnikey 3021 on USB-\u00e4lykortinlukija, joka sopii suuriin projekteihin. Se on helppok\u00e4ytt\u00f6inen USB-laite, joka t\u00e4ytt\u00e4\u00e4 alan standardit.<\/p>\n<ul>\n<li>Tukee nopeaa tiedonsiirtoa \u00a0<\/li>\n<li>UPC-viivakoodi helpottaa logistiikkaa<\/li>\n<li>USB-liit\u00e4nt\u00e4<\/li>\n<li>Valmistajan osanumero: R30210315-1<\/li>\n<\/ul>\n<p>\n <strong><br \/>\n Tuotteen paino:<br \/>\n 0,20 kg<br \/>\n <\/strong>\n <\/p>","protected":false},"excerpt":{"rendered":"<p>The HID Omnikey 3021 is a USB smart card reader that is a suitable choice for large projects. It\u2019s an easy-to-use USB device that complies with industry standards. Supports high-speed<\/p>","protected":false},"featured_media":165238,"template":"","meta":{"_acf_changed":false},"product_brand":[],"product_cat":[5132],"product_tag":[],"class_list":{"0":"post-165239","1":"product","2":"type-product","3":"status-publish","4":"has-post-thumbnail","6":"product_cat-lasare-passersystem","7":"tm-no-options","9":"first","10":"instock","11":"sale","12":"taxable","13":"shipping-taxable","14":"purchasable","15":"product-type-simple"},"acf":[],"_links":{"self":[{"href":"https:\/\/secureus.se\/fi\/wp-json\/wp\/v2\/product\/165239","targetHints":{"allow":["GET"]}}],"collection":[{"href":"https:\/\/secureus.se\/fi\/wp-json\/wp\/v2\/product"}],"about":[{"href":"https:\/\/secureus.se\/fi\/wp-json\/wp\/v2\/types\/product"}],"wp:featuredmedia":[{"embeddable":true,"href":"https:\/\/secureus.se\/fi\/wp-json\/wp\/v2\/media\/165238"}],"wp:attachment":[{"href":"https:\/\/secureus.se\/fi\/wp-json\/wp\/v2\/media?parent=165239"}],"wp:term":[{"taxonomy":"product_brand","embeddable":true,"href":"https:\/\/secureus.se\/fi\/wp-json\/wp\/v2\/product_brand?post=165239"},{"taxonomy":"product_cat","embeddable":true,"href":"https:\/\/secureus.se\/fi\/wp-json\/wp\/v2\/product_cat?post=165239"},{"taxonomy":"product_tag","embeddable":true,"href":"https:\/\/secureus.se\/fi\/wp-json\/wp\/v2\/product_tag?post=165239"}],"curies":[{"name":"wp","href":"https:\/\/api.w.org\/{rel}","templated":true}]}}