{"id":165247,"date":"2026-05-05T14:27:30","date_gmt":"2026-05-05T12:27:30","guid":{"rendered":"https:\/\/secureus.se\/zebra-symbol-ls2208-usb-barcode-scanner-kit\/"},"modified":"2026-05-05T17:44:35","modified_gmt":"2026-05-05T15:44:35","slug":"zebra-symbol-ls2208-usb-barcode-scanner-kit","status":"publish","type":"product","link":"https:\/\/secureus.se\/fi\/zebra-symbol-ls2208-usb-barcode-scanner-kit\/","title":{"rendered":"Zebra Symbol LS2208 USB-viivakoodinlukijasarja"},"content":{"rendered":"<p>Zebra Symbol LS2208 USB-viivakoodinlukija tarjoaa asiakkaillesi nopean ja luotettavan viivakoodinskannauksen jopa 17 tuuman laajalla ty\u00f6alueella. T\u00e4m\u00e4 tehokas k\u00e4dess\u00e4 pidett\u00e4v\u00e4 skanneri on kompakti ja kevyt, ja siin\u00e4 on useita liit\u00e4nt\u00f6j\u00e4, jotka mahdollistavat helpon integroinnin erilaisiin is\u00e4nt\u00e4j\u00e4rjestelmiin. Zebra Symbol -viivakoodinlukijan pudotuskest\u00e4vyys on 1,5 metri\u00e4 betoniin, ja se k\u00e4ytt\u00e4\u00e4 laserskannaustekniikkaa, jonka skannausnopeus on 100 skannausta sekunnissa.<\/p>\n<ul>\n<li>Jalusta sis\u00e4ltyy hintaan<\/li>\n<li>Valmistajan osanumero: LS2208<\/li>\n<li>Mitat: 15 cm x 6,3 cm x 8,9 cm (K x L x S)<\/li>\n<li>Tuetut liit\u00e4nn\u00e4t: USB, RS232, Keyboard Wedge, IBM 468x\/9x<\/li>\n<li>5 vuoden takuu<\/li>\n<li>K\u00e4ytt\u00f6j\u00e4rjestelm\u00e4tuki USB:n kautta: Windows 98, 2000, ME, XP, MacOS 8.5 ja uudemmat, IBM 4690 -k\u00e4ytt\u00f6j\u00e4rjestelm\u00e4<\/li>\n<\/ul>\n<p>\n <strong><br \/>\n Tuotteen paino:<br \/>\n 0,60 kg<br \/>\n <\/strong>\n <\/p>","protected":false},"excerpt":{"rendered":"<p>The Zebra Symbol LS2208 USB barcode scanner provides fast and reliable barcode scanning for your customers with a wide working range of up to 17 inches. This high-performance handheld scanner<\/p>","protected":false},"featured_media":165242,"template":"","meta":{"_acf_changed":false},"product_brand":[],"product_cat":[5132],"product_tag":[],"class_list":{"0":"post-165247","1":"product","2":"type-product","3":"status-publish","4":"has-post-thumbnail","6":"product_cat-lasare-passersystem","7":"pa_brands-zebra-2","8":"tm-no-options","10":"first","11":"outofstock","12":"sale","13":"taxable","14":"shipping-taxable","15":"purchasable","16":"product-type-simple"},"acf":[],"_links":{"self":[{"href":"https:\/\/secureus.se\/fi\/wp-json\/wp\/v2\/product\/165247","targetHints":{"allow":["GET"]}}],"collection":[{"href":"https:\/\/secureus.se\/fi\/wp-json\/wp\/v2\/product"}],"about":[{"href":"https:\/\/secureus.se\/fi\/wp-json\/wp\/v2\/types\/product"}],"wp:featuredmedia":[{"embeddable":true,"href":"https:\/\/secureus.se\/fi\/wp-json\/wp\/v2\/media\/165242"}],"wp:attachment":[{"href":"https:\/\/secureus.se\/fi\/wp-json\/wp\/v2\/media?parent=165247"}],"wp:term":[{"taxonomy":"product_brand","embeddable":true,"href":"https:\/\/secureus.se\/fi\/wp-json\/wp\/v2\/product_brand?post=165247"},{"taxonomy":"product_cat","embeddable":true,"href":"https:\/\/secureus.se\/fi\/wp-json\/wp\/v2\/product_cat?post=165247"},{"taxonomy":"product_tag","embeddable":true,"href":"https:\/\/secureus.se\/fi\/wp-json\/wp\/v2\/product_tag?post=165247"}],"curies":[{"name":"wp","href":"https:\/\/api.w.org\/{rel}","templated":true}]}}