{"id":165251,"date":"2026-05-05T14:27:21","date_gmt":"2026-05-05T12:27:21","guid":{"rendered":"https:\/\/secureus.se\/pac-20116-black-oneprox-gs3-lf-vandal-resistant-reader\/"},"modified":"2026-05-05T17:11:43","modified_gmt":"2026-05-05T15:11:43","slug":"pac-20116-black-oneprox-gs3-lf-vandal-resistant-reader","status":"publish","type":"product","link":"https:\/\/secureus.se\/fi\/pac-20116-black-oneprox-gs3-lf-vandal-resistant-reader\/","title":{"rendered":"PAC 20116 Black OneProx GS3 LF Vandal Resistant Reader"},"content":{"rendered":"<p>PAC-musta OneProx GS3 -matalataajuinen ilkivaltasuojattu lukija on kest\u00e4v\u00e4, tunkeutumisluokiteltu kulunvalvontalukija, joka on suunniteltu toimimaan vaativimmissakin k\u00e4ytt\u00f6ymp\u00e4rist\u00f6iss\u00e4. Lukija on IP67-luokiteltu ja sen turvaluokka on 3, joten se on ilkivaltasuojattu ja eritt\u00e4in turvallinen.<\/p>\n<ul>\n<li>Yhteensopiva PAC:n, KeyPAC:n ja monien Wiegand-varianttien kanssa<\/li>\n<li>40 mm:n lukuet\u00e4isyys<\/li>\n<li>Elinik\u00e4inen takuu elektroniikkavikoja vastaan<\/li>\n<\/ul>\n<p>\n <strong><br \/>\n Tuotteen paino:<br \/>\n 0,50 kg<br \/>\n <\/strong>\n <\/p>\n<p>\n <strong>Hinta alkaen 399,60 \u20ac<\/strong>\n <\/p>","protected":false},"excerpt":{"rendered":"<p>The PAC black OneProx GS3 low-frequency vandal-resistant reader is a robust, intruder-graded access reader and is designed to work in the most demanding of operating environments. This reader is IP67<\/p>","protected":false},"featured_media":165250,"template":"","meta":{"_acf_changed":false},"product_brand":[],"product_cat":[5132],"product_tag":[],"class_list":{"0":"post-165251","1":"product","2":"type-product","3":"status-publish","4":"has-post-thumbnail","6":"product_cat-lasare-passersystem","7":"tm-no-options","9":"first","10":"outofstock","11":"sale","12":"taxable","13":"shipping-taxable","14":"purchasable","15":"product-type-simple"},"acf":[],"_links":{"self":[{"href":"https:\/\/secureus.se\/fi\/wp-json\/wp\/v2\/product\/165251","targetHints":{"allow":["GET"]}}],"collection":[{"href":"https:\/\/secureus.se\/fi\/wp-json\/wp\/v2\/product"}],"about":[{"href":"https:\/\/secureus.se\/fi\/wp-json\/wp\/v2\/types\/product"}],"wp:featuredmedia":[{"embeddable":true,"href":"https:\/\/secureus.se\/fi\/wp-json\/wp\/v2\/media\/165250"}],"wp:attachment":[{"href":"https:\/\/secureus.se\/fi\/wp-json\/wp\/v2\/media?parent=165251"}],"wp:term":[{"taxonomy":"product_brand","embeddable":true,"href":"https:\/\/secureus.se\/fi\/wp-json\/wp\/v2\/product_brand?post=165251"},{"taxonomy":"product_cat","embeddable":true,"href":"https:\/\/secureus.se\/fi\/wp-json\/wp\/v2\/product_cat?post=165251"},{"taxonomy":"product_tag","embeddable":true,"href":"https:\/\/secureus.se\/fi\/wp-json\/wp\/v2\/product_tag?post=165251"}],"curies":[{"name":"wp","href":"https:\/\/api.w.org\/{rel}","templated":true}]}}