{"id":165252,"date":"2026-05-05T14:27:30","date_gmt":"2026-05-05T12:27:30","guid":{"rendered":"https:\/\/secureus.se\/hid-omnikey-5427-ck-gen2-with-usb-card-contactless-smart-card-reader-with-keyboard-wedge\/"},"modified":"2026-05-05T17:10:39","modified_gmt":"2026-05-05T15:10:39","slug":"hid-omnikey-5427-ck-gen2-with-usb-card-contactless-smart-card-reader-with-keyboard-wedge","status":"publish","type":"product","link":"https:\/\/secureus.se\/fi\/hid-omnikey-5427-ck-gen2-with-usb-card-contactless-smart-card-reader-with-keyboard-wedge\/","title":{"rendered":"HID Omnikey 5427 CK Gen2 USB-kortilla ja kontaktittomalla \u00e4lykortinlukijalla ja n\u00e4pp\u00e4imist\u00f6kiilalla"},"content":{"rendered":"<p>HID OMNIKEY\u00ae 5427CK USB -kaksoistaajuinen kortinlukija on kannettava kontaktiton lukija, jossa on CCID-tuki ja n\u00e4pp\u00e4imist\u00f6kiilaliit\u00e4nt\u00e4, joten se on helppo asentaa. T\u00e4m\u00e4n lukijan kanssa ei tarvitse asentaa ajureita tavallisiin k\u00e4ytt\u00f6j\u00e4rjestelmiin, sill\u00e4 se on suunniteltu tukemaan sek\u00e4 matala- ett\u00e4 korkeataajuisia korttiteknologioita.<\/p>\n<ul>\n<li>N\u00e4pp\u00e4imist\u00f6 Wedge -liit\u00e4nt\u00e4<\/li>\n<li>Saatavilla lukijakorttina sulautettuihin sovelluksiin<\/li>\n<li>Tietorakenteiden ja tulostustilojen joustava konfigurointi<\/li>\n<li>USB-liit\u00e4nt\u00e4<\/li>\n<li>Valmistajan osanumero: R54270101<\/li>\n<\/ul>\n<p><strong>T\u00c4M\u00c4 MALLI KORVAA MALLIN R51270002-1<\/strong><\/p>\n<p>\n <strong><br \/>\n Tuotteen paino:<br \/>\n 0,11 kg<br \/>\n <\/strong>\n <\/p>","protected":false},"excerpt":{"rendered":"<p>The HID OMNIKEY\u00ae 5427CK USB dual-frequency card reader is a portable contactless reader with CCID support and keyboard wedge interface, making it easy to set up. There is no need<\/p>","protected":false},"featured_media":165249,"template":"","meta":{"_acf_changed":false},"product_brand":[],"product_cat":[5132],"product_tag":[],"class_list":{"0":"post-165252","1":"product","2":"type-product","3":"status-publish","4":"has-post-thumbnail","6":"product_cat-lasare-passersystem","7":"tm-no-options","9":"first","10":"instock","11":"sale","12":"taxable","13":"shipping-taxable","14":"purchasable","15":"product-type-simple"},"acf":[],"_links":{"self":[{"href":"https:\/\/secureus.se\/fi\/wp-json\/wp\/v2\/product\/165252","targetHints":{"allow":["GET"]}}],"collection":[{"href":"https:\/\/secureus.se\/fi\/wp-json\/wp\/v2\/product"}],"about":[{"href":"https:\/\/secureus.se\/fi\/wp-json\/wp\/v2\/types\/product"}],"wp:featuredmedia":[{"embeddable":true,"href":"https:\/\/secureus.se\/fi\/wp-json\/wp\/v2\/media\/165249"}],"wp:attachment":[{"href":"https:\/\/secureus.se\/fi\/wp-json\/wp\/v2\/media?parent=165252"}],"wp:term":[{"taxonomy":"product_brand","embeddable":true,"href":"https:\/\/secureus.se\/fi\/wp-json\/wp\/v2\/product_brand?post=165252"},{"taxonomy":"product_cat","embeddable":true,"href":"https:\/\/secureus.se\/fi\/wp-json\/wp\/v2\/product_cat?post=165252"},{"taxonomy":"product_tag","embeddable":true,"href":"https:\/\/secureus.se\/fi\/wp-json\/wp\/v2\/product_tag?post=165252"}],"curies":[{"name":"wp","href":"https:\/\/api.w.org\/{rel}","templated":true}]}}