{"id":165256,"date":"2026-05-05T14:27:20","date_gmt":"2026-05-05T12:27:20","guid":{"rendered":"https:\/\/secureus.se\/pac-architect-a-blue-rfid-bluetooth-standard-reader\/"},"modified":"2026-05-05T17:48:27","modified_gmt":"2026-05-05T15:48:27","slug":"pac-architect-a-blue-rfid-bluetooth-standard-reader","status":"publish","type":"product","link":"https:\/\/secureus.se\/fi\/pac-architect-a-blue-rfid-bluetooth-standard-reader\/","title":{"rendered":"PAC Architect A Blue RFID &amp; Bluetooth Standard Reader"},"content":{"rendered":"<p>Korkeataajuinen PAC Architect A Blue RFID- ja Bluetooth-standardilukija toimii sek\u00e4 korttien ett\u00e4 \u00e4lypuhelinten kanssa ja varmistaa t\u00e4ydellisen k\u00e4ytt\u00f6mukavuuden. T\u00e4m\u00e4 lukija on erityisesti suunniteltu ilkivallan kest\u00e4v\u00e4ksi ja eritt\u00e4in turvalliseksi, ja siin\u00e4 on kiihtyvyysanturiin perustuva peukaloinnin tunnistusj\u00e4rjestelm\u00e4.<\/p>\n<ul>\n<li>Yhteensopiva PAC Opsin, PAC Ops Liten ja mobiilitunnusten kanssa<\/li>\n<li>80 mm:n lukuet\u00e4isyys PAC HF ID -laitteille ja 20 m mobiilitunnistuksille<\/li>\n<li>Elinik\u00e4inen takuu elektroniikkavikoja vastaan<\/li>\n<\/ul>\n<p>\n <strong><br \/>\n Tuotteen paino:<br \/>\n 0,50 kg<br \/>\n <\/strong>\n <\/p>\n<p>\n <strong>Hinta alkaen 438,00 \u20ac<\/strong>\n <\/p>","protected":false},"excerpt":{"rendered":"<p>The high-frequency PAC Architect A Blue RFID and Bluetooth standard reader works with both cards and smartphones to ensure complete convenience. This reader is specially designed to be vandal-proof and<\/p>","protected":false},"featured_media":165254,"template":"","meta":{"_acf_changed":false},"product_brand":[],"product_cat":[5132],"product_tag":[],"class_list":{"0":"post-165256","1":"product","2":"type-product","3":"status-publish","4":"has-post-thumbnail","6":"product_cat-lasare-passersystem","7":"pa_brands-pac","8":"tm-no-options","10":"first","11":"outofstock","12":"sale","13":"taxable","14":"shipping-taxable","15":"purchasable","16":"product-type-simple"},"acf":[],"_links":{"self":[{"href":"https:\/\/secureus.se\/fi\/wp-json\/wp\/v2\/product\/165256","targetHints":{"allow":["GET"]}}],"collection":[{"href":"https:\/\/secureus.se\/fi\/wp-json\/wp\/v2\/product"}],"about":[{"href":"https:\/\/secureus.se\/fi\/wp-json\/wp\/v2\/types\/product"}],"wp:featuredmedia":[{"embeddable":true,"href":"https:\/\/secureus.se\/fi\/wp-json\/wp\/v2\/media\/165254"}],"wp:attachment":[{"href":"https:\/\/secureus.se\/fi\/wp-json\/wp\/v2\/media?parent=165256"}],"wp:term":[{"taxonomy":"product_brand","embeddable":true,"href":"https:\/\/secureus.se\/fi\/wp-json\/wp\/v2\/product_brand?post=165256"},{"taxonomy":"product_cat","embeddable":true,"href":"https:\/\/secureus.se\/fi\/wp-json\/wp\/v2\/product_cat?post=165256"},{"taxonomy":"product_tag","embeddable":true,"href":"https:\/\/secureus.se\/fi\/wp-json\/wp\/v2\/product_tag?post=165256"}],"curies":[{"name":"wp","href":"https:\/\/api.w.org\/{rel}","templated":true}]}}