{"id":165257,"date":"2026-05-05T14:27:29","date_gmt":"2026-05-05T12:27:29","guid":{"rendered":"https:\/\/secureus.se\/zebra-li4278-cordless-scanner-usb-kit\/"},"modified":"2026-05-05T17:44:40","modified_gmt":"2026-05-05T15:44:40","slug":"zebra-li4278-cordless-scanner-usb-kit","status":"publish","type":"product","link":"https:\/\/secureus.se\/fi\/zebra-li4278-cordless-scanner-usb-kit\/","title":{"rendered":"Zebra LI4278 Cordless Scanner USB Kit"},"content":{"rendered":"<p>Zebra LI4278 -langaton skanneri on lineaarinen kuvanlukija, joka tarjoaa erinomaisen 1D-viivakoodinskannauksen ja laajan tiedonkeruualueen. Sis\u00e4\u00e4nrakennettu ladattava akku tarjoaa asiakkaillesi k\u00e4dess\u00e4 pidett\u00e4v\u00e4n, langattoman skannauksen Bluetooth 2.1 -yhteensopivuudella ja parannetulla salauksella, mik\u00e4 lis\u00e4\u00e4 turvallisuutta ja suorituskyky\u00e4. Zebra LI4278:n skannausnopeus on 547 skannausta sekunnissa ja ty\u00f6skentelyalue 1,5\u201319 tuumaa.<\/p>\n<ul>\n<li>S-teline sis\u00e4ltyy hintaan<\/li>\n<li>Johdollinen moniliit\u00e4nt\u00e4<\/li>\n<li>USB 2,1 metrin kaapeli<\/li>\n<li>Valmistajan osanumero: LI4278<\/li>\n<li>Tuetut liit\u00e4nn\u00e4t: USB, RS232, n\u00e4pp\u00e4imist\u00f6kiila, RS485 (IBM)<\/li>\n<\/ul>\n<p>\n <strong><br \/>\n Tuotteen paino:<br \/>\n 0.55 kg<br \/>\n <\/strong>\n <\/p>","protected":false},"excerpt":{"rendered":"<p>The Zebra LI4278 cordless scanner is a linear imager delivering superior 1D barcode scanning performance with a wide data capture range. The built-in rechargeable battery gives your customers\u00a0handheld, cordless scanning<\/p>","protected":false},"featured_media":165253,"template":"","meta":{"_acf_changed":false},"product_brand":[],"product_cat":[5132],"product_tag":[],"class_list":{"0":"post-165257","1":"product","2":"type-product","3":"status-publish","4":"has-post-thumbnail","6":"product_cat-lasare-passersystem","7":"pa_brands-zebra-2","8":"tm-no-options","10":"first","11":"instock","12":"sale","13":"taxable","14":"shipping-taxable","15":"purchasable","16":"product-type-simple"},"acf":[],"_links":{"self":[{"href":"https:\/\/secureus.se\/fi\/wp-json\/wp\/v2\/product\/165257","targetHints":{"allow":["GET"]}}],"collection":[{"href":"https:\/\/secureus.se\/fi\/wp-json\/wp\/v2\/product"}],"about":[{"href":"https:\/\/secureus.se\/fi\/wp-json\/wp\/v2\/types\/product"}],"wp:featuredmedia":[{"embeddable":true,"href":"https:\/\/secureus.se\/fi\/wp-json\/wp\/v2\/media\/165253"}],"wp:attachment":[{"href":"https:\/\/secureus.se\/fi\/wp-json\/wp\/v2\/media?parent=165257"}],"wp:term":[{"taxonomy":"product_brand","embeddable":true,"href":"https:\/\/secureus.se\/fi\/wp-json\/wp\/v2\/product_brand?post=165257"},{"taxonomy":"product_cat","embeddable":true,"href":"https:\/\/secureus.se\/fi\/wp-json\/wp\/v2\/product_cat?post=165257"},{"taxonomy":"product_tag","embeddable":true,"href":"https:\/\/secureus.se\/fi\/wp-json\/wp\/v2\/product_tag?post=165257"}],"curies":[{"name":"wp","href":"https:\/\/api.w.org\/{rel}","templated":true}]}}