{"id":165264,"date":"2026-05-05T14:27:20","date_gmt":"2026-05-05T12:27:20","guid":{"rendered":"https:\/\/secureus.se\/stid-architect-modular-mifare-desfire-bluetooth-keypad-reader\/"},"modified":"2026-05-05T17:21:39","modified_gmt":"2026-05-05T15:21:39","slug":"stid-architect-modular-mifare-desfire-bluetooth-keypad-reader","status":"publish","type":"product","link":"https:\/\/secureus.se\/fi\/stid-architect-modular-mifare-desfire-bluetooth-keypad-reader\/","title":{"rendered":"STid Architect\u00ae Modulaarinen MIFARE\u00ae-, DESFire\u00ae- ja Bluetooth-n\u00e4pp\u00e4imist\u00f6lukija"},"content":{"rendered":"<p>Architect\u00ae Modular -n\u00e4pp\u00e4imist\u00f6lukijan avulla k\u00e4ytt\u00e4j\u00e4t voivat sy\u00f6tt\u00e4\u00e4 koodin ja saada turvallisen p\u00e4\u00e4syn asetuksiinsa. Lukija on s\u00e4\u00e4nkest\u00e4v\u00e4, eritt\u00e4in ilkivallan kest\u00e4v\u00e4 ja sopii erinomaisesti sek\u00e4 sis\u00e4- ett\u00e4 ulkoymp\u00e4rist\u00f6ihin.<\/p>\n<ul>\n<li>Turvallinen RFID- ja NFC HCE -kortinlukija n\u00e4pp\u00e4imist\u00f6ll\u00e4<\/li>\n<li>Suunniteltu kest\u00e4m\u00e4\u00e4n ankaria ulkoymp\u00e4rist\u00f6j\u00e4<\/li>\n<li>Jopa 6 cm:n lukuet\u00e4isyys<\/li>\n<\/ul>\n<p>Valmistajan osanumero: ARC-R31-B\/PH5-3i\/1<\/p>\n<p>\n <strong><br \/>\n Tuotteen paino:<br \/>\n 1,00 kg<br \/>\n <\/strong>\n <\/p>","protected":false},"excerpt":{"rendered":"<p>The Architect\u00ae Modular keypad reader allows users to enter a code and receive secure access to their setting. This reader is weather-resistant, highly resistant to vandalism and ideal for both<\/p>","protected":false},"featured_media":165259,"template":"","meta":{"_acf_changed":false},"product_brand":[],"product_cat":[5132],"product_tag":[],"class_list":{"0":"post-165264","1":"product","2":"type-product","3":"status-publish","4":"has-post-thumbnail","6":"product_cat-lasare-passersystem","7":"tm-no-options","9":"first","10":"instock","11":"sale","12":"taxable","13":"shipping-taxable","14":"purchasable","15":"product-type-simple"},"acf":[],"_links":{"self":[{"href":"https:\/\/secureus.se\/fi\/wp-json\/wp\/v2\/product\/165264","targetHints":{"allow":["GET"]}}],"collection":[{"href":"https:\/\/secureus.se\/fi\/wp-json\/wp\/v2\/product"}],"about":[{"href":"https:\/\/secureus.se\/fi\/wp-json\/wp\/v2\/types\/product"}],"wp:featuredmedia":[{"embeddable":true,"href":"https:\/\/secureus.se\/fi\/wp-json\/wp\/v2\/media\/165259"}],"wp:attachment":[{"href":"https:\/\/secureus.se\/fi\/wp-json\/wp\/v2\/media?parent=165264"}],"wp:term":[{"taxonomy":"product_brand","embeddable":true,"href":"https:\/\/secureus.se\/fi\/wp-json\/wp\/v2\/product_brand?post=165264"},{"taxonomy":"product_cat","embeddable":true,"href":"https:\/\/secureus.se\/fi\/wp-json\/wp\/v2\/product_cat?post=165264"},{"taxonomy":"product_tag","embeddable":true,"href":"https:\/\/secureus.se\/fi\/wp-json\/wp\/v2\/product_tag?post=165264"}],"curies":[{"name":"wp","href":"https:\/\/api.w.org\/{rel}","templated":true}]}}