{"id":165266,"date":"2026-05-05T14:27:29","date_gmt":"2026-05-05T12:27:29","guid":{"rendered":"https:\/\/secureus.se\/honeywell-eclipse-5145-laser-usb-scanner-kit\/"},"modified":"2026-05-05T17:44:49","modified_gmt":"2026-05-05T15:44:49","slug":"honeywell-eclipse-5145-laser-usb-scanner-kit","status":"publish","type":"product","link":"https:\/\/secureus.se\/fi\/honeywell-eclipse-5145-laser-usb-scanner-kit\/","title":{"rendered":"Honeywell Eclipse 5145 Laser USB Scanner Kit"},"content":{"rendered":"<p>Honeywell Eclipse 5145 USB -skanneri on laserpohjainen vaihtoehto CCD-skannereille, ja se sopii t\u00e4ydellisesti 1D-viivakoodien lukemiseen. Huippuluokan skannaustekniikalla ja Honeywellin patentoidulla CodeGate-teknologialla varustettuna asiakkaasi voi helposti kohdistaa haluamansa viivakoodit, ja tiedonsiirto onnistuu yhdell\u00e4 painikkeen painalluksella. T\u00e4m\u00e4n langattoman skannerin pudotustoleranssi on 1,5 metri\u00e4 betoniin, ja siin\u00e4 on yksi skannauslinja. Sen skannausnopeus on 72 skannausta sekunnissa.<\/p>\n<ul>\n<li>Jalusta sis\u00e4ltyy hintaan<\/li>\n<li>Johdollinen 2,9 m:n USB-A-kaapeli<\/li>\n<li>Valmistajan osanumero: 5145<\/li>\n<li>Mitat: 17,5 cm x 6,3 cm x 5,1 cm (K x L x S)<\/li>\n<li>Tuetut liit\u00e4nn\u00e4t: USB, RS232, Keyboard Wedge, IBM 46xx (RS485)<\/li>\n<\/ul>\n<p>\n <strong><br \/>\n Tuotteen paino:<br \/>\n 0,00 kg<br \/>\n <\/strong>\n <\/p>","protected":false},"excerpt":{"rendered":"<p>Perfect for reading 1D barcodes, the Honeywell Eclipse 5145 USB scanner is a laser-based alternative to CCD scanners. Equipped with state-of-the-art scanning technology and featuring Honeywell\u2019s patented CodeGate technology, your<\/p>","protected":false},"featured_media":165265,"template":"","meta":{"_acf_changed":false},"product_brand":[],"product_cat":[5132],"product_tag":[],"class_list":{"0":"post-165266","1":"product","2":"type-product","3":"status-publish","4":"has-post-thumbnail","6":"product_cat-lasare-passersystem","7":"pa_brands-honeywell","8":"tm-no-options","10":"first","11":"outofstock","12":"sale","13":"taxable","14":"shipping-taxable","15":"purchasable","16":"product-type-simple"},"acf":[],"_links":{"self":[{"href":"https:\/\/secureus.se\/fi\/wp-json\/wp\/v2\/product\/165266","targetHints":{"allow":["GET"]}}],"collection":[{"href":"https:\/\/secureus.se\/fi\/wp-json\/wp\/v2\/product"}],"about":[{"href":"https:\/\/secureus.se\/fi\/wp-json\/wp\/v2\/types\/product"}],"wp:featuredmedia":[{"embeddable":true,"href":"https:\/\/secureus.se\/fi\/wp-json\/wp\/v2\/media\/165265"}],"wp:attachment":[{"href":"https:\/\/secureus.se\/fi\/wp-json\/wp\/v2\/media?parent=165266"}],"wp:term":[{"taxonomy":"product_brand","embeddable":true,"href":"https:\/\/secureus.se\/fi\/wp-json\/wp\/v2\/product_brand?post=165266"},{"taxonomy":"product_cat","embeddable":true,"href":"https:\/\/secureus.se\/fi\/wp-json\/wp\/v2\/product_cat?post=165266"},{"taxonomy":"product_tag","embeddable":true,"href":"https:\/\/secureus.se\/fi\/wp-json\/wp\/v2\/product_tag?post=165266"}],"curies":[{"name":"wp","href":"https:\/\/api.w.org\/{rel}","templated":true}]}}