{"id":165271,"date":"2026-05-05T14:27:20","date_gmt":"2026-05-05T12:27:20","guid":{"rendered":"https:\/\/secureus.se\/stid-architect-modular-mifare-desfire-touchscreen-reader\/"},"modified":"2026-05-05T17:48:38","modified_gmt":"2026-05-05T15:48:38","slug":"stid-architect-modular-mifare-desfire-touchscreen-reader","status":"publish","type":"product","link":"https:\/\/secureus.se\/fi\/stid-architect-modular-mifare-desfire-touchscreen-reader\/","title":{"rendered":"STid Architect\u00ae Modular MIFARE\u00ae &amp; DESFire\u00ae Touchscreen Reader"},"content":{"rendered":"<p>STid Architect\u00ae Modular -kosketusn\u00e4yt\u00f6nlukijassa on v\u00e4rillinen kosketusn\u00e4ytt\u00f6 n\u00e4pp\u00e4imist\u00f6n tai lis\u00e4tietojen n\u00e4ytt\u00e4miseen. Lukijassa on my\u00f6s n\u00e4pp\u00e4imist\u00f6n salaustoiminto turvallisuuden parantamiseksi. T\u00e4m\u00e4 salaustila sekoittaa n\u00e4yt\u00f6n numerot satunnaisesti, est\u00e4en varastamat p\u00e4\u00e4sykoodit ja parantaen turvallisuutta.<\/p>\n<ul>\n<li>Turvallinen RFID- ja NFC-HCE-lukija v\u00e4rillisell\u00e4 kosketusn\u00e4yt\u00f6ll\u00e4 n\u00e4pp\u00e4imist\u00f6\u00e4 varten<\/li>\n<li>Sis\u00e4lt\u00e4\u00e4 turvallisen &quot;sekoitusalustan&quot; toiminnon<\/li>\n<li>Jopa 4 cm:n lukuet\u00e4isyys<\/li>\n<\/ul>\n<p>Valmistajan osanumero: ARC-R31-C\/PH5-3i\/1<\/p>\n<p>\n <strong><br \/>\n Tuotteen paino:<br \/>\n 1,00 kg<br \/>\n <\/strong>\n <\/p>\n<p>\n <strong>Hinta alkaen 372,00 \u20ac<\/strong>\n <\/p>","protected":false},"excerpt":{"rendered":"<p>The STid Architect\u00ae Modular touchscreen reader contains a colour touch screen to display a keypad or additional information. The reader also contains a \u2018scramble pad\u2019 function for the keypad to<\/p>","protected":false},"featured_media":165267,"template":"","meta":{"_acf_changed":false},"product_brand":[],"product_cat":[5132],"product_tag":[],"class_list":{"0":"post-165271","1":"product","2":"type-product","3":"status-publish","4":"has-post-thumbnail","6":"product_cat-lasare-passersystem","7":"pa_brands-stid","8":"tm-no-options","10":"first","11":"outofstock","12":"sale","13":"taxable","14":"shipping-taxable","15":"purchasable","16":"product-type-simple"},"acf":[],"_links":{"self":[{"href":"https:\/\/secureus.se\/fi\/wp-json\/wp\/v2\/product\/165271","targetHints":{"allow":["GET"]}}],"collection":[{"href":"https:\/\/secureus.se\/fi\/wp-json\/wp\/v2\/product"}],"about":[{"href":"https:\/\/secureus.se\/fi\/wp-json\/wp\/v2\/types\/product"}],"wp:featuredmedia":[{"embeddable":true,"href":"https:\/\/secureus.se\/fi\/wp-json\/wp\/v2\/media\/165267"}],"wp:attachment":[{"href":"https:\/\/secureus.se\/fi\/wp-json\/wp\/v2\/media?parent=165271"}],"wp:term":[{"taxonomy":"product_brand","embeddable":true,"href":"https:\/\/secureus.se\/fi\/wp-json\/wp\/v2\/product_brand?post=165271"},{"taxonomy":"product_cat","embeddable":true,"href":"https:\/\/secureus.se\/fi\/wp-json\/wp\/v2\/product_cat?post=165271"},{"taxonomy":"product_tag","embeddable":true,"href":"https:\/\/secureus.se\/fi\/wp-json\/wp\/v2\/product_tag?post=165271"}],"curies":[{"name":"wp","href":"https:\/\/api.w.org\/{rel}","templated":true}]}}