{"id":165273,"date":"2026-05-05T14:27:29","date_gmt":"2026-05-05T12:27:29","guid":{"rendered":"https:\/\/secureus.se\/hid-omnikey-3121-smart-card-reader-r31210320-01\/"},"modified":"2026-05-05T17:10:46","modified_gmt":"2026-05-05T15:10:46","slug":"hid-omnikey-3121-smart-card-reader-r31210320-01","status":"publish","type":"product","link":"https:\/\/secureus.se\/fi\/hid-omnikey-3121-smart-card-reader-r31210320-01\/","title":{"rendered":"HID Omnikey 3121 -\u00e4lykortinlukija R31210320-01"},"content":{"rendered":"<p>HID Omnikey 3121 -\u00e4lykortinlukija on tehokas kortinlukija ty\u00f6p\u00f6yt\u00e4k\u00e4ytt\u00f6\u00f6n, ja se on saatavana erilaisilla jalustavaihtoehdoilla sek\u00e4 pystysuoraan ett\u00e4 vaakasuoraan k\u00e4ytt\u00f6\u00f6n. T\u00e4m\u00e4 helposti asennettava USB-kortinlukija sopii kaikkeen kontaktittomaan korttik\u00e4ytt\u00f6\u00f6n ja toimitetaan kiinnitystelineell\u00e4 (esim. tietokoneen n\u00e4ytt\u00f6\u00f6n).<\/p>\n<ul>\n<li>Kest\u00e4v\u00e4 kotelo ja pitk\u00e4 USB-kaapeli<\/li>\n<li>Nopea tiedonsiirto<\/li>\n<li>Kaikki t\u00e4rkeimm\u00e4t k\u00e4ytt\u00f6j\u00e4rjestelm\u00e4t tuettuja<\/li>\n<li>Valmistajan osanumero: R31210320-01<\/li>\n<\/ul>\n<p>\n <strong><br \/>\n Tuotteen paino:<br \/>\n 0,20 kg<br \/>\n <\/strong>\n <\/p>","protected":false},"excerpt":{"rendered":"<p>The HID Omnikey 3121 Smart Card Reader is a high-performance\u00a0card reader for desktop use and comes with different standing base options for both vertical and horizontal use. This easy-to-install USB<\/p>","protected":false},"featured_media":165272,"template":"","meta":{"_acf_changed":false},"product_brand":[],"product_cat":[5132],"product_tag":[],"class_list":{"0":"post-165273","1":"product","2":"type-product","3":"status-publish","4":"has-post-thumbnail","6":"product_cat-lasare-passersystem","7":"tm-no-options","9":"first","10":"instock","11":"sale","12":"taxable","13":"shipping-taxable","14":"purchasable","15":"product-type-simple"},"acf":[],"_links":{"self":[{"href":"https:\/\/secureus.se\/fi\/wp-json\/wp\/v2\/product\/165273","targetHints":{"allow":["GET"]}}],"collection":[{"href":"https:\/\/secureus.se\/fi\/wp-json\/wp\/v2\/product"}],"about":[{"href":"https:\/\/secureus.se\/fi\/wp-json\/wp\/v2\/types\/product"}],"wp:featuredmedia":[{"embeddable":true,"href":"https:\/\/secureus.se\/fi\/wp-json\/wp\/v2\/media\/165272"}],"wp:attachment":[{"href":"https:\/\/secureus.se\/fi\/wp-json\/wp\/v2\/media?parent=165273"}],"wp:term":[{"taxonomy":"product_brand","embeddable":true,"href":"https:\/\/secureus.se\/fi\/wp-json\/wp\/v2\/product_brand?post=165273"},{"taxonomy":"product_cat","embeddable":true,"href":"https:\/\/secureus.se\/fi\/wp-json\/wp\/v2\/product_cat?post=165273"},{"taxonomy":"product_tag","embeddable":true,"href":"https:\/\/secureus.se\/fi\/wp-json\/wp\/v2\/product_tag?post=165273"}],"curies":[{"name":"wp","href":"https:\/\/api.w.org\/{rel}","templated":true}]}}