{"id":165279,"date":"2026-05-05T14:27:29","date_gmt":"2026-05-05T12:27:29","guid":{"rendered":"https:\/\/secureus.se\/msr100-usb-magnetic-card-swipe-reader\/"},"modified":"2026-05-05T17:44:56","modified_gmt":"2026-05-05T15:44:56","slug":"msr100-usb-magnetic-card-swipe-reader","status":"publish","type":"product","link":"https:\/\/secureus.se\/fi\/msr100-usb-magnetic-card-swipe-reader\/","title":{"rendered":"MSR100 USB-magneettikortinlukija"},"content":{"rendered":"<p>Monipuolinen plug and play -tyyppinen MSR100 USB-magneettikortinlukijamme on tarkoitettu myyntipisteisiin, tiedonkeruuseen ja kulunvalvontaan. Se on kaksisuuntainen ja saa virtansa USB:st\u00e4.<\/p>\n<ul>\n<li>P\u00e4\u00e4n k\u00e4ytt\u00f6ik\u00e4 noin 300 000 sy\u00f6tt\u00f6kertaa.<\/li>\n<li>\u00a0Lukee jopa 3 dataraitaa, esim. dekoodausta\/koodausta varten.<\/li>\n<li>Tarkistaa jopa 3 dataraitaa samanaikaisesti.<\/li>\n<\/ul>\n<p>\n <strong><br \/>\n Tuotteen paino:<br \/>\n 0,13 kg<br \/>\n <\/strong>\n <\/p>","protected":false},"excerpt":{"rendered":"<p>Our versatile plug and play MSR100 USB Magnetic Card Swipe Reader is used for point of sale, data collection and access control. It is bi-directional and USB-powered. Lifespan of head<\/p>","protected":false},"featured_media":165278,"template":"","meta":{"_acf_changed":false},"product_brand":[],"product_cat":[5132],"product_tag":[],"class_list":{"0":"post-165279","1":"product","2":"type-product","3":"status-publish","4":"has-post-thumbnail","6":"product_cat-lasare-passersystem","7":"pa_brands-msr","8":"tm-no-options","10":"first","11":"instock","12":"sale","13":"taxable","14":"shipping-taxable","15":"purchasable","16":"product-type-simple"},"acf":[],"_links":{"self":[{"href":"https:\/\/secureus.se\/fi\/wp-json\/wp\/v2\/product\/165279","targetHints":{"allow":["GET"]}}],"collection":[{"href":"https:\/\/secureus.se\/fi\/wp-json\/wp\/v2\/product"}],"about":[{"href":"https:\/\/secureus.se\/fi\/wp-json\/wp\/v2\/types\/product"}],"wp:featuredmedia":[{"embeddable":true,"href":"https:\/\/secureus.se\/fi\/wp-json\/wp\/v2\/media\/165278"}],"wp:attachment":[{"href":"https:\/\/secureus.se\/fi\/wp-json\/wp\/v2\/media?parent=165279"}],"wp:term":[{"taxonomy":"product_brand","embeddable":true,"href":"https:\/\/secureus.se\/fi\/wp-json\/wp\/v2\/product_brand?post=165279"},{"taxonomy":"product_cat","embeddable":true,"href":"https:\/\/secureus.se\/fi\/wp-json\/wp\/v2\/product_cat?post=165279"},{"taxonomy":"product_tag","embeddable":true,"href":"https:\/\/secureus.se\/fi\/wp-json\/wp\/v2\/product_tag?post=165279"}],"curies":[{"name":"wp","href":"https:\/\/api.w.org\/{rel}","templated":true}]}}