{"id":165296,"date":"2026-05-05T14:27:28","date_gmt":"2026-05-05T12:27:28","guid":{"rendered":"https:\/\/secureus.se\/kantech-ioprox-reader-mullion-xsf-format-p225xsf\/"},"modified":"2026-05-05T17:45:08","modified_gmt":"2026-05-05T15:45:08","slug":"kantech-ioprox-reader-mullion-xsf-format-p225xsf","status":"publish","type":"product","link":"https:\/\/secureus.se\/fi\/kantech-ioprox-reader-mullion-xsf-format-p225xsf\/","title":{"rendered":"Kantech ioProx -lukija Mullion XSF -muodossa P225XSF"},"content":{"rendered":"<p>Saat parhaan digitaalisen signaalink\u00e4sittelyn Kantech ioProx Reader Mullion XSF Format P225XSF:ll\u00e4. Se tarjoaa sinulle nopean ja luotettavan korttien lukemisen. Se on yhteensopiva Wiegand-et\u00e4isyyskorttien kanssa.<\/p>\n<ul>\n<li>Vedenpit\u00e4v\u00e4.<\/li>\n<li>Kantech XSF -kortteihin voidaan koodata yli nelj\u00e4 miljardia yksil\u00f6llist\u00e4 koodia.<\/li>\n<li>Lukuet\u00e4isyys jopa 73 cm.<\/li>\n<\/ul>\n<p>\n <strong><br \/>\n Tuotteen paino:<br \/>\n 0,20 kg<br \/>\n <\/strong>\n <\/p>","protected":false},"excerpt":{"rendered":"<p>Saat parhaan digitaalisen signaalink\u00e4sittelyn Kantech ioProx Reader Mullion XSF Format P225XSF:ll\u00e4. Se tarjoaa sinulle nopean ja luotettavan korttien lukemisen. Se on yhteensopiva Wiegand-et\u00e4isyyskorttien kanssa.<\/p>","protected":false},"featured_media":165287,"template":"","meta":{"_acf_changed":false},"product_brand":[],"product_cat":[5132],"product_tag":[],"class_list":{"0":"post-165296","1":"product","2":"type-product","3":"status-publish","4":"has-post-thumbnail","6":"product_cat-lasare-passersystem","7":"pa_brands-kantech","8":"tm-no-options","10":"first","11":"outofstock","12":"sale","13":"taxable","14":"shipping-taxable","15":"purchasable","16":"product-type-simple"},"acf":[],"_links":{"self":[{"href":"https:\/\/secureus.se\/fi\/wp-json\/wp\/v2\/product\/165296","targetHints":{"allow":["GET"]}}],"collection":[{"href":"https:\/\/secureus.se\/fi\/wp-json\/wp\/v2\/product"}],"about":[{"href":"https:\/\/secureus.se\/fi\/wp-json\/wp\/v2\/types\/product"}],"wp:featuredmedia":[{"embeddable":true,"href":"https:\/\/secureus.se\/fi\/wp-json\/wp\/v2\/media\/165287"}],"wp:attachment":[{"href":"https:\/\/secureus.se\/fi\/wp-json\/wp\/v2\/media?parent=165296"}],"wp:term":[{"taxonomy":"product_brand","embeddable":true,"href":"https:\/\/secureus.se\/fi\/wp-json\/wp\/v2\/product_brand?post=165296"},{"taxonomy":"product_cat","embeddable":true,"href":"https:\/\/secureus.se\/fi\/wp-json\/wp\/v2\/product_cat?post=165296"},{"taxonomy":"product_tag","embeddable":true,"href":"https:\/\/secureus.se\/fi\/wp-json\/wp\/v2\/product_tag?post=165296"}],"curies":[{"name":"wp","href":"https:\/\/api.w.org\/{rel}","templated":true}]}}