{"id":165299,"date":"2026-05-05T14:27:28","date_gmt":"2026-05-05T12:27:28","guid":{"rendered":"https:\/\/secureus.se\/hid-proxpoint-plus-readers-with-18inch-pigtail-6005bgb00\/"},"modified":"2026-05-05T17:10:51","modified_gmt":"2026-05-05T15:10:51","slug":"hid-proxpoint-plus-readers-with-18inch-pigtail-6005bgb00","status":"publish","type":"product","link":"https:\/\/secureus.se\/fi\/hid-proxpoint-plus-readers-with-18inch-pigtail-6005bgb00\/","title":{"rendered":"HiD ProxPoint Plus Readers with 18inch Pigtail 6005BGB00"},"content":{"rendered":"<p>Our HID&#8217;s ProxPoint Plus reader combines multiple configuration options with an attractive, inconspicuous design and economical price. Its secure potted electronics are ideal for both indoor and outdoor applications.<\/p>\n<ul>\n<li>125 kHz:n minikokoinen esteett\u00f6myyslukija\/<\/li>\n<li>Pienikokoinen ja edullinen lukija, jossa on piippari ja moniv\u00e4rinen LED-valo, jota voidaan ohjata is\u00e4nn\u00f6id\u00e4 ja\/tai paikallisesti.<\/li>\n<li>18&#8243; (45 cm) wire pigtail standard; consult Digital ID for prices on 9&#8242; (2.7 m) pigtail available by special order.<\/li>\n<li>Ruukkukasettilukija, joka sopii sis\u00e4- tai ulkok\u00e4ytt\u00f6\u00f6n.<\/li>\n<\/ul>\n<p>\n <strong><br \/>\n Tuotteen paino:<br \/>\n 0,12 kg<br \/>\n <\/strong>\n <\/p>","protected":false},"excerpt":{"rendered":"<p>Our HID&#8217;s ProxPoint Plus reader combines multiple configuration options with an attractive, inconspicuous design and economical price. Its secure potted electronics are ideal for both indoor and outdoor applications. 125<\/p>","protected":false},"featured_media":165298,"template":"","meta":{"_acf_changed":false},"product_brand":[],"product_cat":[5132],"product_tag":[],"class_list":{"0":"post-165299","1":"product","2":"type-product","3":"status-publish","4":"has-post-thumbnail","6":"product_cat-lasare-passersystem","7":"tm-no-options","9":"first","10":"outofstock","11":"sale","12":"taxable","13":"shipping-taxable","14":"purchasable","15":"product-type-simple"},"acf":[],"_links":{"self":[{"href":"https:\/\/secureus.se\/fi\/wp-json\/wp\/v2\/product\/165299","targetHints":{"allow":["GET"]}}],"collection":[{"href":"https:\/\/secureus.se\/fi\/wp-json\/wp\/v2\/product"}],"about":[{"href":"https:\/\/secureus.se\/fi\/wp-json\/wp\/v2\/types\/product"}],"wp:featuredmedia":[{"embeddable":true,"href":"https:\/\/secureus.se\/fi\/wp-json\/wp\/v2\/media\/165298"}],"wp:attachment":[{"href":"https:\/\/secureus.se\/fi\/wp-json\/wp\/v2\/media?parent=165299"}],"wp:term":[{"taxonomy":"product_brand","embeddable":true,"href":"https:\/\/secureus.se\/fi\/wp-json\/wp\/v2\/product_brand?post=165299"},{"taxonomy":"product_cat","embeddable":true,"href":"https:\/\/secureus.se\/fi\/wp-json\/wp\/v2\/product_cat?post=165299"},{"taxonomy":"product_tag","embeddable":true,"href":"https:\/\/secureus.se\/fi\/wp-json\/wp\/v2\/product_tag?post=165299"}],"curies":[{"name":"wp","href":"https:\/\/api.w.org\/{rel}","templated":true}]}}