{"id":165303,"date":"2026-05-05T14:27:19","date_gmt":"2026-05-05T12:27:19","guid":{"rendered":"https:\/\/secureus.se\/hid-signo-40-t2-high-frequency-reader-terminal-connection\/"},"modified":"2026-05-05T17:48:55","modified_gmt":"2026-05-05T15:48:55","slug":"hid-signo-40-t2-high-frequency-reader-terminal-connection","status":"publish","type":"product","link":"https:\/\/secureus.se\/fi\/hid-signo-40-t2-high-frequency-reader-terminal-connection\/","title":{"rendered":"HID\u00ae Signo\u2122 40 T2 High-Frequency Reader &#8211; Terminal Connection"},"content":{"rendered":"<p>HID Signo 40 -lukija on suunniteltu ammattimaiseen kulunvalvontaan, jota hallitaan HID Mobile Access\u00ae -j\u00e4rjestelm\u00e4n kautta. T\u00e4m\u00e4 helposti sein\u00e4kytkimeen asennettava kontaktiton lukija mahdollistaa helpon kulunvalvonnan siirron 2,4 GHz:n ja 13,56 MHz:n taajuuksilla:<\/p>\n<ul>\n<li>HID iCLASS Seos\u00ae -laitteet<\/li>\n<li>HID iCLASS, HID iCLASS SE\u00ae, HID CEPAS<\/li>\n<li>HID MIFARE\u2122 Classic, HID MIFARE\u2122 DESFire\u2122<\/li>\n<\/ul>\n<p>Liitinliit\u00e4nt\u00e4<\/p>\n<p>Valmistajan osanumero: 40TKS-T2-000000<\/p>\n<p>\n <strong><br \/>\n Tuotteen paino:<br \/>\n 0,50 kg<br \/>\n <\/strong>\n <\/p>\n<p>\n <strong>Hinta alkaen 228,00 \u20ac<\/strong>\n <\/p>","protected":false},"excerpt":{"rendered":"<p>The HID Signo 40 Reader is designed for professional access control managed via HID Mobile Access\u00ae. Easy to install over a wall switch box, this contactless reader enables easy access<\/p>","protected":false},"featured_media":165300,"template":"","meta":{"_acf_changed":false},"product_brand":[],"product_cat":[5132],"product_tag":[],"class_list":{"0":"post-165303","1":"product","2":"type-product","3":"status-publish","4":"has-post-thumbnail","6":"product_cat-lasare-passersystem","7":"pa_brands-hid","8":"tm-no-options","10":"first","11":"instock","12":"sale","13":"taxable","14":"shipping-taxable","15":"purchasable","16":"product-type-simple"},"acf":[],"_links":{"self":[{"href":"https:\/\/secureus.se\/fi\/wp-json\/wp\/v2\/product\/165303","targetHints":{"allow":["GET"]}}],"collection":[{"href":"https:\/\/secureus.se\/fi\/wp-json\/wp\/v2\/product"}],"about":[{"href":"https:\/\/secureus.se\/fi\/wp-json\/wp\/v2\/types\/product"}],"wp:featuredmedia":[{"embeddable":true,"href":"https:\/\/secureus.se\/fi\/wp-json\/wp\/v2\/media\/165300"}],"wp:attachment":[{"href":"https:\/\/secureus.se\/fi\/wp-json\/wp\/v2\/media?parent=165303"}],"wp:term":[{"taxonomy":"product_brand","embeddable":true,"href":"https:\/\/secureus.se\/fi\/wp-json\/wp\/v2\/product_brand?post=165303"},{"taxonomy":"product_cat","embeddable":true,"href":"https:\/\/secureus.se\/fi\/wp-json\/wp\/v2\/product_cat?post=165303"},{"taxonomy":"product_tag","embeddable":true,"href":"https:\/\/secureus.se\/fi\/wp-json\/wp\/v2\/product_tag?post=165303"}],"curies":[{"name":"wp","href":"https:\/\/api.w.org\/{rel}","templated":true}]}}